{"id":56,"date":"2025-04-15T16:47:15","date_gmt":"2025-04-15T16:47:15","guid":{"rendered":"https:\/\/garant.vn\/?page_id=56"},"modified":"2025-04-22T05:16:13","modified_gmt":"2025-04-22T05:16:13","slug":"tin-tuc","status":"publish","type":"page","link":"https:\/\/garant.vn\/?page_id=56","title":{"rendered":"Tin T\u1ee9c"},"content":{"rendered":"\t\t<div data-elementor-type=\"wp-page\" data-elementor-id=\"56\" class=\"elementor elementor-56\" data-elementor-post-type=\"page\">\n\t\t\t\t<div class=\"elementor-element elementor-element-ddbbb11 e-flex e-con-boxed e-con e-parent\" data-id=\"ddbbb11\" data-element_type=\"container\" data-settings=\"{&quot;background_background&quot;:&quot;gradient&quot;}\">\n\t\t\t\t\t<div class=\"e-con-inner\">\n\t\t\t\t<div class=\"elementor-element elementor-element-33f0736 elementor-widget elementor-widget-text-editor\" data-id=\"33f0736\" data-element_type=\"widget\" data-widget_type=\"text-editor.default\">\n\t\t\t\t<div class=\"elementor-widget-container\">\n\t\t\t\t\t\t\t\t\t<h1><span style=\"color: #ffffff;\">Tin T\u1ee9c v\u00e0 S\u1ef1 Ki\u1ec7n<\/span><\/h1><p>C\u1eadp nh\u1eadt nh\u1eefng th\u00f4ng tin m\u1edbi nh\u1ea5t v\u1ec1 s\u1ea3n ph\u1ea9m, c\u00f4ng ngh\u1ec7 v\u00e0 s\u1ef1 ki\u1ec7n.<br \/>Garant &#8211; th\u01b0\u01a1ng hi\u1ec7u d\u1ee5ng c\u1ee5 chuy\u00ean nghi\u1ec7p h\u00e0ng \u0111\u1ea7u.<\/p>\t\t\t\t\t\t\t\t<\/div>\n\t\t\t\t<\/div>\n\t\t\t\t\t<\/div>\n\t\t\t\t<\/div>\n\t\t<div class=\"elementor-element elementor-element-9734144 e-flex e-con-boxed e-con e-parent\" data-id=\"9734144\" data-element_type=\"container\">\n\t\t\t\t\t<div class=\"e-con-inner\">\n\t\t\t\t<div class=\"elementor-element elementor-element-b84e944 elementor-widget elementor-widget-spacer\" data-id=\"b84e944\" data-element_type=\"widget\" data-widget_type=\"spacer.default\">\n\t\t\t\t<div class=\"elementor-widget-container\">\n\t\t\t\t\t\t\t<div class=\"elementor-spacer\">\n\t\t\t<div class=\"elementor-spacer-inner\"><\/div>\n\t\t<\/div>\n\t\t\t\t\t\t<\/div>\n\t\t\t\t<\/div>\n\t\t\t\t\t<\/div>\n\t\t\t\t<\/div>\n\t\t<div class=\"elementor-element elementor-element-b40462c e-flex e-con-boxed e-con e-parent\" data-id=\"b40462c\" data-element_type=\"container\">\n\t\t\t\t\t<div class=\"e-con-inner\">\n\t\t\t\t<div class=\"elementor-element elementor-element-3a2e370 elementor-grid-3 elementor-grid-tablet-2 elementor-grid-mobile-1 elementor-posts--thumbnail-top elementor-widget elementor-widget-posts\" data-id=\"3a2e370\" data-element_type=\"widget\" data-settings=\"{&quot;pagination_type&quot;:&quot;numbers&quot;,&quot;classic_columns&quot;:&quot;3&quot;,&quot;classic_columns_tablet&quot;:&quot;2&quot;,&quot;classic_columns_mobile&quot;:&quot;1&quot;,&quot;classic_row_gap&quot;:{&quot;unit&quot;:&quot;px&quot;,&quot;size&quot;:35,&quot;sizes&quot;:[]},&quot;classic_row_gap_tablet&quot;:{&quot;unit&quot;:&quot;px&quot;,&quot;size&quot;:&quot;&quot;,&quot;sizes&quot;:[]},&quot;classic_row_gap_mobile&quot;:{&quot;unit&quot;:&quot;px&quot;,&quot;size&quot;:&quot;&quot;,&quot;sizes&quot;:[]}}\" data-widget_type=\"posts.classic\">\n\t\t\t\t<div class=\"elementor-widget-container\">\n\t\t\t\t\t\t\t<div class=\"elementor-posts-container elementor-posts elementor-posts--skin-classic elementor-grid\">\n\t\t\t\t<article class=\"elementor-post elementor-grid-item post-2905 post type-post status-publish format-standard has-post-thumbnail hentry category-uncategorized\">\n\t\t\t\t<a class=\"elementor-post__thumbnail__link\" href=\"https:\/\/garant.vn\/?p=2905\" tabindex=\"-1\" >\n\t\t\t<div class=\"elementor-post__thumbnail\"><img fetchpriority=\"high\" decoding=\"async\" width=\"300\" height=\"300\" src=\"https:\/\/garant.vn\/wp-content\/uploads\/2025\/04\/ChatGPT-Image-Apr-18-2025-11_56_13-PM-300x300.png\" class=\"attachment-medium size-medium wp-image-2887\" alt=\"\" srcset=\"https:\/\/garant.vn\/wp-content\/uploads\/2025\/04\/ChatGPT-Image-Apr-18-2025-11_56_13-PM-300x300.png 300w, https:\/\/garant.vn\/wp-content\/uploads\/2025\/04\/ChatGPT-Image-Apr-18-2025-11_56_13-PM-150x150.png 150w, https:\/\/garant.vn\/wp-content\/uploads\/2025\/04\/ChatGPT-Image-Apr-18-2025-11_56_13-PM-768x768.png 768w, https:\/\/garant.vn\/wp-content\/uploads\/2025\/04\/ChatGPT-Image-Apr-18-2025-11_56_13-PM-600x600.png 600w, https:\/\/garant.vn\/wp-content\/uploads\/2025\/04\/ChatGPT-Image-Apr-18-2025-11_56_13-PM-100x100.png 100w, https:\/\/garant.vn\/wp-content\/uploads\/2025\/04\/ChatGPT-Image-Apr-18-2025-11_56_13-PM.png 1024w\" sizes=\"(max-width: 300px) 100vw, 300px\" \/><\/div>\n\t\t<\/a>\n\t\t\t\t<div class=\"elementor-post__text\">\n\t\t\t\t<h3 class=\"elementor-post__title\">\n\t\t\t<a href=\"https:\/\/garant.vn\/?p=2905\" >\n\t\t\t\tT\u1ea1i sao ng\u01b0\u1eddi th\u1ee3 gi\u1ecfi lu\u00f4n ch\u1ecdn d\u1ee5ng c\u1ee5 t\u1ed1t? \u2013 C\u00e2u chuy\u1ec7n th\u00e0nh c\u00f4ng b\u1eaft \u0111\u1ea7u t\u1eeb GARANT\t\t\t<\/a>\n\t\t<\/h3>\n\t\t\t\t<div class=\"elementor-post__meta-data\">\n\t\t\t\t\t<span class=\"elementor-post-date\">\n\t\t\tApril 18, 2025\t\t<\/span>\n\t\t\t\t<span class=\"elementor-post-avatar\">\n\t\t\tNo Comments\t\t<\/span>\n\t\t\t\t<\/div>\n\t\t\n\t\t<a class=\"elementor-post__read-more\" href=\"https:\/\/garant.vn\/?p=2905\" aria-label=\"Read more about T\u1ea1i sao ng\u01b0\u1eddi th\u1ee3 gi\u1ecfi lu\u00f4n ch\u1ecdn d\u1ee5ng c\u1ee5 t\u1ed1t? \u2013 C\u00e2u chuy\u1ec7n th\u00e0nh c\u00f4ng b\u1eaft \u0111\u1ea7u t\u1eeb GARANT\" tabindex=\"-1\" >\n\t\t\tXem th\u00eam \u00bb\t\t<\/a>\n\n\t\t\t\t<\/div>\n\t\t\t\t<\/article>\n\t\t\t\t<article class=\"elementor-post elementor-grid-item post-2898 post type-post status-publish format-standard has-post-thumbnail hentry category-uncategorized\">\n\t\t\t\t<a class=\"elementor-post__thumbnail__link\" href=\"https:\/\/garant.vn\/?p=2898\" tabindex=\"-1\" >\n\t\t\t<div class=\"elementor-post__thumbnail\"><img decoding=\"async\" width=\"300\" height=\"300\" src=\"https:\/\/garant.vn\/wp-content\/uploads\/2025\/04\/ChatGPT-Image-Apr-19-2025-12_06_47-AM-300x300.png\" class=\"attachment-medium size-medium wp-image-2899\" alt=\"\" srcset=\"https:\/\/garant.vn\/wp-content\/uploads\/2025\/04\/ChatGPT-Image-Apr-19-2025-12_06_47-AM-300x300.png 300w, https:\/\/garant.vn\/wp-content\/uploads\/2025\/04\/ChatGPT-Image-Apr-19-2025-12_06_47-AM-150x150.png 150w, https:\/\/garant.vn\/wp-content\/uploads\/2025\/04\/ChatGPT-Image-Apr-19-2025-12_06_47-AM-768x768.png 768w, https:\/\/garant.vn\/wp-content\/uploads\/2025\/04\/ChatGPT-Image-Apr-19-2025-12_06_47-AM-600x600.png 600w, https:\/\/garant.vn\/wp-content\/uploads\/2025\/04\/ChatGPT-Image-Apr-19-2025-12_06_47-AM-100x100.png 100w, https:\/\/garant.vn\/wp-content\/uploads\/2025\/04\/ChatGPT-Image-Apr-19-2025-12_06_47-AM.png 1024w\" sizes=\"(max-width: 300px) 100vw, 300px\" \/><\/div>\n\t\t<\/a>\n\t\t\t\t<div class=\"elementor-post__text\">\n\t\t\t\t<h3 class=\"elementor-post__title\">\n\t\t\t<a href=\"https:\/\/garant.vn\/?p=2898\" >\n\t\t\t\tC\u00e1ch t\u00ednh to\u00e1n v\u00e0 ch\u1ecdn \u0111\u00fang d\u1ee5ng c\u1ee5 GARANT gi\u00fap t\u1ed1i \u01b0u chi ph\u00ed s\u1ea3n xu\u1ea5t\t\t\t<\/a>\n\t\t<\/h3>\n\t\t\t\t<div class=\"elementor-post__meta-data\">\n\t\t\t\t\t<span class=\"elementor-post-date\">\n\t\t\tApril 18, 2025\t\t<\/span>\n\t\t\t\t<span class=\"elementor-post-avatar\">\n\t\t\tNo Comments\t\t<\/span>\n\t\t\t\t<\/div>\n\t\t\n\t\t<a class=\"elementor-post__read-more\" href=\"https:\/\/garant.vn\/?p=2898\" aria-label=\"Read more about C\u00e1ch t\u00ednh to\u00e1n v\u00e0 ch\u1ecdn \u0111\u00fang d\u1ee5ng c\u1ee5 GARANT gi\u00fap t\u1ed1i \u01b0u chi ph\u00ed s\u1ea3n xu\u1ea5t\" tabindex=\"-1\" >\n\t\t\tXem th\u00eam \u00bb\t\t<\/a>\n\n\t\t\t\t<\/div>\n\t\t\t\t<\/article>\n\t\t\t\t<article class=\"elementor-post elementor-grid-item post-2889 post type-post status-publish format-standard has-post-thumbnail hentry category-uncategorized\">\n\t\t\t\t<a class=\"elementor-post__thumbnail__link\" href=\"https:\/\/garant.vn\/?p=2889\" tabindex=\"-1\" >\n\t\t\t<div class=\"elementor-post__thumbnail\"><img decoding=\"async\" width=\"300\" height=\"300\" src=\"https:\/\/garant.vn\/wp-content\/uploads\/2025\/04\/ChatGPT-Image-Apr-18-2025-11_59_24-PM-300x300.png\" class=\"attachment-medium size-medium wp-image-2890\" alt=\"\" srcset=\"https:\/\/garant.vn\/wp-content\/uploads\/2025\/04\/ChatGPT-Image-Apr-18-2025-11_59_24-PM-300x300.png 300w, https:\/\/garant.vn\/wp-content\/uploads\/2025\/04\/ChatGPT-Image-Apr-18-2025-11_59_24-PM-150x150.png 150w, https:\/\/garant.vn\/wp-content\/uploads\/2025\/04\/ChatGPT-Image-Apr-18-2025-11_59_24-PM-768x768.png 768w, https:\/\/garant.vn\/wp-content\/uploads\/2025\/04\/ChatGPT-Image-Apr-18-2025-11_59_24-PM-600x600.png 600w, https:\/\/garant.vn\/wp-content\/uploads\/2025\/04\/ChatGPT-Image-Apr-18-2025-11_59_24-PM-100x100.png 100w, https:\/\/garant.vn\/wp-content\/uploads\/2025\/04\/ChatGPT-Image-Apr-18-2025-11_59_24-PM.png 1024w\" sizes=\"(max-width: 300px) 100vw, 300px\" \/><\/div>\n\t\t<\/a>\n\t\t\t\t<div class=\"elementor-post__text\">\n\t\t\t\t<h3 class=\"elementor-post__title\">\n\t\t\t<a href=\"https:\/\/garant.vn\/?p=2889\" >\n\t\t\t\tTop 5 s\u1ea3n ph\u1ea9m GARANT b\u00e1n ch\u1ea1y &#8211; \u0110\u01b0\u1ee3c tin d\u00f9ng b\u1edfi k\u1ef9 s\u01b0 Vi\u1ec7t\t\t\t<\/a>\n\t\t<\/h3>\n\t\t\t\t<div class=\"elementor-post__meta-data\">\n\t\t\t\t\t<span class=\"elementor-post-date\">\n\t\t\tApril 18, 2025\t\t<\/span>\n\t\t\t\t<span class=\"elementor-post-avatar\">\n\t\t\tNo Comments\t\t<\/span>\n\t\t\t\t<\/div>\n\t\t\n\t\t<a class=\"elementor-post__read-more\" href=\"https:\/\/garant.vn\/?p=2889\" aria-label=\"Read more about Top 5 s\u1ea3n ph\u1ea9m GARANT b\u00e1n ch\u1ea1y &#8211; \u0110\u01b0\u1ee3c tin d\u00f9ng b\u1edfi k\u1ef9 s\u01b0 Vi\u1ec7t\" tabindex=\"-1\" >\n\t\t\tXem th\u00eam \u00bb\t\t<\/a>\n\n\t\t\t\t<\/div>\n\t\t\t\t<\/article>\n\t\t\t\t<article class=\"elementor-post elementor-grid-item post-2882 post type-post status-publish format-standard has-post-thumbnail hentry category-uncategorized\">\n\t\t\t\t<a class=\"elementor-post__thumbnail__link\" href=\"https:\/\/garant.vn\/?p=2882\" tabindex=\"-1\" >\n\t\t\t<div class=\"elementor-post__thumbnail\"><img loading=\"lazy\" decoding=\"async\" width=\"300\" height=\"300\" src=\"https:\/\/garant.vn\/wp-content\/uploads\/2025\/04\/ChatGPT-Image-Apr-18-2025-11_58_04-PM-300x300.png\" class=\"attachment-medium size-medium wp-image-2888\" alt=\"\" srcset=\"https:\/\/garant.vn\/wp-content\/uploads\/2025\/04\/ChatGPT-Image-Apr-18-2025-11_58_04-PM-300x300.png 300w, https:\/\/garant.vn\/wp-content\/uploads\/2025\/04\/ChatGPT-Image-Apr-18-2025-11_58_04-PM-150x150.png 150w, https:\/\/garant.vn\/wp-content\/uploads\/2025\/04\/ChatGPT-Image-Apr-18-2025-11_58_04-PM-768x768.png 768w, https:\/\/garant.vn\/wp-content\/uploads\/2025\/04\/ChatGPT-Image-Apr-18-2025-11_58_04-PM-600x600.png 600w, https:\/\/garant.vn\/wp-content\/uploads\/2025\/04\/ChatGPT-Image-Apr-18-2025-11_58_04-PM-100x100.png 100w, https:\/\/garant.vn\/wp-content\/uploads\/2025\/04\/ChatGPT-Image-Apr-18-2025-11_58_04-PM.png 1024w\" sizes=\"(max-width: 300px) 100vw, 300px\" \/><\/div>\n\t\t<\/a>\n\t\t\t\t<div class=\"elementor-post__text\">\n\t\t\t\t<h3 class=\"elementor-post__title\">\n\t\t\t<a href=\"https:\/\/garant.vn\/?p=2882\" >\n\t\t\t\tC\u00f4ng ngh\u1ec7 ph\u1ee7 TiAlN tr\u00ean m\u0169i khoan GARANT \u2013 T\u0103ng tu\u1ed5i th\u1ecd\t\t\t<\/a>\n\t\t<\/h3>\n\t\t\t\t<div class=\"elementor-post__meta-data\">\n\t\t\t\t\t<span class=\"elementor-post-date\">\n\t\t\tApril 18, 2025\t\t<\/span>\n\t\t\t\t<span class=\"elementor-post-avatar\">\n\t\t\tNo Comments\t\t<\/span>\n\t\t\t\t<\/div>\n\t\t\n\t\t<a class=\"elementor-post__read-more\" href=\"https:\/\/garant.vn\/?p=2882\" aria-label=\"Read more about C\u00f4ng ngh\u1ec7 ph\u1ee7 TiAlN tr\u00ean m\u0169i khoan GARANT \u2013 T\u0103ng tu\u1ed5i th\u1ecd\" tabindex=\"-1\" >\n\t\t\tXem th\u00eam \u00bb\t\t<\/a>\n\n\t\t\t\t<\/div>\n\t\t\t\t<\/article>\n\t\t\t\t<article class=\"elementor-post elementor-grid-item post-2876 post type-post status-publish format-standard has-post-thumbnail hentry category-uncategorized\">\n\t\t\t\t<a class=\"elementor-post__thumbnail__link\" href=\"https:\/\/garant.vn\/?p=2876\" tabindex=\"-1\" >\n\t\t\t<div class=\"elementor-post__thumbnail\"><img loading=\"lazy\" decoding=\"async\" width=\"300\" height=\"200\" src=\"https:\/\/garant.vn\/wp-content\/uploads\/2025\/04\/ChatGPT-Image-Apr-18-2025-11_51_41-PM-300x200.png\" class=\"attachment-medium size-medium wp-image-2877\" alt=\"\" srcset=\"https:\/\/garant.vn\/wp-content\/uploads\/2025\/04\/ChatGPT-Image-Apr-18-2025-11_51_41-PM-300x200.png 300w, https:\/\/garant.vn\/wp-content\/uploads\/2025\/04\/ChatGPT-Image-Apr-18-2025-11_51_41-PM-1024x683.png 1024w, https:\/\/garant.vn\/wp-content\/uploads\/2025\/04\/ChatGPT-Image-Apr-18-2025-11_51_41-PM-768x512.png 768w, https:\/\/garant.vn\/wp-content\/uploads\/2025\/04\/ChatGPT-Image-Apr-18-2025-11_51_41-PM-600x400.png 600w, https:\/\/garant.vn\/wp-content\/uploads\/2025\/04\/ChatGPT-Image-Apr-18-2025-11_51_41-PM.png 1536w\" sizes=\"(max-width: 300px) 100vw, 300px\" \/><\/div>\n\t\t<\/a>\n\t\t\t\t<div class=\"elementor-post__text\">\n\t\t\t\t<h3 class=\"elementor-post__title\">\n\t\t\t<a href=\"https:\/\/garant.vn\/?p=2876\" >\n\t\t\t\tM\u1eb9o b\u1ea3o qu\u1ea3n v\u00e0 s\u1eed d\u1ee5ng d\u1ee5ng c\u1ee5 GARANT \u0111\u00fang c\u00e1ch \u0111\u1ec3 t\u0103ng tu\u1ed5i th\u1ecd\t\t\t<\/a>\n\t\t<\/h3>\n\t\t\t\t<div class=\"elementor-post__meta-data\">\n\t\t\t\t\t<span class=\"elementor-post-date\">\n\t\t\tApril 18, 2025\t\t<\/span>\n\t\t\t\t<span class=\"elementor-post-avatar\">\n\t\t\tNo Comments\t\t<\/span>\n\t\t\t\t<\/div>\n\t\t\n\t\t<a class=\"elementor-post__read-more\" href=\"https:\/\/garant.vn\/?p=2876\" aria-label=\"Read more about M\u1eb9o b\u1ea3o qu\u1ea3n v\u00e0 s\u1eed d\u1ee5ng d\u1ee5ng c\u1ee5 GARANT \u0111\u00fang c\u00e1ch \u0111\u1ec3 t\u0103ng tu\u1ed5i th\u1ecd\" tabindex=\"-1\" >\n\t\t\tXem th\u00eam \u00bb\t\t<\/a>\n\n\t\t\t\t<\/div>\n\t\t\t\t<\/article>\n\t\t\t\t<article class=\"elementor-post elementor-grid-item post-2867 post type-post status-publish format-standard has-post-thumbnail hentry category-uncategorized\">\n\t\t\t\t<a class=\"elementor-post__thumbnail__link\" href=\"https:\/\/garant.vn\/?p=2867\" tabindex=\"-1\" >\n\t\t\t<div class=\"elementor-post__thumbnail\"><img loading=\"lazy\" decoding=\"async\" width=\"300\" height=\"200\" src=\"https:\/\/garant.vn\/wp-content\/uploads\/2025\/04\/ChatGPT-Image-Apr-18-2025-11_45_47-PM-300x200.png\" class=\"attachment-medium size-medium wp-image-2873\" alt=\"\" srcset=\"https:\/\/garant.vn\/wp-content\/uploads\/2025\/04\/ChatGPT-Image-Apr-18-2025-11_45_47-PM-300x200.png 300w, https:\/\/garant.vn\/wp-content\/uploads\/2025\/04\/ChatGPT-Image-Apr-18-2025-11_45_47-PM-1024x683.png 1024w, https:\/\/garant.vn\/wp-content\/uploads\/2025\/04\/ChatGPT-Image-Apr-18-2025-11_45_47-PM-768x512.png 768w, https:\/\/garant.vn\/wp-content\/uploads\/2025\/04\/ChatGPT-Image-Apr-18-2025-11_45_47-PM-600x400.png 600w, https:\/\/garant.vn\/wp-content\/uploads\/2025\/04\/ChatGPT-Image-Apr-18-2025-11_45_47-PM.png 1536w\" sizes=\"(max-width: 300px) 100vw, 300px\" \/><\/div>\n\t\t<\/a>\n\t\t\t\t<div class=\"elementor-post__text\">\n\t\t\t\t<h3 class=\"elementor-post__title\">\n\t\t\t<a href=\"https:\/\/garant.vn\/?p=2867\" >\n\t\t\t\tGARANT \u2013 Th\u01b0\u01a1ng hi\u1ec7u d\u1ee5ng c\u1ee5 c\u00f4ng nghi\u1ec7p h\u00e0ng \u0111\u1ea7u ch\u00e2u \u00c2u, nay \u0111\u00e3 c\u00f3 m\u1eb7t t\u1ea1i Vi\u1ec7t Nam\t\t\t<\/a>\n\t\t<\/h3>\n\t\t\t\t<div class=\"elementor-post__meta-data\">\n\t\t\t\t\t<span class=\"elementor-post-date\">\n\t\t\tApril 18, 2025\t\t<\/span>\n\t\t\t\t<span class=\"elementor-post-avatar\">\n\t\t\tNo Comments\t\t<\/span>\n\t\t\t\t<\/div>\n\t\t\n\t\t<a class=\"elementor-post__read-more\" href=\"https:\/\/garant.vn\/?p=2867\" aria-label=\"Read more about GARANT \u2013 Th\u01b0\u01a1ng hi\u1ec7u d\u1ee5ng c\u1ee5 c\u00f4ng nghi\u1ec7p h\u00e0ng \u0111\u1ea7u ch\u00e2u \u00c2u, nay \u0111\u00e3 c\u00f3 m\u1eb7t t\u1ea1i Vi\u1ec7t Nam\" tabindex=\"-1\" >\n\t\t\tXem th\u00eam \u00bb\t\t<\/a>\n\n\t\t\t\t<\/div>\n\t\t\t\t<\/article>\n\t\t\t\t<\/div>\n\t\t\n\t\t\t\t<div class=\"e-load-more-anchor\" data-page=\"1\" data-max-page=\"2\" data-next-page=\"https:\/\/garant.vn\/index.php?rest_route=%2Fwp%2Fv2%2Fpages%2F56&#038;paged=2\"><\/div>\n\t\t\t\t<nav class=\"elementor-pagination\" aria-label=\"Pagination\">\n\t\t\t<span aria-current=\"page\" class=\"page-numbers current\"><span class=\"elementor-screen-only\">Page<\/span>1<\/span>\n<a class=\"page-numbers\" href=\"https:\/\/garant.vn\/index.php\/?paged=2\"><span class=\"elementor-screen-only\">Page<\/span>2<\/a>\t\t<\/nav>\n\t\t\t\t\t\t<\/div>\n\t\t\t\t<\/div>\n\t\t\t\t\t<\/div>\n\t\t\t\t<\/div>\n\t\t<div class=\"elementor-element elementor-element-830b9be e-flex e-con-boxed e-con e-parent\" data-id=\"830b9be\" data-element_type=\"container\">\n\t\t\t\t\t<div class=\"e-con-inner\">\n\t\t\t\t<div class=\"elementor-element elementor-element-764cdad elementor-widget elementor-widget-spacer\" data-id=\"764cdad\" data-element_type=\"widget\" data-widget_type=\"spacer.default\">\n\t\t\t\t<div class=\"elementor-widget-container\">\n\t\t\t\t\t\t\t<div class=\"elementor-spacer\">\n\t\t\t<div class=\"elementor-spacer-inner\"><\/div>\n\t\t<\/div>\n\t\t\t\t\t\t<\/div>\n\t\t\t\t<\/div>\n\t\t\t\t\t<\/div>\n\t\t\t\t<\/div>\n\t\t\t\t<\/div>\n\t\t","protected":false},"excerpt":{"rendered":"<p>Tin T\u1ee9c v\u00e0 S\u1ef1 Ki\u1ec7n C\u1eadp nh\u1eadt nh\u1eefng th\u00f4ng tin m\u1edbi nh\u1ea5t v\u1ec1 s\u1ea3n ph\u1ea9m, c\u00f4ng ngh\u1ec7 v\u00e0 s\u1ef1 ki\u1ec7n.Garant<\/p>\n","protected":false},"author":3,"featured_media":0,"parent":0,"menu_order":0,"comment_status":"closed","ping_status":"closed","template":"","meta":{"site-sidebar-layout":"no-sidebar","site-content-layout":"","ast-site-content-layout":"full-width-container","site-content-style":"default","site-sidebar-style":"default","ast-global-header-display":"","ast-banner-title-visibility":"","ast-main-header-display":"","ast-hfb-above-header-display":"","ast-hfb-below-header-display":"","ast-hfb-mobile-header-display":"","site-post-title":"disabled","ast-breadcrumbs-content":"","ast-featured-img":"disabled","footer-sml-layout":"","theme-transparent-header-meta":"","adv-header-id-meta":"","stick-header-meta":"","header-above-stick-meta":"","header-main-stick-meta":"","header-below-stick-meta":"","astra-migrate-meta-layouts":"default","ast-page-background-enabled":"default","ast-page-background-meta":{"desktop":{"background-color":"var(--ast-global-color-5)","background-image":"","background-repeat":"repeat","background-position":"center center","background-size":"auto","background-attachment":"scroll","background-type":"","background-media":"","overlay-type":"","overlay-color":"","overlay-opacity":"","overlay-gradient":""},"tablet":{"background-color":"","background-image":"","background-repeat":"repeat","background-position":"center center","background-size":"auto","background-attachment":"scroll","background-type":"","background-media":"","overlay-type":"","overlay-color":"","overlay-opacity":"","overlay-gradient":""},"mobile":{"background-color":"","background-image":"","background-repeat":"repeat","background-position":"center center","background-size":"auto","background-attachment":"scroll","background-type":"","background-media":"","overlay-type":"","overlay-color":"","overlay-opacity":"","overlay-gradient":""}},"ast-content-background-meta":{"desktop":{"background-color":"var(--ast-global-color-4)","background-image":"","background-repeat":"repeat","background-position":"center center","background-size":"auto","background-attachment":"scroll","background-type":"","background-media":"","overlay-type":"","overlay-color":"","overlay-opacity":"","overlay-gradient":""},"tablet":{"background-color":"var(--ast-global-color-4)","background-image":"","background-repeat":"repeat","background-position":"center center","background-size":"auto","background-attachment":"scroll","background-type":"","background-media":"","overlay-type":"","overlay-color":"","overlay-opacity":"","overlay-gradient":""},"mobile":{"background-color":"var(--ast-global-color-4)","background-image":"","background-repeat":"repeat","background-position":"center center","background-size":"auto","background-attachment":"scroll","background-type":"","background-media":"","overlay-type":"","overlay-color":"","overlay-opacity":"","overlay-gradient":""}},"footnotes":""},"class_list":["post-56","page","type-page","status-publish","hentry"],"_links":{"self":[{"href":"https:\/\/garant.vn\/index.php?rest_route=\/wp\/v2\/pages\/56","targetHints":{"allow":["GET"]}}],"collection":[{"href":"https:\/\/garant.vn\/index.php?rest_route=\/wp\/v2\/pages"}],"about":[{"href":"https:\/\/garant.vn\/index.php?rest_route=\/wp\/v2\/types\/page"}],"author":[{"embeddable":true,"href":"https:\/\/garant.vn\/index.php?rest_route=\/wp\/v2\/users\/3"}],"replies":[{"embeddable":true,"href":"https:\/\/garant.vn\/index.php?rest_route=%2Fwp%2Fv2%2Fcomments&post=56"}],"version-history":[{"count":27,"href":"https:\/\/garant.vn\/index.php?rest_route=\/wp\/v2\/pages\/56\/revisions"}],"predecessor-version":[{"id":7002,"href":"https:\/\/garant.vn\/index.php?rest_route=\/wp\/v2\/pages\/56\/revisions\/7002"}],"wp:attachment":[{"href":"https:\/\/garant.vn\/index.php?rest_route=%2Fwp%2Fv2%2Fmedia&parent=56"}],"curies":[{"name":"wp","href":"https:\/\/api.w.org\/{rel}","templated":true}]}}