{"id":1608,"date":"2025-04-18T06:47:41","date_gmt":"2025-04-18T06:47:41","guid":{"rendered":"https:\/\/garant.vn\/product\/phu-tung-ong-cuon-loai-14\/"},"modified":"2025-04-18T06:47:41","modified_gmt":"2025-04-18T06:47:41","slug":"phu-tung-ong-cuon-loai-14","status":"publish","type":"product","link":"https:\/\/garant.vn\/?product=phu-tung-ong-cuon-loai-14","title":{"rendered":"Ph\u1ee5 t\u00f9ng \u1ed1ng cu\u1ed9n, Lo\u1ea1i: 14"},"content":{"rendered":"<div style=\"color: #555;\"><b>Phi\u00ean b\u1ea3n:<\/b> M\u1ed9t n\u1eeda v\u1ecf b\u00ean ph\u1ea3i, lo\u1ea1i v\u1eeba cho \u1ed1ng cu\u1ed9n kh\u00ed n\u00e9n.<\/div>\n<div style=\"padding: 5px; color: #555;\"><b>Ph\u00f9 h\u1ee3p v\u1edbi:<\/b> S\u1ed1 080078; 080079 v\u00e0 081198, k\u00edch th\u01b0\u1edbc 15 cho m\u1ed7i lo\u1ea1i.<\/div>\n<div style=\"padding: 5px; color: #555;\"><b>Th\u00f4ng s\u1ed1 k\u1ef9 thu\u1eadt:<\/b><\/div>\n<div style=\"padding-left: 20px; color: #555;\"><b>V\u1eadt li\u1ec7u c\u1ee7a v\u1ecf:<\/b> Nh\u1ef1a<\/div>\n<div style=\"padding-left: 20px; color: #555;\"><b>Lo\u1ea1i s\u1ea3n ph\u1ea9m:<\/b> \u1ed0ng cu\u1ed9n<\/div>\n<div style=\"padding-left: 20px; color: #555;\"><b>M\u00e3 s\u1ea3n ph\u1ea9m:<\/b> 080081 14<\/div>\n<div style=\"padding-left: 20px; color: #555;\"><b>EAN \/ GTIN:<\/b> 4062406362249<\/div>\n<div style=\"padding-left: 20px; color: #555;\"><b>M\u00e3 nh\u00e0 s\u1ea3n xu\u1ea5t:<\/b> 080081 14<\/div>\n<div style=\"padding-left: 20px; color: #555;\"><b>Nh\u00e0 s\u1ea3n xu\u1ea5t:<\/b> Hoffmann Supply Chain GmbH &#038; Co. KG, Poststra\u00dfe 15, 90471 N\u00fcrnberg, Germany, <a href=\"http:\/\/www.hoffmann-group.com\">www.hoffmann-group.com<\/a><\/div>\n<p><strong>\ud83d\udcc4 Datasheet:<\/strong> <iframe src=\"https:\/\/cdn.hoffmann-group.com\/dsh\/en-GB\/dsh_en-gb_1714126.pdf\" width=\"100%\" height=\"600px\" style=\"border:1px solid #ccc;\"><\/iframe><\/p>\n","protected":false},"excerpt":{"rendered":"<p>Phi\u00ean b\u1ea3n: M\u1ed9t n\u1eeda v\u1ecf b\u00ean ph\u1ea3i, lo\u1ea1i v\u1eeba cho \u1ed1ng cu\u1ed9n kh\u00ed n\u00e9n. Ph\u00f9 h\u1ee3p v\u1edbi: S\u1ed1 080078; 080079 [&hellip;]<\/p>\n","protected":false},"featured_media":1609,"comment_status":"open","ping_status":"closed","template":"","meta":{"site-sidebar-layout":"default","site-content-layout":"","ast-site-content-layout":"","site-content-style":"default","site-sidebar-style":"default","ast-global-header-display":"","ast-banner-title-visibility":"","ast-main-header-display":"","ast-hfb-above-header-display":"","ast-hfb-below-header-display":"","ast-hfb-mobile-header-display":"","site-post-title":"","ast-breadcrumbs-content":"","ast-featured-img":"","footer-sml-layout":"","theme-transparent-header-meta":"","adv-header-id-meta":"","stick-header-meta":"","header-above-stick-meta":"","header-main-stick-meta":"","header-below-stick-meta":"","astra-migrate-meta-layouts":"default","ast-page-background-enabled":"default","ast-page-background-meta":{"desktop":{"background-color":"var(--ast-global-color-5)","background-image":"","background-repeat":"repeat","background-position":"center center","background-size":"auto","background-attachment":"scroll","background-type":"","background-media":"","overlay-type":"","overlay-color":"","overlay-opacity":"","overlay-gradient":""},"tablet":{"background-color":"","background-image":"","background-repeat":"repeat","background-position":"center center","background-size":"auto","background-attachment":"scroll","background-type":"","background-media":"","overlay-type":"","overlay-color":"","overlay-opacity":"","overlay-gradient":""},"mobile":{"background-color":"","background-image":"","background-repeat":"repeat","background-position":"center center","background-size":"auto","background-attachment":"scroll","background-type":"","background-media":"","overlay-type":"","overlay-color":"","overlay-opacity":"","overlay-gradient":""}},"ast-content-background-meta":{"desktop":{"background-color":"var(--ast-global-color-4)","background-image":"","background-repeat":"repeat","background-position":"center center","background-size":"auto","background-attachment":"scroll","background-type":"","background-media":"","overlay-type":"","overlay-color":"","overlay-opacity":"","overlay-gradient":""},"tablet":{"background-color":"var(--ast-global-color-4)","background-image":"","background-repeat":"repeat","background-position":"center center","background-size":"auto","background-attachment":"scroll","background-type":"","background-media":"","overlay-type":"","overlay-color":"","overlay-opacity":"","overlay-gradient":""},"mobile":{"background-color":"var(--ast-global-color-4)","background-image":"","background-repeat":"repeat","background-position":"center center","background-size":"auto","background-attachment":"scroll","background-type":"","background-media":"","overlay-type":"","overlay-color":"","overlay-opacity":"","overlay-gradient":""}}},"product_brand":[],"product_cat":[26],"product_tag":[],"class_list":{"0":"post-1608","1":"product","2":"type-product","3":"status-publish","4":"has-post-thumbnail","6":"product_cat-dung-cu-su-dung-dien-khi-nen","7":"desktop-align-left","8":"tablet-align-left","9":"mobile-align-left","11":"first","12":"instock","13":"shipping-taxable","14":"purchasable","15":"product-type-simple"},"_links":{"self":[{"href":"https:\/\/garant.vn\/index.php?rest_route=\/wp\/v2\/product\/1608","targetHints":{"allow":["GET"]}}],"collection":[{"href":"https:\/\/garant.vn\/index.php?rest_route=\/wp\/v2\/product"}],"about":[{"href":"https:\/\/garant.vn\/index.php?rest_route=\/wp\/v2\/types\/product"}],"replies":[{"embeddable":true,"href":"https:\/\/garant.vn\/index.php?rest_route=%2Fwp%2Fv2%2Fcomments&post=1608"}],"wp:featuredmedia":[{"embeddable":true,"href":"https:\/\/garant.vn\/index.php?rest_route=\/wp\/v2\/media\/1609"}],"wp:attachment":[{"href":"https:\/\/garant.vn\/index.php?rest_route=%2Fwp%2Fv2%2Fmedia&parent=1608"}],"wp:term":[{"taxonomy":"product_brand","embeddable":true,"href":"https:\/\/garant.vn\/index.php?rest_route=%2Fwp%2Fv2%2Fproduct_brand&post=1608"},{"taxonomy":"product_cat","embeddable":true,"href":"https:\/\/garant.vn\/index.php?rest_route=%2Fwp%2Fv2%2Fproduct_cat&post=1608"},{"taxonomy":"product_tag","embeddable":true,"href":"https:\/\/garant.vn\/index.php?rest_route=%2Fwp%2Fv2%2Fproduct_tag&post=1608"}],"curies":[{"name":"wp","href":"https:\/\/api.w.org\/{rel}","templated":true}]}}