{"id":1616,"date":"2025-04-18T06:48:55","date_gmt":"2025-04-18T06:48:55","guid":{"rendered":"https:\/\/garant.vn\/product\/sung-thoi-khi-nen-air-2\/"},"modified":"2025-04-18T06:48:55","modified_gmt":"2025-04-18T06:48:55","slug":"sung-thoi-khi-nen-air-2","status":"publish","type":"product","link":"https:\/\/garant.vn\/?product=sung-thoi-khi-nen-air-2","title":{"rendered":"S\u00fang th\u1ed5i kh\u00ed n\u00e9n AIR"},"content":{"rendered":"<div style=\"color: #333; font-size: 14px;\"><b>Lo\u1ea1i:<\/b> AIR<\/div>\n<div style=\"color: #333; font-size: 14px;\"><b>Phi\u00ean b\u1ea3n:<\/b><\/div>\n<div style=\"color: #333; font-size: 14px;\">S\u00fang th\u1ed5i kh\u00ed ch\u1ea5t l\u01b0\u1ee3ng cao d\u00f9ng cho kh\u00ed n\u00e9n, v\u1edbi tay c\u1ea7m c\u00f4ng th\u00e1i h\u1ecdc r\u1ea5t t\u1ed1t, b\u1ec1 m\u1eb7t ch\u1ed1ng tr\u1ea7y x\u01b0\u1edbc v\u00e0 ch\u1ed1ng dung m\u00f4i \u0111\u1ec3 s\u1eed d\u1ee5ng cho m\u1ee5c \u0111\u00edch chung. D\u1ec5 d\u00e0ng s\u1eed d\u1ee5ng c\u00e1c v\u00f2i phun c\u00f3 th\u1ec3 ho\u00e1n \u0111\u1ed5i cho nhau. \u0110\u1ea7u nh\u1ea3 nhanh xoay \u0111\u01b0\u1ee3c m\u1edf kh\u00f3a, d\u1eebng l\u1ea1i \u1edf m\u1ed9t lo\u1ea1t c\u00e1c v\u1ecb tr\u00ed gi\u1eef. S\u00fang th\u1ed5i kh\u00ed v\u1edbi v\u00f2i x\u1ea3 th\u00e9p 100 mm c\u00f3 th\u1ec3 ho\u00e1n \u0111\u1ed5i cho nhau.<\/div>\n<div style=\"color: #333; font-size: 14px;\"><b>\u0110\u01b0\u1ee3c cung c\u1ea5p v\u1edbi:<\/b><\/div>\n<div style=\"color: #333; font-size: 14px;\">S\u00fang th\u1ed5i kh\u00ed n\u00e9n v\u1edbi b\u1ed9 \u0111i\u1ec1u h\u1ee3p k\u1ebft n\u1ed1i k\u00edch th\u01b0\u1edbc th\u00e9p 1\/4 inch, v\u1edbi \u1ed1ng v\u00f2i phun c\u00f3 th\u1ec3 ho\u00e1n \u0111\u1ed5i cho nhau 100 mm.<\/div>\n<div style=\"color: #333; font-size: 14px;\"><b>L\u01b0u \u00fd:<\/b><\/div>\n<div style=\"color: #333; font-size: 14px;\">Gi\u00e1 \u0111\u1ee1 s\u00fang kh\u00ed n\u00e9n ph\u00f9 h\u1ee3p c\u00f3 th\u1ec3 \u0111\u01b0\u1ee3c t\u00ecm th\u1ea5y theo s\u1ed1 080260 k\u00edch th\u01b0\u1edbc H1 v\u00e0 s\u1ed1 955750. V\u00f2i phun \u0111\u01a1n c\u00f3 th\u1ec3 \u0111\u01b0\u1ee3c t\u00ecm th\u1ea5y theo s\u1ed1 080126.<\/div>\n<div style=\"color: #333; font-size: 14px;\"><b>C\u1ea3nh b\u00e1o:<\/b><\/div>\n<div style=\"color: #333; font-size: 14px;\"><b>M\u1ee5c \u0111\u00edch s\u1eed d\u1ee5ng<\/b><\/div>\n<div style=\"color: #333; font-size: 14px;\">\u0110\u1ec3 s\u1eed d\u1ee5ng v\u1edbi kh\u00ed n\u00e9n.<\/div>\n<div style=\"color: #333; font-size: 14px;\">\u0110\u1ec3 s\u1eed d\u1ee5ng cho c\u1ea3 m\u1ee5c \u0111\u00edch c\u00f4ng nghi\u1ec7p v\u00e0 c\u00e1 nh\u00e2n.<\/div>\n<div style=\"color: #333; font-size: 14px;\">Ch\u1ec9 s\u1eed d\u1ee5ng khi n\u00f3 \u1edf t\u00ecnh tr\u1ea1ng k\u1ef9 thu\u1eadt t\u1ed1t v\u00e0 an to\u00e0n \u0111\u1ec3 v\u1eadn h\u00e0nh.<\/div>\n<div style=\"color: #333; font-size: 14px;\"><b>L\u1ea1m d\u1ee5ng c\u00f3 th\u1ec3 th\u1ea5y tr\u01b0\u1edbc m\u1ed9t c\u00e1ch h\u1ee3p l\u00fd<\/b><\/div>\n<div style=\"color: #333; font-size: 14px;\">Kh\u00f4ng s\u1eed d\u1ee5ng v\u1edbi ch\u1ea5t l\u1ecfng, c\u00e1c lo\u1ea1i kh\u00ed kh\u00e1c ho\u1eb7c b\u00ecnh kh\u00ed n\u00e9n.<\/div>\n<div style=\"color: #333; font-size: 14px;\">Kh\u00f4ng th\u1ef1c hi\u1ec7n b\u1ea5t k\u1ef3 s\u1eeda \u0111\u1ed5i tr\u00e1i ph\u00e9p n\u00e0o.<\/div>\n<div style=\"color: #333; font-size: 14px;\">Kh\u00f4ng nh\u1eafm v\u00e0o ng\u01b0\u1eddi ho\u1eb7c \u0111\u1ed9ng v\u1eadt.<\/div>\n<div style=\"color: #333; font-size: 14px;\">Kh\u00f4ng v\u01b0\u1ee3t qu\u00e1 \u00e1p su\u1ea5t l\u00e0m vi\u1ec7c t\u1ed1i \u0111a cho ph\u00e9p.<\/div>\n<div style=\"color: #333; font-size: 14px;\">Kh\u00f4ng l\u00e0m xo\u1eafn \u1ed1ng m\u1ec1m ho\u1eb7c ch\u1ecbu t\u1ea3i cho n\u00f3.<\/div>\n<div style=\"color: #333; font-size: 14px;\">Kh\u00f4ng s\u1eed d\u1ee5ng trong c\u00e1c khu v\u1ef1c nguy hi\u1ec3m ch\u00e1y n\u1ed5.<\/div>\n<div style=\"color: #333; font-size: 14px;\">Kh\u00f4ng s\u1eed d\u1ee5ng \u1edf nh\u1eefng n\u01a1i ti\u1ebfp x\u00fac v\u1edbi nhi\u1ec7t \u0111\u1ed9 cao, \u00e1nh s\u00e1ng m\u1eb7t tr\u1eddi tr\u1ef1c ti\u1ebfp, ng\u1ecdn l\u1eeda tr\u1ea7n ho\u1eb7c ch\u1ea5t l\u1ecfng.<\/div>\n<div style=\"color: #333; font-size: 14px;\">Kh\u00f4ng th\u00edch h\u1ee3p cho tr\u1ebb em s\u1eed d\u1ee5ng.<\/div>\n<div style=\"color: #333; font-size: 14px;\"><b>Th\u00f4ng s\u1ed1 k\u1ef9 thu\u1eadt<\/b><\/div>\n<div style=\"color: #333; font-size: 14px;\">\u00c1p su\u1ea5t ho\u1ea1t \u0111\u1ed9ng t\u1ed1i \u0111a: 15 bar<\/div>\n<div style=\"color: #333; font-size: 14px;\">L\u01b0u l\u01b0\u1ee3ng \u1edf 6 bar: 330 l\/ph\u00fat<\/div>\n<div style=\"color: #333; font-size: 14px;\">Lo\u1ea1i s\u1ea3n ph\u1ea9m: S\u00fang l\u1ee5c<\/div>\n<div style=\"color: #333; font-size: 14px;\">M\u00e3 s\u1ed1: 080123 AIR<\/div>\n<div style=\"color: #333; font-size: 14px;\">EAN \/ GTIN: 4062406270643<\/div>\n<div style=\"color: #333; font-size: 14px;\">M\u00e3 nh\u00e0 s\u1ea3n xu\u1ea5t: 080123 AIR<\/div>\n<div style=\"color: #333; font-size: 14px;\">Nh\u00e0 s\u1ea3n xu\u1ea5t: Hoffmann Supply Chain GmbH &#038; Co. KG, Poststra\u00dfe 15, 90471 N\u00fcrnberg, Germany, www.hoffmann-group.com<\/div>\n<p><strong>\ud83d\udcc4 Datasheet:<\/strong> <iframe src=\"https:\/\/cdn.hoffmann-group.com\/dsh\/en-GB\/dsh_en-gb_1407217.pdf\" width=\"100%\" height=\"600px\" style=\"border:1px solid #ccc;\"><\/iframe><\/p>\n","protected":false},"excerpt":{"rendered":"<p>Lo\u1ea1i: AIR Phi\u00ean b\u1ea3n: S\u00fang th\u1ed5i kh\u00ed ch\u1ea5t l\u01b0\u1ee3ng cao d\u00f9ng cho kh\u00ed n\u00e9n, v\u1edbi tay c\u1ea7m c\u00f4ng th\u00e1i h\u1ecdc [&hellip;]<\/p>\n","protected":false},"featured_media":1617,"comment_status":"open","ping_status":"closed","template":"","meta":{"site-sidebar-layout":"default","site-content-layout":"","ast-site-content-layout":"","site-content-style":"default","site-sidebar-style":"default","ast-global-header-display":"","ast-banner-title-visibility":"","ast-main-header-display":"","ast-hfb-above-header-display":"","ast-hfb-below-header-display":"","ast-hfb-mobile-header-display":"","site-post-title":"","ast-breadcrumbs-content":"","ast-featured-img":"","footer-sml-layout":"","theme-transparent-header-meta":"","adv-header-id-meta":"","stick-header-meta":"","header-above-stick-meta":"","header-main-stick-meta":"","header-below-stick-meta":"","astra-migrate-meta-layouts":"default","ast-page-background-enabled":"default","ast-page-background-meta":{"desktop":{"background-color":"var(--ast-global-color-5)","background-image":"","background-repeat":"repeat","background-position":"center center","background-size":"auto","background-attachment":"scroll","background-type":"","background-media":"","overlay-type":"","overlay-color":"","overlay-opacity":"","overlay-gradient":""},"tablet":{"background-color":"","background-image":"","background-repeat":"repeat","background-position":"center center","background-size":"auto","background-attachment":"scroll","background-type":"","background-media":"","overlay-type":"","overlay-color":"","overlay-opacity":"","overlay-gradient":""},"mobile":{"background-color":"","background-image":"","background-repeat":"repeat","background-position":"center center","background-size":"auto","background-attachment":"scroll","background-type":"","background-media":"","overlay-type":"","overlay-color":"","overlay-opacity":"","overlay-gradient":""}},"ast-content-background-meta":{"desktop":{"background-color":"var(--ast-global-color-4)","background-image":"","background-repeat":"repeat","background-position":"center center","background-size":"auto","background-attachment":"scroll","background-type":"","background-media":"","overlay-type":"","overlay-color":"","overlay-opacity":"","overlay-gradient":""},"tablet":{"background-color":"var(--ast-global-color-4)","background-image":"","background-repeat":"repeat","background-position":"center center","background-size":"auto","background-attachment":"scroll","background-type":"","background-media":"","overlay-type":"","overlay-color":"","overlay-opacity":"","overlay-gradient":""},"mobile":{"background-color":"var(--ast-global-color-4)","background-image":"","background-repeat":"repeat","background-position":"center center","background-size":"auto","background-attachment":"scroll","background-type":"","background-media":"","overlay-type":"","overlay-color":"","overlay-opacity":"","overlay-gradient":""}}},"product_brand":[],"product_cat":[26],"product_tag":[],"class_list":{"0":"post-1616","1":"product","2":"type-product","3":"status-publish","4":"has-post-thumbnail","6":"product_cat-dung-cu-su-dung-dien-khi-nen","7":"desktop-align-left","8":"tablet-align-left","9":"mobile-align-left","11":"first","12":"instock","13":"shipping-taxable","14":"purchasable","15":"product-type-simple"},"_links":{"self":[{"href":"https:\/\/garant.vn\/index.php?rest_route=\/wp\/v2\/product\/1616","targetHints":{"allow":["GET"]}}],"collection":[{"href":"https:\/\/garant.vn\/index.php?rest_route=\/wp\/v2\/product"}],"about":[{"href":"https:\/\/garant.vn\/index.php?rest_route=\/wp\/v2\/types\/product"}],"replies":[{"embeddable":true,"href":"https:\/\/garant.vn\/index.php?rest_route=%2Fwp%2Fv2%2Fcomments&post=1616"}],"wp:featuredmedia":[{"embeddable":true,"href":"https:\/\/garant.vn\/index.php?rest_route=\/wp\/v2\/media\/1617"}],"wp:attachment":[{"href":"https:\/\/garant.vn\/index.php?rest_route=%2Fwp%2Fv2%2Fmedia&parent=1616"}],"wp:term":[{"taxonomy":"product_brand","embeddable":true,"href":"https:\/\/garant.vn\/index.php?rest_route=%2Fwp%2Fv2%2Fproduct_brand&post=1616"},{"taxonomy":"product_cat","embeddable":true,"href":"https:\/\/garant.vn\/index.php?rest_route=%2Fwp%2Fv2%2Fproduct_cat&post=1616"},{"taxonomy":"product_tag","embeddable":true,"href":"https:\/\/garant.vn\/index.php?rest_route=%2Fwp%2Fv2%2Fproduct_tag&post=1616"}],"curies":[{"name":"wp","href":"https:\/\/api.w.org\/{rel}","templated":true}]}}