{"id":1654,"date":"2025-04-18T06:51:02","date_gmt":"2025-04-18T06:51:02","guid":{"rendered":"https:\/\/garant.vn\/product\/khop-noi-an-toan-ket-noi-ong-mem\/"},"modified":"2025-04-18T06:51:02","modified_gmt":"2025-04-18T06:51:02","slug":"khop-noi-an-toan-ket-noi-ong-mem","status":"publish","type":"product","link":"https:\/\/garant.vn\/?product=khop-noi-an-toan-ket-noi-ong-mem","title":{"rendered":"Kh\u1edbp n\u1ed1i an to\u00e0n K\u1ebft n\u1ed1i \u1ed1ng m\u1ec1m"},"content":{"rendered":"<div style=\"color: #555;\"><b>K\u1ebft n\u1ed1i \u1ed1ng m\u1ec1m \u0111\u01b0\u1eddng k\u00ednh trong \u2300 (\u0111\u01b0\u1eddng k\u00ednh danh ngh\u0129a):<\/b> 8mm<\/div>\n<div style=\"color: #555;\"><b>Phi\u00ean b\u1ea3n:<\/b><\/div>\n<div style=\"color: #555;\">Kh\u1edbp n\u1ed1i ng\u1eaft an to\u00e0n GARANT l\u00e0 m\u1ed9t kh\u1edbp n\u1ed1i hi\u1ec7u su\u1ea5t cao b\u1eb1ng th\u00e9p m\u1ea1 k\u1ebdm, v\u1edbi kh\u1ea3 n\u0103ng l\u01b0u l\u01b0\u1ee3ng c\u1ef1c cao. C\u1ea3i ti\u1ebfn m\u1edbi thao t\u00e1c m\u1ed9t tay.<\/div>\n<div style=\"color: #555;\"><b>T\u1ed1c \u0111\u1ed9 d\u00f2ng ch\u1ea3y:<\/b> 2250 l\/ph\u00fat, \u00e1p su\u1ea5t ho\u1ea1t \u0111\u1ed9ng t\u1ed1i \u0111a 16 bar. \u0110\u00e1p \u1ee9ng ti\u00eau chu\u1ea9n ISO 4414 v\u00e0 EN 983.<\/div>\n<div style=\"color: #555;\"><b>L\u01b0u \u00fd:<\/b><\/div>\n<div style=\"color: #555;\">Xem s\u1ed1 080290 \u2212 080293 \u0111\u1ec3 bi\u1ebft c\u00e1c b\u1ed9 \u0111i\u1ec1u h\u1ee3p kh\u1edbp n\u1ed1i ph\u00f9 h\u1ee3p.<\/div>\n<div style=\"color: #555;\">D\u00f2ng GARANT \u0111\u00e1p \u1ee9ng ti\u00eau chu\u1ea9n Euro 7.6 (\u2300 danh ngh\u0129a 7.6 mm, c\u1ea5u h\u00ecnh Euro) v\u00e0 t\u01b0\u01a1ng th\u00edch v\u1edbi t\u1ea5t c\u1ea3 c\u00e1c h\u1ec7 th\u1ed1ng ph\u1ed5 bi\u1ebfn.<\/div>\n<div style=\"color: #555;\"><b>D\u1eef li\u1ec7u k\u1ef9 thu\u1eadt<\/b><\/div>\n<div style=\"color: #555;\"><b>\u00c1p su\u1ea5t ho\u1ea1t \u0111\u1ed9ng t\u1ed1i \u0111a:<\/b> 16 bar<\/div>\n<div style=\"color: #555;\"><b>K\u1ebft n\u1ed1i \u1ed1ng m\u1ec1m \u0111\u01b0\u1eddng k\u00ednh trong \u2300 (\u0111\u01b0\u1eddng k\u00ednh danh ngh\u0129a):<\/b> 8 mm<\/div>\n<div style=\"color: #555;\"><b>L\u01b0u l\u01b0\u1ee3ng:<\/b> 2,250 l\/ph\u00fat<\/div>\n<div style=\"color: #555;\"><b>Lo\u1ea1i s\u1ea3n ph\u1ea9m:<\/b> Kh\u1edbp n\u1ed1i<\/div>\n<div style=\"color: #555;\"><b>M\u00e3 s\u1ea3n ph\u1ea9m:<\/b> 080272 8<\/div>\n<div style=\"color: #555;\"><b>EAN \/ GTIN:<\/b> 4062406296957<\/div>\n<div style=\"color: #555;\"><b>M\u00e3 nh\u00e0 s\u1ea3n xu\u1ea5t:<\/b> 080272 8<\/div>\n<div style=\"color: #555;\"><b>Nh\u00e0 s\u1ea3n xu\u1ea5t:<\/b> Hoffmann Supply Chain GmbH &#038; Co. KG, Poststra\u00dfe 15, 90471 N\u00fcrnberg, Germany, www.hoffmann-group.com<\/div>\n<p><strong>\ud83d\udcc4 Datasheet:<\/strong> <iframe src=\"https:\/\/cdn.hoffmann-group.com\/dsh\/en-GB\/dsh_en-gb_1423942.pdf\" width=\"100%\" height=\"600px\" style=\"border:1px solid #ccc;\"><\/iframe><\/p>\n","protected":false},"excerpt":{"rendered":"<p>K\u1ebft n\u1ed1i \u1ed1ng m\u1ec1m \u0111\u01b0\u1eddng k\u00ednh trong \u2300 (\u0111\u01b0\u1eddng k\u00ednh danh ngh\u0129a): 8mm Phi\u00ean b\u1ea3n: Kh\u1edbp n\u1ed1i ng\u1eaft an to\u00e0n [&hellip;]<\/p>\n","protected":false},"featured_media":1655,"comment_status":"open","ping_status":"closed","template":"","meta":{"site-sidebar-layout":"default","site-content-layout":"","ast-site-content-layout":"","site-content-style":"default","site-sidebar-style":"default","ast-global-header-display":"","ast-banner-title-visibility":"","ast-main-header-display":"","ast-hfb-above-header-display":"","ast-hfb-below-header-display":"","ast-hfb-mobile-header-display":"","site-post-title":"","ast-breadcrumbs-content":"","ast-featured-img":"","footer-sml-layout":"","theme-transparent-header-meta":"","adv-header-id-meta":"","stick-header-meta":"","header-above-stick-meta":"","header-main-stick-meta":"","header-below-stick-meta":"","astra-migrate-meta-layouts":"default","ast-page-background-enabled":"default","ast-page-background-meta":{"desktop":{"background-color":"var(--ast-global-color-5)","background-image":"","background-repeat":"repeat","background-position":"center center","background-size":"auto","background-attachment":"scroll","background-type":"","background-media":"","overlay-type":"","overlay-color":"","overlay-opacity":"","overlay-gradient":""},"tablet":{"background-color":"","background-image":"","background-repeat":"repeat","background-position":"center center","background-size":"auto","background-attachment":"scroll","background-type":"","background-media":"","overlay-type":"","overlay-color":"","overlay-opacity":"","overlay-gradient":""},"mobile":{"background-color":"","background-image":"","background-repeat":"repeat","background-position":"center center","background-size":"auto","background-attachment":"scroll","background-type":"","background-media":"","overlay-type":"","overlay-color":"","overlay-opacity":"","overlay-gradient":""}},"ast-content-background-meta":{"desktop":{"background-color":"var(--ast-global-color-4)","background-image":"","background-repeat":"repeat","background-position":"center center","background-size":"auto","background-attachment":"scroll","background-type":"","background-media":"","overlay-type":"","overlay-color":"","overlay-opacity":"","overlay-gradient":""},"tablet":{"background-color":"var(--ast-global-color-4)","background-image":"","background-repeat":"repeat","background-position":"center center","background-size":"auto","background-attachment":"scroll","background-type":"","background-media":"","overlay-type":"","overlay-color":"","overlay-opacity":"","overlay-gradient":""},"mobile":{"background-color":"var(--ast-global-color-4)","background-image":"","background-repeat":"repeat","background-position":"center center","background-size":"auto","background-attachment":"scroll","background-type":"","background-media":"","overlay-type":"","overlay-color":"","overlay-opacity":"","overlay-gradient":""}}},"product_brand":[],"product_cat":[26],"product_tag":[],"class_list":{"0":"post-1654","1":"product","2":"type-product","3":"status-publish","4":"has-post-thumbnail","6":"product_cat-dung-cu-su-dung-dien-khi-nen","7":"desktop-align-left","8":"tablet-align-left","9":"mobile-align-left","11":"first","12":"instock","13":"shipping-taxable","14":"purchasable","15":"product-type-simple"},"_links":{"self":[{"href":"https:\/\/garant.vn\/index.php?rest_route=\/wp\/v2\/product\/1654","targetHints":{"allow":["GET"]}}],"collection":[{"href":"https:\/\/garant.vn\/index.php?rest_route=\/wp\/v2\/product"}],"about":[{"href":"https:\/\/garant.vn\/index.php?rest_route=\/wp\/v2\/types\/product"}],"replies":[{"embeddable":true,"href":"https:\/\/garant.vn\/index.php?rest_route=%2Fwp%2Fv2%2Fcomments&post=1654"}],"wp:featuredmedia":[{"embeddable":true,"href":"https:\/\/garant.vn\/index.php?rest_route=\/wp\/v2\/media\/1655"}],"wp:attachment":[{"href":"https:\/\/garant.vn\/index.php?rest_route=%2Fwp%2Fv2%2Fmedia&parent=1654"}],"wp:term":[{"taxonomy":"product_brand","embeddable":true,"href":"https:\/\/garant.vn\/index.php?rest_route=%2Fwp%2Fv2%2Fproduct_brand&post=1654"},{"taxonomy":"product_cat","embeddable":true,"href":"https:\/\/garant.vn\/index.php?rest_route=%2Fwp%2Fv2%2Fproduct_cat&post=1654"},{"taxonomy":"product_tag","embeddable":true,"href":"https:\/\/garant.vn\/index.php?rest_route=%2Fwp%2Fv2%2Fproduct_tag&post=1654"}],"curies":[{"name":"wp","href":"https:\/\/api.w.org\/{rel}","templated":true}]}}