{"id":1668,"date":"2025-04-18T07:31:28","date_gmt":"2025-04-18T07:31:28","guid":{"rendered":"https:\/\/garant.vn\/product\/cuon-day-cap-an-toan-loai-15\/"},"modified":"2025-04-18T07:31:28","modified_gmt":"2025-04-18T07:31:28","slug":"cuon-day-cap-an-toan-loai-15","status":"publish","type":"product","link":"https:\/\/garant.vn\/?product=cuon-day-cap-an-toan-loai-15","title":{"rendered":"Cu\u1ed9n D\u00e2y C\u00e1p An To\u00e0n, Lo\u1ea1i: 15"},"content":{"rendered":"<div style=\"color: #333; font-size: 14px;\"><b>Phi\u00ean b\u1ea3n:<\/b> Cu\u1ed9n d\u00e2y c\u00e1p v\u1edbi c\u01a1 ch\u1ebf t\u1ef1 \u0111\u1ed9ng thu v\u00e0o v\u00e0 cu\u1ed9n l\u00ean, c\u00f3 nhi\u1ec1u \u0111i\u1ec3m d\u1eebng tr\u00ean m\u1ed7i v\u00f2ng quay. V\u1ecf nh\u1ef1a k\u00edn ch\u1ecbu va \u0111\u1eadp cao. Ng\u1eaft qu\u00e1 t\u1ea3i nhi\u1ec7t, c\u00e1p neoprene H07RN-F ch\u1eafc ch\u1eafn v\u1edbi \u0111i\u1ec3m k\u1ebft n\u1ed1i. D\u1ec5 d\u00e0ng g\u1eafn tr\u00ean t\u01b0\u1eddng ho\u1eb7c tr\u1ea7n nh\u00e0, v\u1edbi ph\u1ea1m vi xoay 180\u00b0.<\/div>\n<div style=\"color: #333; font-size: 14px;\"><b>Ch\u1ee9c n\u0103ng:<\/b> IP44: B\u1ea3o v\u1ec7 ch\u1ed1ng n\u01b0\u1edbc b\u1eafn t\u1eeb m\u1ecdi h\u01b0\u1edbng v\u00e0 b\u1ea3o v\u1ec7 ch\u1ed1ng l\u1ea1i s\u1ef1 x\u00e2m nh\u1eadp c\u1ee7a v\u1eadt th\u1ec3 l\u1ea1 v\u1edbi \u2300 > 1 mm, tuy nhi\u00ean n\u00ean tr\u00e1nh xa c\u00e1c d\u1ee5ng c\u1ee5 v\u00e0 d\u00e2y \u0111i\u1ec7n.<\/div>\n<div style=\"color: #333; font-size: 14px;\"><b>\u1ee8ng d\u1ee5ng:<\/b> C\u1ea3i thi\u1ec7n c\u00f4ng th\u00e1i h\u1ecdc b\u1eb1ng c\u00e1ch gi\u1ea3m c\u0103ng th\u1eb3ng cho c\u00e1p, \u0111\u1ed3ng th\u1eddi \u0111\u1ea3m b\u1ea3o s\u1ef1 g\u1ecdn g\u00e0ng v\u00e0 tr\u00e1nh nguy c\u01a1 tai n\u1ea1n v\u00e0 th\u01b0\u01a1ng t\u00edch do c\u00e1p n\u1eb1m tr\u00ean m\u1eb7t \u0111\u1ea5t.<\/div>\n<div style=\"color: #333; font-size: 14px;\"><b>L\u01b0u \u00fd:<\/b> \u0110\u1ed1i v\u1edbi cu\u1ed9n d\u00e2y \u1ed1ng m\u1ec1m h\u1ed3i v\u1ecb b\u1eb1ng l\u00f2 xo, xem s\u1ed1 080066 \u0111\u1ebfn 080079.<\/div>\n<div style=\"color: #333; font-size: 14px;\"><b>C\u1ea3nh b\u00e1o:<\/b><\/p>\n<div style=\"padding-left: 20px;\">S\u1eed d\u1ee5ng theo m\u1ee5c \u0111\u00edch: Cu\u1ed9n d\u00e2y c\u00e1p \u0111\u1ec3 cung c\u1ea5p \u0111i\u1ec7n cho ng\u01b0\u1eddi ti\u00eau d\u00f9ng di \u0111\u1ed9ng.<\/div>\n<div style=\"padding-left: 20px;\">\u0110\u1ec3 tr\u00e1nh qu\u00e1 nhi\u1ec7t, h\u00e3y nh\u1ea3 to\u00e0n b\u1ed9 c\u00e1p ra kh\u1ecfi tang cu\u1ed1n c\u00e1p.<\/div>\n<div style=\"padding-left: 20px;\">Ch\u1ec9 s\u1eed d\u1ee5ng khi n\u00f3 \u1edf trong t\u00ecnh tr\u1ea1ng k\u1ef9 thu\u1eadt t\u1ed1t v\u00e0 an to\u00e0n \u0111\u1ec3 v\u1eadn h\u00e0nh.<\/div>\n<div style=\"padding-left: 20px;\">D\u00f9ng cho c\u1ea3 m\u1ee5c \u0111\u00edch c\u00f4ng nghi\u1ec7p v\u00e0 c\u00e1 nh\u00e2n.<\/div>\n<div style=\"padding-left: 20px;\">S\u1eed d\u1ee5ng trong nh\u00e0 v\u00e0 ngo\u00e0i tr\u1eddi.<\/div>\n<div style=\"padding-left: 20px;\">C\u1ed1 \u0111\u1ecbnh gi\u00e1 \u0111\u1ee1 v\u00e0o t\u01b0\u1eddng ho\u1eb7c tr\u1ea7n nh\u00e0 ph\u1eb3ng ph\u00f9 h\u1ee3p v\u1edbi tr\u1ecdng l\u01b0\u1ee3ng c\u1ee7a cu\u1ed9n \u1ed1ng m\u1ec1m.<\/div>\n<div style=\"padding-left: 20px;\">Sau khi s\u1eed d\u1ee5ng, cu\u1ed9n ho\u00e0n to\u00e0n \u1ed1ng m\u1ec1m.<\/div>\n<\/div>\n<div style=\"color: #333; font-size: 14px;\"><b>L\u1ea1m d\u1ee5ng c\u00f3 th\u1ec3 th\u1ea5y tr\u01b0\u1edbc m\u1ed9t c\u00e1ch h\u1ee3p l\u00fd:<\/b><\/div>\n<div style=\"color: #333; font-size: 14px;\">\n<div style=\"padding-left: 20px;\">Kh\u00f4ng s\u1eed d\u1ee5ng cu\u1ed9n \u1ed1ng m\u1ec1m n\u1ebfu n\u00f3 kh\u00f4ng \u0111\u01b0\u1ee3c g\u1eafn v\u00e0o t\u01b0\u1eddng ho\u1eb7c tr\u1ea7n nh\u00e0.<\/div>\n<div style=\"padding-left: 20px;\">Kh\u00f4ng s\u1eed d\u1ee5ng trong khu v\u1ef1c nguy hi\u1ec3m n\u1ed5.<\/div>\n<div style=\"padding-left: 20px;\">Kh\u00f4ng s\u1eed d\u1ee5ng \u1edf n\u01a1i ti\u1ebfp x\u00fac v\u1edbi nhi\u1ec7t \u0111\u1ed9 cao, \u00e1nh s\u00e1ng m\u1eb7t tr\u1eddi tr\u1ef1c ti\u1ebfp, ng\u1ecdn l\u1eeda tr\u1ea7n ho\u1eb7c ch\u1ea5t l\u1ecfng.<\/div>\n<div style=\"padding-left: 20px;\">Kh\u00f4ng ti\u1ebfp x\u00fac v\u1edbi s\u1ef1 thay \u0111\u1ed5i nhi\u1ec7t \u0111\u1ed9 kh\u1eafc nghi\u1ec7t.<\/div>\n<div style=\"padding-left: 20px;\">Kh\u00f4ng th\u1ef1c hi\u1ec7n b\u1ea5t k\u1ef3 thay \u0111\u1ed5i ho\u1eb7c s\u1eeda \u0111\u1ed5i tr\u00e1i ph\u00e9p n\u00e0o \u0111\u1ed1i v\u1edbi n\u00f3.<\/div>\n<div style=\"padding-left: 20px;\">Kh\u00f4ng bao gi\u1edd che \u0111\u1eady khi s\u1eed d\u1ee5ng.<\/div>\n<div style=\"padding-left: 20px;\">Kh\u00f4ng gi\u1eadt m\u1ea1nh \u1ed1ng m\u1ec1m.<\/div>\n<\/div>\n<div style=\"color: #333; font-size: 14px;\"><b>D\u1eef li\u1ec7u k\u1ef9 thu\u1eadt<\/b><\/div>\n<div style=\"color: #333; font-size: 14px;\">Ch\u1ec9 s\u1ed1 b\u1ea3o v\u1ec7 IP: IP 44<\/div>\n<div style=\"color: #333; font-size: 14px;\">C\u00f4ng su\u1ea5t \u0111\u1ecbnh m\u1ee9c khi m\u1edf cu\u1ed9n: 2400 W<\/div>\n<div style=\"color: #333; font-size: 14px;\">\u0110i\u1ec7n \u00e1p danh \u0111\u1ecbnh: 250 V<\/div>\n<div style=\"color: #333; font-size: 14px;\">Chi\u1ec1u d\u00e0i: 496 mm<\/div>\n<div style=\"color: #333; font-size: 14px;\">Chi\u1ec1u r\u1ed9ng: 192 mm<\/div>\n<div style=\"color: #333; font-size: 14px;\">Chi\u1ec1u cao: 401 mm<\/div>\n<div style=\"color: #333; font-size: 14px;\">Ngu\u1ed3n \u0111i\u1ec7n: Ho\u1ea1t \u0111\u1ed9ng b\u1eb1ng \u0111i\u1ec7n l\u01b0\u1edbi<\/div>\n<div style=\"color: #333; font-size: 14px;\">Lo\u1ea1i c\u00e1p: H07RN-F<\/div>\n<div style=\"color: #333; font-size: 14px;\">C\u1ea5u tr\u00fac c\u00e1p: 3G1.5<\/div>\n<div style=\"color: #333; font-size: 14px;\">V\u1eadt li\u1ec7u c\u00e1p: Cao su Neoprene<\/div>\n<div style=\"color: #333; font-size: 14px;\">Chi\u1ec1u d\u00e0i c\u00e1p: 15 m<\/div>\n<div style=\"color: #333; font-size: 14px;\">Lo\u1ea1i s\u1ea3n ph\u1ea9m: Cu\u1ed9n d\u00e2y c\u00e1p<\/div>\n<div style=\"color: #333; font-size: 14px;\">M\u00e3 s\u1ea3n ph\u1ea9m: 081198 15<\/div>\n<div style=\"color: #333; font-size: 14px;\">EAN \/ GTIN: 4062406284701<\/div>\n<div style=\"color: #333; font-size: 14px;\">M\u00e3 nh\u00e0 s\u1ea3n xu\u1ea5t: 081198 15<\/div>\n<div style=\"color: #333; font-size: 14px;\">Nh\u00e0 s\u1ea3n xu\u1ea5t: Hoffmann Supply Chain GmbH &#038; Co. KG, Poststra\u00dfe 15, 90471 N\u00fcrnberg, Germany, www.hoffmann-group.com<\/div>\n<p><strong>\ud83d\udcc4 Datasheet:<\/strong> <iframe src=\"https:\/\/cdn.hoffmann-group.com\/dsh\/en-GB\/dsh_en-gb_1419542.pdf\" width=\"100%\" height=\"600px\" style=\"border:1px solid #ccc;\"><\/iframe><\/p>\n","protected":false},"excerpt":{"rendered":"<p>Phi\u00ean b\u1ea3n: Cu\u1ed9n d\u00e2y c\u00e1p v\u1edbi c\u01a1 ch\u1ebf t\u1ef1 \u0111\u1ed9ng thu v\u00e0o v\u00e0 cu\u1ed9n l\u00ean, c\u00f3 nhi\u1ec1u \u0111i\u1ec3m d\u1eebng tr\u00ean [&hellip;]<\/p>\n","protected":false},"featured_media":1669,"comment_status":"open","ping_status":"closed","template":"","meta":{"site-sidebar-layout":"default","site-content-layout":"","ast-site-content-layout":"","site-content-style":"default","site-sidebar-style":"default","ast-global-header-display":"","ast-banner-title-visibility":"","ast-main-header-display":"","ast-hfb-above-header-display":"","ast-hfb-below-header-display":"","ast-hfb-mobile-header-display":"","site-post-title":"","ast-breadcrumbs-content":"","ast-featured-img":"","footer-sml-layout":"","theme-transparent-header-meta":"","adv-header-id-meta":"","stick-header-meta":"","header-above-stick-meta":"","header-main-stick-meta":"","header-below-stick-meta":"","astra-migrate-meta-layouts":"default","ast-page-background-enabled":"default","ast-page-background-meta":{"desktop":{"background-color":"var(--ast-global-color-5)","background-image":"","background-repeat":"repeat","background-position":"center center","background-size":"auto","background-attachment":"scroll","background-type":"","background-media":"","overlay-type":"","overlay-color":"","overlay-opacity":"","overlay-gradient":""},"tablet":{"background-color":"","background-image":"","background-repeat":"repeat","background-position":"center center","background-size":"auto","background-attachment":"scroll","background-type":"","background-media":"","overlay-type":"","overlay-color":"","overlay-opacity":"","overlay-gradient":""},"mobile":{"background-color":"","background-image":"","background-repeat":"repeat","background-position":"center center","background-size":"auto","background-attachment":"scroll","background-type":"","background-media":"","overlay-type":"","overlay-color":"","overlay-opacity":"","overlay-gradient":""}},"ast-content-background-meta":{"desktop":{"background-color":"var(--ast-global-color-4)","background-image":"","background-repeat":"repeat","background-position":"center center","background-size":"auto","background-attachment":"scroll","background-type":"","background-media":"","overlay-type":"","overlay-color":"","overlay-opacity":"","overlay-gradient":""},"tablet":{"background-color":"var(--ast-global-color-4)","background-image":"","background-repeat":"repeat","background-position":"center center","background-size":"auto","background-attachment":"scroll","background-type":"","background-media":"","overlay-type":"","overlay-color":"","overlay-opacity":"","overlay-gradient":""},"mobile":{"background-color":"var(--ast-global-color-4)","background-image":"","background-repeat":"repeat","background-position":"center center","background-size":"auto","background-attachment":"scroll","background-type":"","background-media":"","overlay-type":"","overlay-color":"","overlay-opacity":"","overlay-gradient":""}}},"product_brand":[],"product_cat":[27],"product_tag":[],"class_list":{"0":"post-1668","1":"product","2":"type-product","3":"status-publish","4":"has-post-thumbnail","6":"product_cat-thiet-bi-nha-may","7":"desktop-align-left","8":"tablet-align-left","9":"mobile-align-left","11":"first","12":"instock","13":"shipping-taxable","14":"purchasable","15":"product-type-simple"},"_links":{"self":[{"href":"https:\/\/garant.vn\/index.php?rest_route=\/wp\/v2\/product\/1668","targetHints":{"allow":["GET"]}}],"collection":[{"href":"https:\/\/garant.vn\/index.php?rest_route=\/wp\/v2\/product"}],"about":[{"href":"https:\/\/garant.vn\/index.php?rest_route=\/wp\/v2\/types\/product"}],"replies":[{"embeddable":true,"href":"https:\/\/garant.vn\/index.php?rest_route=%2Fwp%2Fv2%2Fcomments&post=1668"}],"wp:featuredmedia":[{"embeddable":true,"href":"https:\/\/garant.vn\/index.php?rest_route=\/wp\/v2\/media\/1669"}],"wp:attachment":[{"href":"https:\/\/garant.vn\/index.php?rest_route=%2Fwp%2Fv2%2Fmedia&parent=1668"}],"wp:term":[{"taxonomy":"product_brand","embeddable":true,"href":"https:\/\/garant.vn\/index.php?rest_route=%2Fwp%2Fv2%2Fproduct_brand&post=1668"},{"taxonomy":"product_cat","embeddable":true,"href":"https:\/\/garant.vn\/index.php?rest_route=%2Fwp%2Fv2%2Fproduct_cat&post=1668"},{"taxonomy":"product_tag","embeddable":true,"href":"https:\/\/garant.vn\/index.php?rest_route=%2Fwp%2Fv2%2Fproduct_tag&post=1668"}],"curies":[{"name":"wp","href":"https:\/\/api.w.org\/{rel}","templated":true}]}}