{"id":1688,"date":"2025-04-18T07:33:14","date_gmt":"2025-04-18T07:33:14","guid":{"rendered":"https:\/\/garant.vn\/product\/den-lam-viec-led-khong-day-loai-200\/"},"modified":"2025-04-18T07:33:14","modified_gmt":"2025-04-18T07:33:14","slug":"den-lam-viec-led-khong-day-loai-200","status":"publish","type":"product","link":"https:\/\/garant.vn\/?product=den-lam-viec-led-khong-day-loai-200","title":{"rendered":"\u0110\u00e8n l\u00e0m vi\u1ec7c LED kh\u00f4ng d\u00e2y, Lo\u1ea1i: 200"},"content":{"rendered":"<div style=\"color: #333; font-size: 14px;\"><b>Phi\u00ean b\u1ea3n:<\/b> \u0110\u00e8n l\u00e0m vi\u1ec7c LED kh\u00f4ng d\u00e2y \u0111a n\u0103ng v\u1edbi thi\u1ebft k\u1ebf m\u1ecfng, ch\u1eafc ch\u1eafn v\u00e0 nhi\u1ec1u \u1ee9ng d\u1ee5ng. Theo d\u00f5i tr\u1ea1ng th\u00e1i s\u1ea1c pin th\u1ef1c t\u1ebf b\u1eb1ng m\u00e0n h\u00ecnh LED tr\u1ef1c ti\u1ebfp tr\u00ean \u0111\u00e8n. \u0110\u00e8n ch\u00ednh c\u00f3 th\u1ec3 \u0111i\u1ec1u ch\u1ec9nh \u0111\u1ed9 s\u00e1ng li\u00ean t\u1ee5c t\u1eeb 10 &#8211; 100%. T\u00edch h\u1ee3p ch\u1ee9c n\u0103ng \u0111\u00e8n chi\u1ebfu \u0111i\u1ec3m. S\u1eed d\u1ee5ng linh ho\u1ea1t nh\u1edd \u0111\u1ebf t\u1eeb xoay 180\u00b0, c\u00f9ng v\u1edbi m\u00f3c treo c\u00f3 th\u1ec3 g\u1eadp l\u00ean v\u00e0 xoay.<\/div>\n<div style=\"color: #333; font-size: 14px; margin-top: 5px;\"><b>Ch\u1ee9c n\u0103ng:<\/b> IP65: B\u1ea3o v\u1ec7 ch\u1ed1ng l\u1ea1i tia n\u01b0\u1edbc t\u1eeb m\u1ecdi h\u01b0\u1edbng v\u00e0 b\u1ea3o v\u1ec7 ch\u1ed1ng l\u1ea1i s\u1ef1 x\u00e2m nh\u1eadp c\u1ee7a b\u1ee5i (ch\u1ed1ng b\u1ee5i), c\u0169ng \u0111\u01b0\u1ee3c b\u1ea3o v\u1ec7 ho\u00e0n to\u00e0n ch\u1ed1ng l\u1ea1i vi\u1ec7c ch\u1ea1m v\u00e0o.<\/div>\n<div style=\"color: #333; font-size: 14px; margin-top: 5px;\"><b>\u0110i k\u00e8m:<\/b> Cung c\u1ea5p k\u00e8m theo c\u00e1p s\u1ea1c USB-C v\u00e0 b\u1ed9 c\u1ea5p ngu\u1ed3n c\u1eafm v\u00e0o.<\/div>\n<div style=\"color: #333; font-size: 14px; margin-top: 5px;\"><b>L\u01b0u \u00fd:<\/b> \u0110\u1ec3 g\u1eafn tr\u00ean b\u1ea3ng \u0111\u1ee5c l\u1ed7 GARANT easyFix, h\u00e3y \u0111\u1eb7t mua th\u00eam t\u1ea5m \u0111\u1ebf s\u1ed1 955820 c\u1ee1 2.<\/div>\n<div style=\"color: #333; font-size: 14px; margin-top: 5px;\"><b>C\u1ea3nh b\u00e1o:<\/b> S\u1eed d\u1ee5ng theo m\u1ee5c \u0111\u00edch: \u0110\u00e8n l\u00e0m vi\u1ec7c LED kh\u00f4ng d\u00e2y v\u1edbi \u0111\u00e8n chi\u1ebfu \u0111i\u1ec3m v\u00e0 ch\u00f9m s\u00e1ng ch\u00ednh c\u00f3 th\u1ec3 \u0111i\u1ec1u ch\u1ec9nh v\u00f4 c\u1ea5p, \u0111\u1ebf t\u1eeb v\u00e0 m\u00f3c treo. Th\u00edch h\u1ee3p cho c\u1ea3 s\u1eed d\u1ee5ng c\u00f4ng nghi\u1ec7p v\u00e0 t\u01b0 nh\u00e2n. B\u1ea3o v\u1ec7 ch\u1ed1ng b\u1ee5i v\u00e0 n\u01b0\u1edbc b\u1eafn theo ti\u00eau chu\u1ea9n IP 65. Ch\u1ed1ng s\u1ed1c theo ti\u00eau chu\u1ea9n IK 07. L\u1ea1m d\u1ee5ng c\u00f3 th\u1ec3 th\u1ea5y tr\u01b0\u1edbc m\u1ed9t c\u00e1ch h\u1ee3p l\u00fd: Kh\u00f4ng th\u00edch h\u1ee3p cho tr\u1ebb em s\u1eed d\u1ee5ng. Kh\u00f4ng s\u1eed d\u1ee5ng trong khu v\u1ef1c c\u00f3 nguy c\u01a1 ch\u00e1y n\u1ed5. Kh\u00f4ng \u0111\u1ec3 \u0111\u00e8n l\u00e0m vi\u1ec7c ti\u1ebfp x\u00fac v\u1edbi nhi\u1ec7t \u0111\u1ed9 cao, \u00e1nh s\u00e1ng m\u1eb7t tr\u1eddi tr\u1ef1c ti\u1ebfp ho\u1eb7c ng\u1ecdn l\u1eeda tr\u1ea7n. N\u1ebfu v\u1ecf b\u1ecb h\u1ecfng, kh\u00f4ng ti\u1ebfp t\u1ee5c s\u1eed d\u1ee5ng \u0111\u00e8n l\u00e0m vi\u1ec7c. Kh\u00f4ng m\u1edf v\u1ecf. Kh\u00f4ng thay b\u00f3ng \u0111\u00e8n.<\/div>\n<div style=\"color: #333; font-size: 14px; margin-top: 5px;\"><b>D\u1eef li\u1ec7u k\u1ef9 thu\u1eadt:<\/b><\/div>\n<ul style=\"color: #333; font-size: 14px;\">\n<li>Ch\u1ec9 s\u1ed1 b\u1ea3o v\u1ec7 IP: IP 65<\/li>\n<li>V\u00f9ng ATEX: Kh\u00f4ng<\/li>\n<li>\u0110\u1ed9 chi\u1ebfu s\u00e1ng: 20 lm &#8211; 200 lm<\/li>\n<li>Th\u1eddi gian chi\u1ebfu s\u00e1ng: 2 h &#8211; 20 h<\/li>\n<li>Ngu\u1ed3n \u0111i\u1ec7n: Pin s\u1ea1c<\/li>\n<li>B\u00f3ng \u0111\u00e8n: M\u00f4-\u0111un LED<\/li>\n<li>S\u1ed1 l\u01b0\u1ee3ng pin s\u1ea1c ch\u1ee9a: 1<\/li>\n<li>Lo\u1ea1i pin s\u1ea1c: Lithium-ion<\/li>\n<li>Dung l\u01b0\u1ee3ng pin: 1.2 Ah<\/li>\n<li>\u0110i\u1ec7n \u00e1p pin: 3.7 V<\/li>\n<li>Chi\u1ec1u d\u00e0i t\u1ed5ng th\u1ec3: 200 mm<\/li>\n<li>Chi\u1ec1u r\u1ed9ng t\u1ed5ng th\u1ec3: 39 mm<\/li>\n<li>Tr\u1ecdng l\u01b0\u1ee3ng: 157 g<\/li>\n<li>Lo\u1ea1i s\u1ea3n ph\u1ea9m: \u0110\u00e8n l\u00e0m vi\u1ec7c<\/li>\n<li>M\u00e3 s\u1ea3n ph\u1ea9m: 081441 200<\/li>\n<li>EAN \/ GTIN: 4062406232900<\/li>\n<li>M\u00e3 nh\u00e0 s\u1ea3n xu\u1ea5t: 081441 200<\/li>\n<li>Nh\u00e0 s\u1ea3n xu\u1ea5t: Hoffmann Supply Chain GmbH &#038; Co. KG, Poststra\u00dfe 15, 90471 N\u00fcrnberg, Germany, www.hoffmann-group.com<\/li>\n<\/ul>\n<p><strong>\ud83d\udcc4 Datasheet:<\/strong> <iframe src=\"https:\/\/cdn.hoffmann-group.com\/dsh\/en-GB\/dsh_en-gb_1387005.pdf\" width=\"100%\" height=\"600px\" style=\"border:1px solid #ccc;\"><\/iframe><\/p>\n","protected":false},"excerpt":{"rendered":"<p>Phi\u00ean b\u1ea3n: \u0110\u00e8n l\u00e0m vi\u1ec7c LED kh\u00f4ng d\u00e2y \u0111a n\u0103ng v\u1edbi thi\u1ebft k\u1ebf m\u1ecfng, ch\u1eafc ch\u1eafn v\u00e0 nhi\u1ec1u \u1ee9ng d\u1ee5ng. [&hellip;]<\/p>\n","protected":false},"featured_media":1689,"comment_status":"open","ping_status":"closed","template":"","meta":{"site-sidebar-layout":"default","site-content-layout":"","ast-site-content-layout":"","site-content-style":"default","site-sidebar-style":"default","ast-global-header-display":"","ast-banner-title-visibility":"","ast-main-header-display":"","ast-hfb-above-header-display":"","ast-hfb-below-header-display":"","ast-hfb-mobile-header-display":"","site-post-title":"","ast-breadcrumbs-content":"","ast-featured-img":"","footer-sml-layout":"","theme-transparent-header-meta":"","adv-header-id-meta":"","stick-header-meta":"","header-above-stick-meta":"","header-main-stick-meta":"","header-below-stick-meta":"","astra-migrate-meta-layouts":"default","ast-page-background-enabled":"default","ast-page-background-meta":{"desktop":{"background-color":"var(--ast-global-color-5)","background-image":"","background-repeat":"repeat","background-position":"center center","background-size":"auto","background-attachment":"scroll","background-type":"","background-media":"","overlay-type":"","overlay-color":"","overlay-opacity":"","overlay-gradient":""},"tablet":{"background-color":"","background-image":"","background-repeat":"repeat","background-position":"center center","background-size":"auto","background-attachment":"scroll","background-type":"","background-media":"","overlay-type":"","overlay-color":"","overlay-opacity":"","overlay-gradient":""},"mobile":{"background-color":"","background-image":"","background-repeat":"repeat","background-position":"center center","background-size":"auto","background-attachment":"scroll","background-type":"","background-media":"","overlay-type":"","overlay-color":"","overlay-opacity":"","overlay-gradient":""}},"ast-content-background-meta":{"desktop":{"background-color":"var(--ast-global-color-4)","background-image":"","background-repeat":"repeat","background-position":"center center","background-size":"auto","background-attachment":"scroll","background-type":"","background-media":"","overlay-type":"","overlay-color":"","overlay-opacity":"","overlay-gradient":""},"tablet":{"background-color":"var(--ast-global-color-4)","background-image":"","background-repeat":"repeat","background-position":"center center","background-size":"auto","background-attachment":"scroll","background-type":"","background-media":"","overlay-type":"","overlay-color":"","overlay-opacity":"","overlay-gradient":""},"mobile":{"background-color":"var(--ast-global-color-4)","background-image":"","background-repeat":"repeat","background-position":"center center","background-size":"auto","background-attachment":"scroll","background-type":"","background-media":"","overlay-type":"","overlay-color":"","overlay-opacity":"","overlay-gradient":""}}},"product_brand":[],"product_cat":[27],"product_tag":[],"class_list":{"0":"post-1688","1":"product","2":"type-product","3":"status-publish","4":"has-post-thumbnail","6":"product_cat-thiet-bi-nha-may","7":"desktop-align-left","8":"tablet-align-left","9":"mobile-align-left","11":"first","12":"instock","13":"shipping-taxable","14":"purchasable","15":"product-type-simple"},"_links":{"self":[{"href":"https:\/\/garant.vn\/index.php?rest_route=\/wp\/v2\/product\/1688","targetHints":{"allow":["GET"]}}],"collection":[{"href":"https:\/\/garant.vn\/index.php?rest_route=\/wp\/v2\/product"}],"about":[{"href":"https:\/\/garant.vn\/index.php?rest_route=\/wp\/v2\/types\/product"}],"replies":[{"embeddable":true,"href":"https:\/\/garant.vn\/index.php?rest_route=%2Fwp%2Fv2%2Fcomments&post=1688"}],"wp:featuredmedia":[{"embeddable":true,"href":"https:\/\/garant.vn\/index.php?rest_route=\/wp\/v2\/media\/1689"}],"wp:attachment":[{"href":"https:\/\/garant.vn\/index.php?rest_route=%2Fwp%2Fv2%2Fmedia&parent=1688"}],"wp:term":[{"taxonomy":"product_brand","embeddable":true,"href":"https:\/\/garant.vn\/index.php?rest_route=%2Fwp%2Fv2%2Fproduct_brand&post=1688"},{"taxonomy":"product_cat","embeddable":true,"href":"https:\/\/garant.vn\/index.php?rest_route=%2Fwp%2Fv2%2Fproduct_cat&post=1688"},{"taxonomy":"product_tag","embeddable":true,"href":"https:\/\/garant.vn\/index.php?rest_route=%2Fwp%2Fv2%2Fproduct_tag&post=1688"}],"curies":[{"name":"wp","href":"https:\/\/api.w.org\/{rel}","templated":true}]}}