{"id":1694,"date":"2025-04-18T07:33:43","date_gmt":"2025-04-18T07:33:43","guid":{"rendered":"https:\/\/garant.vn\/product\/den-pha-led-khong-day-loai-3000\/"},"modified":"2025-04-18T07:33:43","modified_gmt":"2025-04-18T07:33:43","slug":"den-pha-led-khong-day-loai-3000","status":"publish","type":"product","link":"https:\/\/garant.vn\/?product=den-pha-led-khong-day-loai-3000","title":{"rendered":"\u0110\u00e8n pha LED kh\u00f4ng d\u00e2y, Lo\u1ea1i: 3000"},"content":{"rendered":"<div style=\"color: #333; font-size: 14px;\"><b>Phi\u00ean b\u1ea3n:<\/b><\/div>\n<div style=\"color: #555; font-size: 12px; margin-left: 10px;\">\u0110\u00e8n pha LED pin kh\u00f4ng d\u00e2y v\u1edbi v\u1ecf nh\u00f4m ch\u1eafc ch\u1eafn \u0111\u1ec3 s\u1eed d\u1ee5ng h\u00e0ng ng\u00e0y trong m\u00f4i tr\u01b0\u1eddng kh\u1eafc nghi\u1ec7t. M\u00f4-\u0111un COB LED hi\u1ec7u su\u1ea5t cao. C\u00f3 th\u1ec3 \u0111i\u1ec1u ch\u1ec9nh \u0111\u1ed9 s\u00e1ng theo 5 b\u01b0\u1edbc t\u1eeb 10 \u0111\u1ebfn 100%. Theo d\u00f5i th\u1ef1c t\u1ebf tr\u1ea1ng th\u00e1i s\u1ea1c c\u1ee7a pin b\u1eb1ng m\u00e0n h\u00ecnh LED tr\u1ef1c ti\u1ebfp tr\u00ean \u0111\u00e8n. \u0110\u1ebf c\u00f3 l\u1ed7 t\u00edch h\u1ee3p 10 mm, \u0111\u1ec3 g\u1eafn tr\u00ean gi\u00e1 \u0111\u1ee1 ph\u00f9 h\u1ee3p. Linh ho\u1ea1t trong s\u1eed d\u1ee5ng. C\u00f3 th\u1ec3 d\u00f9ng kh\u00f4ng d\u00e2y ho\u1eb7c ngu\u1ed3n \u0111i\u1ec7n l\u01b0\u1edbi.<\/div>\n<div style=\"color: #333; font-size: 14px; margin-top: 10px;\"><b>Ch\u1ee9c n\u0103ng:<\/b><\/div>\n<div style=\"color: #555; font-size: 12px; margin-left: 10px;\">IP67: \u0110\u01b0\u1ee3c b\u1ea3o v\u1ec7 ch\u1ed1ng ng\u00e2m n\u01b0\u1edbc kh\u00f4ng li\u00ean t\u1ee5c v\u00e0 \u0111\u01b0\u1ee3c b\u1ea3o v\u1ec7 ch\u1ed1ng l\u1ea1i s\u1ef1 x\u00e2m nh\u1eadp c\u1ee7a b\u1ee5i (ch\u1ed1ng b\u1ee5i), c\u0169ng \u0111\u01b0\u1ee3c b\u1ea3o v\u1ec7 ho\u00e0n to\u00e0n ch\u1ed1ng l\u1ea1i vi\u1ec7c ch\u1ea1m v\u00e0o.<\/div>\n<div style=\"color: #333; font-size: 14px; margin-top: 10px;\"><b>\u0110i k\u00e8m v\u1edbi:<\/b><\/div>\n<div style=\"color: #555; font-size: 12px; margin-left: 10px;\">Bao g\u1ed3m b\u1ed9 s\u1ea1c pin.<\/div>\n<div style=\"color: #333; font-size: 14px; margin-top: 10px;\"><b>C\u1ea3nh b\u00e1o:<\/b><\/div>\n<div style=\"color: #555; font-size: 12px; margin-left: 10px;\"><b>S\u1eed d\u1ee5ng theo m\u1ee5c \u0111\u00edch<\/b><br \/>Th\u00edch h\u1ee3p cho c\u1ea3 s\u1eed d\u1ee5ng c\u00f4ng nghi\u1ec7p v\u00e0 t\u01b0 nh\u00e2n.<br \/>\u0110\u1ec3 s\u1eed d\u1ee5ng kh\u00f4ng d\u00e2y trong nh\u00e0 v\u00e0 ngo\u00e0i tr\u1eddi.<br \/>\u0110\u1ec3 s\u1eed d\u1ee5ng c\u00f3 d\u00e2y trong nh\u00e0.<br \/>\u0110\u01b0\u1ee3c b\u1ea3o v\u1ec7 kh\u1ecfi b\u1ee5i v\u00e0 ng\u00e2m t\u1ea1m th\u1eddi theo ti\u00eau chu\u1ea9n IP 67.<br \/>Ch\u1ed1ng s\u1ed1c theo ti\u00eau chu\u1ea9n IK 07.<br \/><b>L\u1ea1m d\u1ee5ng c\u00f3 th\u1ec3 th\u1ea5y tr\u01b0\u1edbc m\u1ed9t c\u00e1ch h\u1ee3p l\u00fd<\/b><br \/>Kh\u00f4ng th\u00edch h\u1ee3p cho tr\u1ebb em s\u1eed d\u1ee5ng.<br \/>Kh\u00f4ng s\u1eed d\u1ee5ng trong khu v\u1ef1c nguy hi\u1ec3m n\u1ed5.<br \/>Kh\u00f4ng \u0111\u1ec3 \u0111\u00e8n l\u00e0m vi\u1ec7c ti\u1ebfp x\u00fac v\u1edbi nhi\u1ec7t \u0111\u1ed9 cao, \u00e1nh n\u1eafng tr\u1ef1c ti\u1ebfp ho\u1eb7c ng\u1ecdn l\u1eeda tr\u1ea7n.<br \/>N\u1ebfu v\u1ecf b\u1ecb h\u1ecfng, kh\u00f4ng ti\u1ebfp t\u1ee5c s\u1eed d\u1ee5ng \u0111\u00e8n l\u00e0m vi\u1ec7c.<br \/>Kh\u00f4ng m\u1edf v\u1ecf.<br \/>Gi\u1eef d\u00e2y ngu\u1ed3n tr\u00e1nh xa nhi\u1ec7t, d\u1ea7u v\u00e0 v\u1eadt s\u1eafc nh\u1ecdn.<br \/>Kh\u00f4ng thay th\u1ebf b\u00f3ng \u0111\u00e8n.<\/div>\n<div style=\"color: #333; font-size: 14px; margin-top: 10px;\"><b>Th\u00f4ng s\u1ed1 k\u1ef9 thu\u1eadt<\/b><\/div>\n<div style=\"color: #555; font-size: 12px; margin-left: 10px;\">Ch\u1ec9 s\u1ed1 b\u1ea3o v\u1ec7 IP: IP 67<br \/>V\u00f9ng ATEX: kh\u00f4ng<br \/>\u0110\u1ed9 chi\u1ebfu s\u00e1ng: 400 lm &#8211; 4.000 lm<br \/>Th\u1eddi gian chi\u1ebfu s\u00e1ng: 1 gi\u1edd &#8211; 14 gi\u1edd<br \/>Ngu\u1ed3n \u0111i\u1ec7n: Pin s\u1ea1c<br \/>B\u00f3ng \u0111\u00e8n: M\u00f4-\u0111un LED<br \/>S\u1ed1 l\u01b0\u1ee3ng pin s\u1ea1c ch\u1ee9a: 1<br \/>Lo\u1ea1i pin s\u1ea1c: Lithium-ion<br \/>Dung l\u01b0\u1ee3ng pin: 4.4 Ah<br \/>\u0110i\u1ec7n \u00e1p pin: 11.1 V<br \/>Chi\u1ec1u d\u00e0i t\u1ed5ng th\u1ec3: 234 mm<br \/>Chi\u1ec1u r\u1ed9ng t\u1ed5ng th\u1ec3: 88 mm<br \/>Chi\u1ec1u cao t\u1ed5ng th\u1ec3: 233 mm<br \/>Tr\u1ecdng l\u01b0\u1ee3ng: 1,720 g<br \/>Lo\u1ea1i s\u1ea3n ph\u1ea9m: \u0110\u00e8n pha<br \/>M\u00e3 s\u1ea3n ph\u1ea9m: 081445 3000<br \/>EAN \/ GTIN: 4062406232894<br \/>M\u00e3 nh\u00e0 s\u1ea3n xu\u1ea5t: 081445 3000<br \/>Nh\u00e0 s\u1ea3n xu\u1ea5t: Hoffmann Supply Chain GmbH &#038; Co. KG, Poststra\u00dfe 15, 90471 N\u00fcrnberg, Germany, www.hoffmann-group.com<\/div>\n<p><strong>\ud83d\udcc4 Datasheet:<\/strong> <iframe src=\"https:\/\/cdn.hoffmann-group.com\/dsh\/en-GB\/dsh_en-gb_1387004.pdf\" width=\"100%\" height=\"600px\" style=\"border:1px solid #ccc;\"><\/iframe><\/p>\n","protected":false},"excerpt":{"rendered":"<p>Phi\u00ean b\u1ea3n: \u0110\u00e8n pha LED pin kh\u00f4ng d\u00e2y v\u1edbi v\u1ecf nh\u00f4m ch\u1eafc ch\u1eafn \u0111\u1ec3 s\u1eed d\u1ee5ng h\u00e0ng ng\u00e0y trong m\u00f4i [&hellip;]<\/p>\n","protected":false},"featured_media":1695,"comment_status":"open","ping_status":"closed","template":"","meta":{"site-sidebar-layout":"default","site-content-layout":"","ast-site-content-layout":"","site-content-style":"default","site-sidebar-style":"default","ast-global-header-display":"","ast-banner-title-visibility":"","ast-main-header-display":"","ast-hfb-above-header-display":"","ast-hfb-below-header-display":"","ast-hfb-mobile-header-display":"","site-post-title":"","ast-breadcrumbs-content":"","ast-featured-img":"","footer-sml-layout":"","theme-transparent-header-meta":"","adv-header-id-meta":"","stick-header-meta":"","header-above-stick-meta":"","header-main-stick-meta":"","header-below-stick-meta":"","astra-migrate-meta-layouts":"default","ast-page-background-enabled":"default","ast-page-background-meta":{"desktop":{"background-color":"var(--ast-global-color-5)","background-image":"","background-repeat":"repeat","background-position":"center center","background-size":"auto","background-attachment":"scroll","background-type":"","background-media":"","overlay-type":"","overlay-color":"","overlay-opacity":"","overlay-gradient":""},"tablet":{"background-color":"","background-image":"","background-repeat":"repeat","background-position":"center center","background-size":"auto","background-attachment":"scroll","background-type":"","background-media":"","overlay-type":"","overlay-color":"","overlay-opacity":"","overlay-gradient":""},"mobile":{"background-color":"","background-image":"","background-repeat":"repeat","background-position":"center center","background-size":"auto","background-attachment":"scroll","background-type":"","background-media":"","overlay-type":"","overlay-color":"","overlay-opacity":"","overlay-gradient":""}},"ast-content-background-meta":{"desktop":{"background-color":"var(--ast-global-color-4)","background-image":"","background-repeat":"repeat","background-position":"center center","background-size":"auto","background-attachment":"scroll","background-type":"","background-media":"","overlay-type":"","overlay-color":"","overlay-opacity":"","overlay-gradient":""},"tablet":{"background-color":"var(--ast-global-color-4)","background-image":"","background-repeat":"repeat","background-position":"center center","background-size":"auto","background-attachment":"scroll","background-type":"","background-media":"","overlay-type":"","overlay-color":"","overlay-opacity":"","overlay-gradient":""},"mobile":{"background-color":"var(--ast-global-color-4)","background-image":"","background-repeat":"repeat","background-position":"center center","background-size":"auto","background-attachment":"scroll","background-type":"","background-media":"","overlay-type":"","overlay-color":"","overlay-opacity":"","overlay-gradient":""}}},"product_brand":[],"product_cat":[27],"product_tag":[],"class_list":{"0":"post-1694","1":"product","2":"type-product","3":"status-publish","4":"has-post-thumbnail","6":"product_cat-thiet-bi-nha-may","7":"desktop-align-left","8":"tablet-align-left","9":"mobile-align-left","11":"first","12":"instock","13":"shipping-taxable","14":"purchasable","15":"product-type-simple"},"_links":{"self":[{"href":"https:\/\/garant.vn\/index.php?rest_route=\/wp\/v2\/product\/1694","targetHints":{"allow":["GET"]}}],"collection":[{"href":"https:\/\/garant.vn\/index.php?rest_route=\/wp\/v2\/product"}],"about":[{"href":"https:\/\/garant.vn\/index.php?rest_route=\/wp\/v2\/types\/product"}],"replies":[{"embeddable":true,"href":"https:\/\/garant.vn\/index.php?rest_route=%2Fwp%2Fv2%2Fcomments&post=1694"}],"wp:featuredmedia":[{"embeddable":true,"href":"https:\/\/garant.vn\/index.php?rest_route=\/wp\/v2\/media\/1695"}],"wp:attachment":[{"href":"https:\/\/garant.vn\/index.php?rest_route=%2Fwp%2Fv2%2Fmedia&parent=1694"}],"wp:term":[{"taxonomy":"product_brand","embeddable":true,"href":"https:\/\/garant.vn\/index.php?rest_route=%2Fwp%2Fv2%2Fproduct_brand&post=1694"},{"taxonomy":"product_cat","embeddable":true,"href":"https:\/\/garant.vn\/index.php?rest_route=%2Fwp%2Fv2%2Fproduct_cat&post=1694"},{"taxonomy":"product_tag","embeddable":true,"href":"https:\/\/garant.vn\/index.php?rest_route=%2Fwp%2Fv2%2Fproduct_tag&post=1694"}],"curies":[{"name":"wp","href":"https:\/\/api.w.org\/{rel}","templated":true}]}}