{"id":1696,"date":"2025-04-18T07:34:54","date_gmt":"2025-04-18T07:34:54","guid":{"rendered":"https:\/\/garant.vn\/?product=den-pin-led-sac-dien-loai-200"},"modified":"2025-04-18T07:34:54","modified_gmt":"2025-04-18T07:34:54","slug":"den-pin-led-sac-dien-loai-200","status":"publish","type":"product","link":"https:\/\/garant.vn\/?product=den-pin-led-sac-dien-loai-200","title":{"rendered":"\u0110\u00e8n Pin LED S\u1ea1c \u0110i\u1ec7n, Lo\u1ea1i: 200"},"content":{"rendered":"<div style=\"color: #333; font-size: 14px;\"><b>Phi\u00ean b\u1ea3n:<\/b> \u0110\u00e8n pin LED s\u1ea1c \u0111i\u1ec7n c\u1ef1c k\u1ef3 m\u1ecfng v\u1edbi v\u1ecf nh\u00f4m ch\u1eafc ch\u1eafn v\u00e0 thanh l\u1ecbch. Ch\u00f9m tia ch\u00ednh c\u00f3 th\u1ec3 \u0111i\u1ec1u ch\u1ec9nh \u0111\u1ed9 s\u00e1ng li\u00ean t\u1ee5c v\u00e0 \u0111\u00e8n LED chi\u1ebfu \u0111i\u1ec3m t\u1eadp trung cao \u0111\u1ea3m b\u1ea3o chi\u1ebfu s\u00e1ng t\u1ed1i \u01b0u trong kh\u00f4ng gian h\u1ea1n ch\u1ebf. K\u1eb9p kim lo\u1ea1i ch\u1eafc ch\u1eafn \u1edf m\u1eb7t sau. Nam ch\u00e2m m\u1ea1nh \u1edf \u0111\u1ebf \u0111\u00e8n. M\u1ee9c s\u1ea1c pin lu\u00f4n hi\u1ec3n th\u1ecb r\u00f5 r\u00e0ng qua m\u00e0n h\u00ecnh LED trung t\u00e2m.<\/div>\n<div style=\"color: #333; font-size: 14px;\"><b>Ch\u1ee9c n\u0103ng:<\/b> IP30: B\u1ea3o v\u1ec7 ch\u1ed1ng l\u1ea1i s\u1ef1 x\u00e2m nh\u1eadp c\u1ee7a v\u1eadt th\u1ec3 l\u1ea1 c\u00f3 \u2300 > 2.5 mm, tuy nhi\u00ean n\u00ean \u0111\u1ec3 c\u00e1c d\u1ee5ng c\u1ee5 v\u00e0 d\u00e2y \u0111i\u1ec7n tr\u00e1nh xa, v\u00e0 kh\u00f4ng b\u1ea3o v\u1ec7 ch\u1ed1ng l\u1ea1i n\u01b0\u1edbc.<\/div>\n<div style=\"color: #333; font-size: 14px;\"><b>\u0110i k\u00e8m:<\/b> C\u00e1p s\u1ea1c USB-C.<\/div>\n<div style=\"color: #333; font-size: 14px;\"><b>C\u1ea3nh b\u00e1o:<\/b><\/div>\n<div style=\"color: #333; font-size: 14px;\"><b>S\u1eed d\u1ee5ng \u0111\u00fang m\u1ee5c \u0111\u00edch:<\/b> D\u00e0nh cho c\u1ea3 m\u1ee5c \u0111\u00edch s\u1eed d\u1ee5ng c\u00f4ng nghi\u1ec7p v\u00e0 c\u00e1 nh\u00e2n.<\/div>\n<div style=\"color: #333; font-size: 14px;\"><b>L\u1ea1m d\u1ee5ng c\u00f3 th\u1ec3 th\u1ea5y tr\u01b0\u1edbc m\u1ed9t c\u00e1ch h\u1ee3p l\u00fd:<\/b> Kh\u00f4ng th\u00edch h\u1ee3p cho tr\u1ebb em s\u1eed d\u1ee5ng. Kh\u00f4ng s\u1eed d\u1ee5ng trong khu v\u1ef1c nguy hi\u1ec3m n\u1ed5. Kh\u00f4ng \u0111\u1ec3 \u0111\u00e8n l\u00e0m vi\u1ec7c ti\u1ebfp x\u00fac v\u1edbi nhi\u1ec7t \u0111\u1ed9 cao, \u00e1nh s\u00e1ng m\u1eb7t tr\u1eddi tr\u1ef1c ti\u1ebfp ho\u1eb7c ng\u1ecdn l\u1eeda tr\u1ea7n. N\u1ebfu v\u1ecf b\u1ecb h\u1ecfng, kh\u00f4ng ti\u1ebfp t\u1ee5c s\u1eed d\u1ee5ng \u0111\u00e8n l\u00e0m vi\u1ec7c. Kh\u00f4ng m\u1edf v\u1ecf. Ch\u1ec9 g\u1eafn \u0111\u00e8n pin v\u00e0o qu\u1ea7n \u00e1o khi n\u00f3 \u0111\u00e3 t\u1eaft.<\/div>\n<div style=\"color: #333; font-size: 14px;\"><b>Th\u00f4ng s\u1ed1 k\u1ef9 thu\u1eadt:<\/b><\/div>\n<div style=\"color: #333; font-size: 14px;\">Ch\u1ec9 s\u1ed1 b\u1ea3o v\u1ec7 IP: IP 30<\/div>\n<div style=\"color: #333; font-size: 14px;\">\u0110\u1ed9 chi\u1ebfu s\u00e1ng: 20 lm &#8211; 200 lm<\/div>\n<div style=\"color: #333; font-size: 14px;\">Th\u1eddi gian chi\u1ebfu s\u00e1ng: 1 h &#8211; 10 h<\/div>\n<div style=\"color: #333; font-size: 14px;\">Ngu\u1ed3n \u0111i\u1ec7n: Pin s\u1ea1c<\/div>\n<div style=\"color: #333; font-size: 14px;\">S\u1ed1 l\u01b0\u1ee3ng pin s\u1ea1c ch\u1ee9a: 1<\/div>\n<div style=\"color: #333; font-size: 14px;\">Lo\u1ea1i pin s\u1ea1c: Lithium-ion<\/div>\n<div style=\"color: #333; font-size: 14px;\">Chi\u1ec1u d\u00e0i t\u1ed5ng th\u1ec3: 173 mm<\/div>\n<div style=\"color: #333; font-size: 14px;\">Chi\u1ec1u r\u1ed9ng t\u1ed5ng th\u1ec3: 17 mm<\/div>\n<div style=\"color: #333; font-size: 14px;\">Tr\u1ecdng l\u01b0\u1ee3ng: 56 g<\/div>\n<div style=\"color: #333; font-size: 14px;\">Lo\u1ea1i s\u1ea3n ph\u1ea9m: \u0110\u00e8n pin<\/div>\n<div style=\"color: #333; font-size: 14px;\">M\u00e3 s\u1ea3n ph\u1ea9m: 081448 200<\/div>\n<div style=\"color: #333; font-size: 14px;\">EAN \/ GTIN: 4062406401900<\/div>\n<div style=\"color: #333; font-size: 14px;\">M\u00e3 nh\u00e0 s\u1ea3n xu\u1ea5t: 081448 200<\/div>\n<div style=\"color: #333; font-size: 14px;\">Nh\u00e0 s\u1ea3n xu\u1ea5t: Hoffmann Supply Chain GmbH &#038; Co. KG, Poststra\u00dfe 15, 90471 N\u00fcrnberg, Germany, www.hoffmann-group.com<\/div>\n<p><strong>\ud83d\udcc4 Datasheet:<\/strong> <iframe src=\"https:\/\/cdn.hoffmann-group.com\/dsh\/en-GB\/dsh_en-gb_2115259.pdf\" width=\"100%\" height=\"600px\" style=\"border:1px solid #ccc;\"><\/iframe><\/p>\n","protected":false},"excerpt":{"rendered":"<p>Phi\u00ean b\u1ea3n: \u0110\u00e8n pin LED s\u1ea1c \u0111i\u1ec7n c\u1ef1c k\u1ef3 m\u1ecfng v\u1edbi v\u1ecf nh\u00f4m ch\u1eafc ch\u1eafn v\u00e0 thanh l\u1ecbch. Ch\u00f9m tia [&hellip;]<\/p>\n","protected":false},"featured_media":1697,"comment_status":"open","ping_status":"closed","template":"","meta":{"site-sidebar-layout":"default","site-content-layout":"","ast-site-content-layout":"","site-content-style":"default","site-sidebar-style":"default","ast-global-header-display":"","ast-banner-title-visibility":"","ast-main-header-display":"","ast-hfb-above-header-display":"","ast-hfb-below-header-display":"","ast-hfb-mobile-header-display":"","site-post-title":"","ast-breadcrumbs-content":"","ast-featured-img":"","footer-sml-layout":"","theme-transparent-header-meta":"","adv-header-id-meta":"","stick-header-meta":"","header-above-stick-meta":"","header-main-stick-meta":"","header-below-stick-meta":"","astra-migrate-meta-layouts":"default","ast-page-background-enabled":"default","ast-page-background-meta":{"desktop":{"background-color":"var(--ast-global-color-5)","background-image":"","background-repeat":"repeat","background-position":"center center","background-size":"auto","background-attachment":"scroll","background-type":"","background-media":"","overlay-type":"","overlay-color":"","overlay-opacity":"","overlay-gradient":""},"tablet":{"background-color":"","background-image":"","background-repeat":"repeat","background-position":"center center","background-size":"auto","background-attachment":"scroll","background-type":"","background-media":"","overlay-type":"","overlay-color":"","overlay-opacity":"","overlay-gradient":""},"mobile":{"background-color":"","background-image":"","background-repeat":"repeat","background-position":"center center","background-size":"auto","background-attachment":"scroll","background-type":"","background-media":"","overlay-type":"","overlay-color":"","overlay-opacity":"","overlay-gradient":""}},"ast-content-background-meta":{"desktop":{"background-color":"var(--ast-global-color-4)","background-image":"","background-repeat":"repeat","background-position":"center center","background-size":"auto","background-attachment":"scroll","background-type":"","background-media":"","overlay-type":"","overlay-color":"","overlay-opacity":"","overlay-gradient":""},"tablet":{"background-color":"var(--ast-global-color-4)","background-image":"","background-repeat":"repeat","background-position":"center center","background-size":"auto","background-attachment":"scroll","background-type":"","background-media":"","overlay-type":"","overlay-color":"","overlay-opacity":"","overlay-gradient":""},"mobile":{"background-color":"var(--ast-global-color-4)","background-image":"","background-repeat":"repeat","background-position":"center center","background-size":"auto","background-attachment":"scroll","background-type":"","background-media":"","overlay-type":"","overlay-color":"","overlay-opacity":"","overlay-gradient":""}}},"product_brand":[],"product_cat":[27],"product_tag":[],"class_list":{"0":"post-1696","1":"product","2":"type-product","3":"status-publish","4":"has-post-thumbnail","6":"product_cat-thiet-bi-nha-may","7":"desktop-align-left","8":"tablet-align-left","9":"mobile-align-left","11":"first","12":"instock","13":"shipping-taxable","14":"purchasable","15":"product-type-simple"},"_links":{"self":[{"href":"https:\/\/garant.vn\/index.php?rest_route=\/wp\/v2\/product\/1696","targetHints":{"allow":["GET"]}}],"collection":[{"href":"https:\/\/garant.vn\/index.php?rest_route=\/wp\/v2\/product"}],"about":[{"href":"https:\/\/garant.vn\/index.php?rest_route=\/wp\/v2\/types\/product"}],"replies":[{"embeddable":true,"href":"https:\/\/garant.vn\/index.php?rest_route=%2Fwp%2Fv2%2Fcomments&post=1696"}],"wp:featuredmedia":[{"embeddable":true,"href":"https:\/\/garant.vn\/index.php?rest_route=\/wp\/v2\/media\/1697"}],"wp:attachment":[{"href":"https:\/\/garant.vn\/index.php?rest_route=%2Fwp%2Fv2%2Fmedia&parent=1696"}],"wp:term":[{"taxonomy":"product_brand","embeddable":true,"href":"https:\/\/garant.vn\/index.php?rest_route=%2Fwp%2Fv2%2Fproduct_brand&post=1696"},{"taxonomy":"product_cat","embeddable":true,"href":"https:\/\/garant.vn\/index.php?rest_route=%2Fwp%2Fv2%2Fproduct_cat&post=1696"},{"taxonomy":"product_tag","embeddable":true,"href":"https:\/\/garant.vn\/index.php?rest_route=%2Fwp%2Fv2%2Fproduct_tag&post=1696"}],"curies":[{"name":"wp","href":"https:\/\/api.w.org\/{rel}","templated":true}]}}