{"id":1712,"date":"2025-04-18T07:35:55","date_gmt":"2025-04-18T07:35:55","guid":{"rendered":"https:\/\/garant.vn\/?product=binh-xit-ap-suat-loai-vl1"},"modified":"2025-04-18T07:35:55","modified_gmt":"2025-04-18T07:35:55","slug":"binh-xit-ap-suat-loai-vl1","status":"publish","type":"product","link":"https:\/\/garant.vn\/?product=binh-xit-ap-suat-loai-vl1","title":{"rendered":"B\u00ecnh x\u1ecbt \u00e1p su\u1ea5t, Lo\u1ea1i: VL1"},"content":{"rendered":"<div style=\"color: #555;\"><b>Phi\u00ean b\u1ea3n:<\/b><\/div>\n<div style=\"color: #555;\">B\u00ecnh ch\u1ee9a b\u1eb1ng nh\u1ef1a ch\u1ea5t l\u01b0\u1ee3ng cao. Tay c\u1ea7m h\u00ecnh n\u1ea5m ti\u1ec7n d\u1ee5ng \u0111\u1ec3 t\u1ea1o \u00e1p l\u1ef1c. V\u00f2i phun b\u1eb1ng \u0111\u1ed3ng thau c\u00f3 th\u1ec3 \u0111i\u1ec1u ch\u1ec9nh \u2013 t\u1eeb phun s\u01b0\u01a1ng \u0111\u1ebfn tia. B\u00ecnh x\u1ecbt \u00e1p su\u1ea5t GARANT c\u00f3 thang \u0111o hi\u1ec3n th\u1ecb v\u00e0 \u0111\u1ebf \u1ed5n \u0111\u1ecbnh. N\u1eafp \u0111\u1ea7u phun v\u00e0 b\u00ecnh ch\u1ee9a ch\u1ea5t l\u1ecfng m\u00e0u tr\u1eafng.<\/div>\n<div style=\"color: #555;\"><b>\u1ee8ng d\u1ee5ng:<\/b><\/div>\n<div style=\"color: #555;\">Ch\u1ed1ng l\u1ea1i c\u00e1c ch\u1ea5t l\u1ecfng ki\u1ec1m v\u00e0 c\u1ed3n th\u00f4ng th\u01b0\u1eddng.<\/div>\n<div style=\"color: #555;\"><b>C\u1ea3nh b\u00e1o:<\/b><\/div>\n<div style=\"color: #555;\">S\u1eed d\u1ee5ng \u0111\u00fang m\u1ee5c \u0111\u00edch: B\u00ecnh x\u1ecbt \u00e1p su\u1ea5t \u0111\u1ec3 s\u1eed d\u1ee5ng trong nh\u00e0 \u0111\u1ec3 phun ch\u1ea5t l\u1ecfng. D\u00f9ng cho c\u1ea3 m\u1ee5c \u0111\u00edch c\u00f4ng nghi\u1ec7p v\u00e0 c\u00e1 nh\u00e2n. K\u00edch th\u01b0\u1edbc VL1 \u0111\u1ec3 phun ch\u1ea5t l\u1ecfng ki\u1ec1m v\u00e0 c\u1ed3n. K\u00edch th\u01b0\u1edbc VA1 \u0111\u1ec3 phun ch\u1ea5t l\u1ecfng c\u00f3 ch\u1ee9a axit. K\u00edch th\u01b0\u1edbc VS1 \u0111\u1ec3 phun ch\u1ea5t l\u1ecfng c\u00f3 ch\u1ee9a dung m\u00f4i, hydrocacbon (ch\u1ea5t t\u1ea9y r\u1eeda phanh), d\u1ea7u kho\u00e1ng v\u00e0 m\u1ee1 b\u00f4i tr\u01a1n.<\/div>\n<div style=\"color: #555;\">S\u1eed d\u1ee5ng sai m\u1ee5c \u0111\u00edch c\u00f3 th\u1ec3 l\u01b0\u1eddng tr\u01b0\u1edbc \u0111\u01b0\u1ee3c: Kh\u00f4ng th\u1ef1c hi\u1ec7n b\u1ea5t k\u1ef3 thay \u0111\u1ed5i ho\u1eb7c s\u1eeda \u0111\u1ed5i tr\u00e1i ph\u00e9p n\u00e0o \u0111\u1ed1i v\u1edbi s\u1ea3n ph\u1ea9m. Kh\u00f4ng \u0111\u1ec3 b\u00ecnh x\u1ecbt \u00e1p su\u1ea5t ti\u1ebfp x\u00fac v\u1edbi nhi\u1ec7t \u0111\u1ed9 cao, \u00e1nh n\u1eafng tr\u1ef1c ti\u1ebfp, ng\u1ecdn l\u1eeda tr\u1ea7n ho\u1eb7c s\u01b0\u01a1ng gi\u00e1. Kh\u00f4ng \u0111\u1ed5 ch\u1ea5t l\u1ecfng c\u00f3 nhi\u1ec7t \u0111\u1ed9 tr\u00ean +40 \u00b0C v\u00e0o b\u00ecnh x\u1ecbt \u00e1p su\u1ea5t. Kh\u00f4ng \u0111\u1ed5 ch\u1ea5t l\u1ecfng m\u00e0 b\u00ecnh x\u1ecbt \u00e1p su\u1ea5t kh\u00f4ng c\u00f3 kh\u1ea3 n\u0103ng ch\u1ed1ng ch\u1ecbu v\u00e0o b\u00ecnh.<\/div>\n<div style=\"color: #555;\"><b>Th\u00f4ng s\u1ed1 k\u1ef9 thu\u1eadt<\/b><\/div>\n<div style=\"color: #555;\">Dung t\u00edch: 1.5 l<\/div>\n<div style=\"color: #555;\">\u00c1p su\u1ea5t ho\u1ea1t \u0111\u1ed9ng t\u1ed1i \u0111a: 3 bar<\/div>\n<div style=\"color: #555;\">V\u1eadt li\u1ec7u l\u00e0m k\u00edn: EPDM<\/div>\n<div style=\"color: #555;\">V\u1eadt li\u1ec7u \u0111\u1ea7u phun: PP<\/div>\n<div style=\"color: #555;\">Lo\u1ea1i s\u1ea3n ph\u1ea9m: B\u00ecnh x\u1ecbt<\/div>\n<div style=\"color: #555;\">M\u00e3 s\u1ea3n ph\u1ea9m: 083512 VL1<\/div>\n<div style=\"color: #555;\">EAN \/ GTIN: 4062406129934<\/div>\n<div style=\"color: #555;\">M\u00e3 nh\u00e0 s\u1ea3n xu\u1ea5t: 083512 VL1<\/div>\n<div style=\"color: #555;\">Nh\u00e0 s\u1ea3n xu\u1ea5t: Hoffmann Supply Chain GmbH &#038; Co. KG, Poststra\u00dfe 15, 90471 N\u00fcrnberg, Germany, www.hoffmann-group.com<\/div>\n<p><strong>\ud83d\udcc4 Datasheet:<\/strong> <iframe src=\"https:\/\/cdn.hoffmann-group.com\/dsh\/en-GB\/dsh_en-gb_1046581.pdf\" width=\"100%\" height=\"600px\" style=\"border:1px solid #ccc;\"><\/iframe><\/p>\n","protected":false},"excerpt":{"rendered":"<p>Phi\u00ean b\u1ea3n: B\u00ecnh ch\u1ee9a b\u1eb1ng nh\u1ef1a ch\u1ea5t l\u01b0\u1ee3ng cao. Tay c\u1ea7m h\u00ecnh n\u1ea5m ti\u1ec7n d\u1ee5ng \u0111\u1ec3 t\u1ea1o \u00e1p l\u1ef1c. V\u00f2i [&hellip;]<\/p>\n","protected":false},"featured_media":1713,"comment_status":"open","ping_status":"closed","template":"","meta":{"site-sidebar-layout":"default","site-content-layout":"","ast-site-content-layout":"","site-content-style":"default","site-sidebar-style":"default","ast-global-header-display":"","ast-banner-title-visibility":"","ast-main-header-display":"","ast-hfb-above-header-display":"","ast-hfb-below-header-display":"","ast-hfb-mobile-header-display":"","site-post-title":"","ast-breadcrumbs-content":"","ast-featured-img":"","footer-sml-layout":"","theme-transparent-header-meta":"","adv-header-id-meta":"","stick-header-meta":"","header-above-stick-meta":"","header-main-stick-meta":"","header-below-stick-meta":"","astra-migrate-meta-layouts":"default","ast-page-background-enabled":"default","ast-page-background-meta":{"desktop":{"background-color":"var(--ast-global-color-5)","background-image":"","background-repeat":"repeat","background-position":"center center","background-size":"auto","background-attachment":"scroll","background-type":"","background-media":"","overlay-type":"","overlay-color":"","overlay-opacity":"","overlay-gradient":""},"tablet":{"background-color":"","background-image":"","background-repeat":"repeat","background-position":"center center","background-size":"auto","background-attachment":"scroll","background-type":"","background-media":"","overlay-type":"","overlay-color":"","overlay-opacity":"","overlay-gradient":""},"mobile":{"background-color":"","background-image":"","background-repeat":"repeat","background-position":"center center","background-size":"auto","background-attachment":"scroll","background-type":"","background-media":"","overlay-type":"","overlay-color":"","overlay-opacity":"","overlay-gradient":""}},"ast-content-background-meta":{"desktop":{"background-color":"var(--ast-global-color-4)","background-image":"","background-repeat":"repeat","background-position":"center center","background-size":"auto","background-attachment":"scroll","background-type":"","background-media":"","overlay-type":"","overlay-color":"","overlay-opacity":"","overlay-gradient":""},"tablet":{"background-color":"var(--ast-global-color-4)","background-image":"","background-repeat":"repeat","background-position":"center center","background-size":"auto","background-attachment":"scroll","background-type":"","background-media":"","overlay-type":"","overlay-color":"","overlay-opacity":"","overlay-gradient":""},"mobile":{"background-color":"var(--ast-global-color-4)","background-image":"","background-repeat":"repeat","background-position":"center center","background-size":"auto","background-attachment":"scroll","background-type":"","background-media":"","overlay-type":"","overlay-color":"","overlay-opacity":"","overlay-gradient":""}}},"product_brand":[],"product_cat":[28],"product_tag":[],"class_list":{"0":"post-1712","1":"product","2":"type-product","3":"status-publish","4":"has-post-thumbnail","6":"product_cat-keo-dan-cac-san-pham-hoa-chat","7":"desktop-align-left","8":"tablet-align-left","9":"mobile-align-left","11":"first","12":"instock","13":"shipping-taxable","14":"purchasable","15":"product-type-simple"},"_links":{"self":[{"href":"https:\/\/garant.vn\/index.php?rest_route=\/wp\/v2\/product\/1712","targetHints":{"allow":["GET"]}}],"collection":[{"href":"https:\/\/garant.vn\/index.php?rest_route=\/wp\/v2\/product"}],"about":[{"href":"https:\/\/garant.vn\/index.php?rest_route=\/wp\/v2\/types\/product"}],"replies":[{"embeddable":true,"href":"https:\/\/garant.vn\/index.php?rest_route=%2Fwp%2Fv2%2Fcomments&post=1712"}],"wp:featuredmedia":[{"embeddable":true,"href":"https:\/\/garant.vn\/index.php?rest_route=\/wp\/v2\/media\/1713"}],"wp:attachment":[{"href":"https:\/\/garant.vn\/index.php?rest_route=%2Fwp%2Fv2%2Fmedia&parent=1712"}],"wp:term":[{"taxonomy":"product_brand","embeddable":true,"href":"https:\/\/garant.vn\/index.php?rest_route=%2Fwp%2Fv2%2Fproduct_brand&post=1712"},{"taxonomy":"product_cat","embeddable":true,"href":"https:\/\/garant.vn\/index.php?rest_route=%2Fwp%2Fv2%2Fproduct_cat&post=1712"},{"taxonomy":"product_tag","embeddable":true,"href":"https:\/\/garant.vn\/index.php?rest_route=%2Fwp%2Fv2%2Fproduct_tag&post=1712"}],"curies":[{"name":"wp","href":"https:\/\/api.w.org\/{rel}","templated":true}]}}