{"id":1721,"date":"2025-04-18T07:37:23","date_gmt":"2025-04-18T07:37:23","guid":{"rendered":"https:\/\/garant.vn\/?product=binh-xit-khi-nen-co-the-nap-lai-dung-tich-620ml"},"modified":"2025-04-18T07:37:23","modified_gmt":"2025-04-18T07:37:23","slug":"binh-xit-khi-nen-co-the-nap-lai-dung-tich-620ml","status":"publish","type":"product","link":"https:\/\/garant.vn\/?product=binh-xit-khi-nen-co-the-nap-lai-dung-tich-620ml","title":{"rendered":"B\u00ecnh x\u1ecbt kh\u00ed n\u00e9n c\u00f3 th\u1ec3 n\u1ea1p l\u1ea1i, Dung t\u00edch: 620ml"},"content":{"rendered":"<div style=\"color: #555;\"><b>Phi\u00ean b\u1ea3n:<\/b><\/div>\n<div style=\"color: #555;\">B\u00ecnh x\u1ecbt kh\u00ed n\u00e9n b\u1eb1ng nh\u00f4m c\u00f3 th\u1ec3 n\u1ea1p l\u1ea1i v\u00e0 b\u1ec1n v\u1eefng, ph\u00f9 h\u1ee3p v\u1edbi c\u00e1c ch\u1ea5t l\u1ecfng kh\u00f4ng ch\u1ee9a axeton nh\u01b0 ch\u1ea5t t\u1ea9y r\u1eeda, ch\u1ea5t b\u1ea3o v\u1ec7 ch\u1ed1ng g\u1ec9 v\u00e0 ch\u1ea5t t\u1ea9y g\u1ec9. C\u00f3 th\u1ec3 n\u1ea1p l\u1ea1i b\u1eb1ng \u00e1p su\u1ea5t kh\u00ed th\u00f4ng qua tr\u1ee5c van \u0111a n\u0103ng. C\u00f3 van an to\u00e0n \u0111\u1ec3 ng\u0103n ng\u1eeba \u00e1p su\u1ea5t qu\u00e1 m\u1ee9c. 2 v\u00f2i phun, c\u00f3 th\u1ec3 c\u00e0i \u0111\u1eb7t \u1edf hai v\u1ecb tr\u00ed cho tia phun t\u1eadp trung ho\u1eb7c s\u01b0\u01a1ng m\u00f9.<\/div>\n<div style=\"color: #555;\">B\u00ecnh x\u1ecbt kh\u00ed n\u00e9n b\u1ec1n b\u1ec9<\/div>\n<div style=\"color: #555;\">D\u1ec5 v\u1eadn h\u00e0nh nh\u1edd thi\u1ebft k\u1ebf c\u00f2 s\u00fang c\u00f4ng th\u00e1i h\u1ecdc<\/div>\n<div style=\"color: #555;\">V\u00f2i phun d\u00e0i cho c\u00e1c khu v\u1ef1c h\u1eb9p v\u00e0 kh\u00f3 ti\u1ebfp c\u1eadn<\/div>\n<div style=\"color: #555;\"><b>Ch\u00fa \u00fd:<\/b><\/div>\n<div style=\"color: #555;\">Kh\u00f4ng s\u1eed d\u1ee5ng v\u1edbi c\u00e1c ch\u1ea5t l\u1ecfng h\u00f3a h\u1ecdc m\u1ea1nh, \u0103n m\u00f2n ho\u1eb7c c\u00f3 \u0111\u1ed9 nh\u1edbt cao.<\/div>\n<div style=\"color: #555;\"><b>C\u1ea3nh b\u00e1o:<\/b><\/div>\n<div style=\"color: #555;\"><b>M\u1ee5c \u0111\u00edch s\u1eed d\u1ee5ng<\/b><\/div>\n<div style=\"color: #555;\">\u0110\u1ec3 s\u1eed d\u1ee5ng v\u1edbi kh\u00ed n\u00e9n.<\/div>\n<div style=\"color: #555;\">\u0110\u1ec3 l\u00e0m vi\u1ec7c trong m\u00f4i tr\u01b0\u1eddng c\u00f4ng nghi\u1ec7p.<\/div>\n<div style=\"color: #555;\">Ch\u1ec9 s\u1eed d\u1ee5ng khi n\u00f3 \u1edf trong t\u00ecnh tr\u1ea1ng k\u1ef9 thu\u1eadt t\u1ed1t v\u00e0 an to\u00e0n \u0111\u1ec3 v\u1eadn h\u00e0nh.<\/div>\n<div style=\"color: #555;\"><b>L\u1ea1m d\u1ee5ng c\u00f3 th\u1ec3 th\u1ea5y tr\u01b0\u1edbc m\u1ed9t c\u00e1ch h\u1ee3p l\u00fd<\/b><\/div>\n<div style=\"color: #555;\">Kh\u00f4ng th\u1ef1c hi\u1ec7n b\u1ea5t k\u1ef3 s\u1eeda \u0111\u1ed5i tr\u00e1i ph\u00e9p n\u00e0o.<\/div>\n<div style=\"color: #555;\">Kh\u00f4ng nh\u1eafm v\u00e0o ng\u01b0\u1eddi ho\u1eb7c \u0111\u1ed9ng v\u1eadt.<\/div>\n<div style=\"color: #555;\">Kh\u00f4ng v\u01b0\u1ee3t qu\u00e1 \u00e1p su\u1ea5t l\u00e0m vi\u1ec7c t\u1ed1i \u0111a cho ph\u00e9p.<\/div>\n<div style=\"color: #555;\">Kh\u00f4ng l\u00e0m xo\u1eafn \u1ed1ng ho\u1eb7c ch\u1ecbu t\u1ea3i.<\/div>\n<div style=\"color: #555;\">Kh\u00f4ng s\u1eed d\u1ee5ng trong khu v\u1ef1c nguy hi\u1ec3m n\u1ed5.<\/div>\n<div style=\"color: #555;\">Kh\u00f4ng s\u1eed d\u1ee5ng v\u1edbi c\u00e1c ch\u1ea5t l\u1ecfng h\u00f3a h\u1ecdc m\u1ea1nh, \u0103n m\u00f2n ho\u1eb7c c\u00f3 \u0111\u1ed9 nh\u1edbt cao.<\/div>\n<div style=\"color: #555;\">Kh\u00f4ng s\u1eed d\u1ee5ng \u1edf n\u01a1i c\u00f3 ti\u1ebfp x\u00fac v\u1edbi nhi\u1ec7t \u0111\u1ed9 cao, \u00e1nh s\u00e1ng m\u1eb7t tr\u1eddi tr\u1ef1c ti\u1ebfp, ng\u1ecdn l\u1eeda tr\u1ea7n ho\u1eb7c ch\u1ea5t l\u1ecfng.<\/div>\n<div style=\"color: #555;\"><b>Th\u00f4ng s\u1ed1 k\u1ef9 thu\u1eadt<\/b><\/div>\n<div style=\"color: #555;\">\u00c1p su\u1ea5t ho\u1ea1t \u0111\u1ed9ng t\u1ed1i \u0111a: 9.65 bar<\/div>\n<div style=\"color: #555;\">V\u1eadt li\u1ec7u l\u00e0m k\u00edn: Viton<\/div>\n<div style=\"color: #555;\">Dung t\u00edch: 400 ml<\/div>\n<div style=\"color: #555;\">Lo\u1ea1i s\u1ea3n ph\u1ea9m: B\u00ecnh x\u1ecbt<\/div>\n<div style=\"color: #555;\">M\u00e3 s\u1ea3n ph\u1ea9m: 083544 620<\/div>\n<div style=\"color: #555;\">EAN \/ GTIN: 4067263119050<\/div>\n<div style=\"color: #555;\">M\u00e3 nh\u00e0 s\u1ea3n xu\u1ea5t: 083544 620<\/div>\n<div style=\"color: #555;\">Nh\u00e0 s\u1ea3n xu\u1ea5t: Hoffmann Supply Chain GmbH &#038; Co. KG, Poststra\u00dfe 15, 90471 N\u00fcrnberg, Germany, www.hoffmann-group.com<\/div>\n<p><strong>\ud83d\udcc4 Datasheet:<\/strong> <iframe src=\"https:\/\/cdn.hoffmann-group.com\/dsh\/en-GB\/dsh_en-gb_3344329.pdf\" width=\"100%\" height=\"600px\" style=\"border:1px solid #ccc;\"><\/iframe><\/p>\n","protected":false},"excerpt":{"rendered":"<p>Phi\u00ean b\u1ea3n: B\u00ecnh x\u1ecbt kh\u00ed n\u00e9n b\u1eb1ng nh\u00f4m c\u00f3 th\u1ec3 n\u1ea1p l\u1ea1i v\u00e0 b\u1ec1n v\u1eefng, ph\u00f9 h\u1ee3p v\u1edbi c\u00e1c ch\u1ea5t [&hellip;]<\/p>\n","protected":false},"featured_media":1722,"comment_status":"open","ping_status":"closed","template":"","meta":{"site-sidebar-layout":"default","site-content-layout":"","ast-site-content-layout":"","site-content-style":"default","site-sidebar-style":"default","ast-global-header-display":"","ast-banner-title-visibility":"","ast-main-header-display":"","ast-hfb-above-header-display":"","ast-hfb-below-header-display":"","ast-hfb-mobile-header-display":"","site-post-title":"","ast-breadcrumbs-content":"","ast-featured-img":"","footer-sml-layout":"","theme-transparent-header-meta":"","adv-header-id-meta":"","stick-header-meta":"","header-above-stick-meta":"","header-main-stick-meta":"","header-below-stick-meta":"","astra-migrate-meta-layouts":"default","ast-page-background-enabled":"default","ast-page-background-meta":{"desktop":{"background-color":"var(--ast-global-color-5)","background-image":"","background-repeat":"repeat","background-position":"center center","background-size":"auto","background-attachment":"scroll","background-type":"","background-media":"","overlay-type":"","overlay-color":"","overlay-opacity":"","overlay-gradient":""},"tablet":{"background-color":"","background-image":"","background-repeat":"repeat","background-position":"center center","background-size":"auto","background-attachment":"scroll","background-type":"","background-media":"","overlay-type":"","overlay-color":"","overlay-opacity":"","overlay-gradient":""},"mobile":{"background-color":"","background-image":"","background-repeat":"repeat","background-position":"center center","background-size":"auto","background-attachment":"scroll","background-type":"","background-media":"","overlay-type":"","overlay-color":"","overlay-opacity":"","overlay-gradient":""}},"ast-content-background-meta":{"desktop":{"background-color":"var(--ast-global-color-4)","background-image":"","background-repeat":"repeat","background-position":"center center","background-size":"auto","background-attachment":"scroll","background-type":"","background-media":"","overlay-type":"","overlay-color":"","overlay-opacity":"","overlay-gradient":""},"tablet":{"background-color":"var(--ast-global-color-4)","background-image":"","background-repeat":"repeat","background-position":"center center","background-size":"auto","background-attachment":"scroll","background-type":"","background-media":"","overlay-type":"","overlay-color":"","overlay-opacity":"","overlay-gradient":""},"mobile":{"background-color":"var(--ast-global-color-4)","background-image":"","background-repeat":"repeat","background-position":"center center","background-size":"auto","background-attachment":"scroll","background-type":"","background-media":"","overlay-type":"","overlay-color":"","overlay-opacity":"","overlay-gradient":""}}},"product_brand":[],"product_cat":[28],"product_tag":[],"class_list":{"0":"post-1721","1":"product","2":"type-product","3":"status-publish","4":"has-post-thumbnail","6":"product_cat-keo-dan-cac-san-pham-hoa-chat","7":"desktop-align-left","8":"tablet-align-left","9":"mobile-align-left","11":"first","12":"instock","13":"shipping-taxable","14":"purchasable","15":"product-type-simple"},"_links":{"self":[{"href":"https:\/\/garant.vn\/index.php?rest_route=\/wp\/v2\/product\/1721","targetHints":{"allow":["GET"]}}],"collection":[{"href":"https:\/\/garant.vn\/index.php?rest_route=\/wp\/v2\/product"}],"about":[{"href":"https:\/\/garant.vn\/index.php?rest_route=\/wp\/v2\/types\/product"}],"replies":[{"embeddable":true,"href":"https:\/\/garant.vn\/index.php?rest_route=%2Fwp%2Fv2%2Fcomments&post=1721"}],"wp:featuredmedia":[{"embeddable":true,"href":"https:\/\/garant.vn\/index.php?rest_route=\/wp\/v2\/media\/1722"}],"wp:attachment":[{"href":"https:\/\/garant.vn\/index.php?rest_route=%2Fwp%2Fv2%2Fmedia&parent=1721"}],"wp:term":[{"taxonomy":"product_brand","embeddable":true,"href":"https:\/\/garant.vn\/index.php?rest_route=%2Fwp%2Fv2%2Fproduct_brand&post=1721"},{"taxonomy":"product_cat","embeddable":true,"href":"https:\/\/garant.vn\/index.php?rest_route=%2Fwp%2Fv2%2Fproduct_cat&post=1721"},{"taxonomy":"product_tag","embeddable":true,"href":"https:\/\/garant.vn\/index.php?rest_route=%2Fwp%2Fv2%2Fproduct_tag&post=1721"}],"curies":[{"name":"wp","href":"https:\/\/api.w.org\/{rel}","templated":true}]}}