{"id":1789,"date":"2025-04-18T07:45:32","date_gmt":"2025-04-18T07:45:32","guid":{"rendered":"https:\/\/garant.vn\/?product=keo-khoa-ren-garant-greenplus-2gp22-dung-tich-50ml"},"modified":"2025-04-18T07:45:32","modified_gmt":"2025-04-18T07:45:32","slug":"keo-khoa-ren-garant-greenplus-2gp22-dung-tich-50ml","status":"publish","type":"product","link":"https:\/\/garant.vn\/?product=keo-khoa-ren-garant-greenplus-2gp22-dung-tich-50ml","title":{"rendered":"Keo kh\u00f3a ren GARANT GreenPlus 2GP22, Dung t\u00edch: 50ml"},"content":{"rendered":"<div style=\"color: #333; font-size: 14px;\"><b>Phi\u00ean b\u1ea3n:<\/b><\/div>\n<div style=\"color: #555; font-size: 12px; margin-bottom: 10px;\">Vi\u1ec7c s\u1eed d\u1ee5ng keo kh\u00f3a ren ng\u0103n ch\u1eb7n c\u00e1c v\u00edt b\u1ecb l\u1ecfng v\u00e0 tu\u1ed9t ra ngo\u00e0i. Keo kh\u00f3a ren k\u1ef5 kh\u00ed m\u1ed9t th\u00e0nh ph\u1ea7n ph\u00f9 h\u1ee3p v\u1edbi t\u1ea5t c\u1ea3 c\u00e1c lo\u1ea1i v\u00e0 h\u00ecnh d\u1ea1ng ren. V\u00edt \u0111\u01b0\u1ee3c ni\u00eam phong. Ng\u0103n ch\u1eb7n k\u1eb9t m\u1ed9t c\u00e1ch \u0111\u00e1ng tin c\u1eady. Lo\u1ea1i 2GP22 c\u01b0\u1eddng \u0111\u1ed9 th\u1ea5p. \u0110\u1ed9 nh\u1edbt trung b\u00ecnh. L\u00fd t\u01b0\u1edfng cho c\u00e1c v\u00edt d\u1ec5 th\u00e1o. \u0110\u1ec3 c\u1ed1 \u0111\u1ecbnh c\u00e1c v\u00edt c\u00f3 ren m\u1ecbn.<\/div>\n<div style=\"color: #333; font-size: 14px;\"><b>\u1ee8ng d\u1ee5ng:<\/b><\/div>\n<div style=\"color: #555; font-size: 12px; margin-bottom: 10px;\">C\u01b0\u1eddng \u0111\u1ed9 th\u1ea5p \u2212 C\u00f3 th\u1ec3 th\u00e1o b\u1eb1ng c\u00e1c c\u00f4ng c\u1ee5 th\u00f4ng th\u01b0\u1eddng. C\u01b0\u1eddng \u0111\u1ed9 trung b\u00ecnh \u2212 V\u1eabn c\u00f3 th\u1ec3 th\u00e1o b\u1eb1ng c\u00e1c c\u00f4ng c\u1ee5 th\u00f4ng th\u01b0\u1eddng. C\u01b0\u1eddng \u0111\u1ed9 cao \u2212 Ch\u1ec9 c\u00f3 th\u1ec3 th\u00e1o b\u1eb1ng c\u00e1c c\u00f4ng c\u1ee5 \u0111\u1eb7c bi\u1ec7t ho\u1eb7c b\u1eb1ng c\u00e1ch l\u00e0m n\u00f3ng (>150\u00b0C).<\/div>\n<div style=\"color: #333; font-size: 14px;\"><b>L\u01b0u \u00fd:<\/b><\/div>\n<div style=\"color: #555; font-size: 12px; margin-bottom: 10px;\">L\u00e0m s\u1ea1ch v\u1eadt li\u1ec7u c\u1ea7n gia c\u00f4ng tr\u01b0\u1edbc b\u1eb1ng ch\u1ea5t l\u00e0m s\u1ea1ch kh\u00f4ng c\u00f3 nh\u00e3n nguy hi\u1ec3m s\u1ed1 088004.<\/div>\n<div style=\"color: #333; font-size: 14px;\"><b>Th\u00f4ng s\u1ed1 k\u1ef9 thu\u1eadt:<\/b><\/div>\n<div style=\"color: #555; font-size: 12px;\">\n<ul>\n<li>C\u01a1 s\u1edf h\u00f3a h\u1ecdc: Methacrylate<\/li>\n<li>\u0110\u1ed9 nh\u1edbt \u0111\u1ed9ng: 800 mPas &#8211; 1,500 mPas<\/li>\n<li>T\u1ef7 tr\u1ecdng: 1.08 g\/cm\u00b3<\/li>\n<li>H\u00ecnh d\u1ea1ng: ch\u1ea5t l\u1ecfng<\/li>\n<li>\u0110i\u1ec3m ch\u1edbp ch\u00e1y: 100 \u00b0C<\/li>\n<li>Ph\u1ea1m vi nhi\u1ec7t \u0111\u1ed9 ho\u1ea1t \u0111\u1ed9ng: -55 \u00b0C &#8211; 180 \u00b0C<\/li>\n<li>Kh\u00f4 khi ch\u1ea1m v\u00e0o sau: 5 ph\u00fat &#8211; 10 ph\u00fat<\/li>\n<li>\u0110\u1ea1t c\u01b0\u1eddng \u0111\u1ed9 ch\u1ee9c n\u0103ng sau: 3 gi\u1edd &#8211; 6 gi\u1edd<\/li>\n<li>\u0110\u1eb7c \u0111i\u1ec3m: ni\u00eam phong; ph\u00e1t quang d\u01b0\u1edbi \u00e1nh s\u00e1ng UV<\/li>\n<li>T\u00ednh b\u1ec1n v\u1eefng: GARANT GreenPlus<\/li>\n<li>Ph\u00f9 h\u1ee3p v\u1edbi v\u1eadt li\u1ec7u: Kim lo\u1ea1i<\/li>\n<li>Ph\u00f9 h\u1ee3p cho khu v\u1ef1c \u1ee9ng d\u1ee5ng: Ni\u00eam phong ren; Kh\u00f3a ren; s\u1eed d\u1ee5ng cho m\u1ee5c \u0111\u00edch chung<\/li>\n<li>Cho c\u00e1c lo\u1ea1i ren: Ren m\u1ecbn<\/li>\n<li>Cho k\u00edch th\u01b0\u1edbc ren M \u0111\u1ebfn: M36<\/li>\n<li>C\u1ea5p \u0111\u1ed9 b\u1ec1n: c\u01b0\u1eddng \u0111\u1ed9 th\u1ea5p<\/li>\n<li>M\u00f4-men xo\u1eafn t\u1ed1i thi\u1ec3u \u0111\u1ec3 ph\u00e1 v\u1ee1: 5.5 Nm &#8211; 11.5 Nm<\/li>\n<li>M\u00e0u s\u1eafc: t\u00edm<\/li>\n<li>Dung t\u00edch: 50 ml<\/li>\n<li>Nhi\u1ec7t \u0111\u1ed9 b\u1ea3o qu\u1ea3n: 5 \u00b0C &#8211; 23 \u00b0C<\/li>\n<li>Th\u1eddi gian s\u1eed d\u1ee5ng sau ng\u00e0y s\u1ea3n xu\u1ea5t: 24 th\u00e1ng<\/li>\n<li>D\u00f2ng s\u1ea3n ph\u1ea9m: GreenPlus<\/li>\n<li>Lo\u1ea1i s\u1ea3n ph\u1ea9m: Kh\u00f3a ren<\/li>\n<li>M\u00e3 s\u1ea3n ph\u1ea9m: 088060 50<\/li>\n<li>EAN \/ GTIN: 4062406422790<\/li>\n<li>M\u00e3 nh\u00e0 s\u1ea3n xu\u1ea5t: 088060 50<\/li>\n<li>Nh\u00e0 s\u1ea3n xu\u1ea5t: Hoffmann Supply Chain GmbH &#038; Co. KG, Poststra\u00dfe 15, 90471 N\u00fcrnberg, Germany, <a href=\"http:\/\/www.hoffmann-group.com\">www.hoffmann-group.com<\/a><\/li>\n<\/ul>\n<\/div>\n<p><strong>\ud83d\udcc4 Datasheet:<\/strong> <iframe src=\"https:\/\/cdn.hoffmann-group.com\/dsh\/en-GB\/dsh_en-gb_2115129.pdf\" width=\"100%\" height=\"600px\" style=\"border:1px solid #ccc;\"><\/iframe><\/p>\n","protected":false},"excerpt":{"rendered":"<p>Phi\u00ean b\u1ea3n: Vi\u1ec7c s\u1eed d\u1ee5ng keo kh\u00f3a ren ng\u0103n ch\u1eb7n c\u00e1c v\u00edt b\u1ecb l\u1ecfng v\u00e0 tu\u1ed9t ra ngo\u00e0i. Keo kh\u00f3a [&hellip;]<\/p>\n","protected":false},"featured_media":1790,"comment_status":"open","ping_status":"closed","template":"","meta":{"site-sidebar-layout":"default","site-content-layout":"","ast-site-content-layout":"","site-content-style":"default","site-sidebar-style":"default","ast-global-header-display":"","ast-banner-title-visibility":"","ast-main-header-display":"","ast-hfb-above-header-display":"","ast-hfb-below-header-display":"","ast-hfb-mobile-header-display":"","site-post-title":"","ast-breadcrumbs-content":"","ast-featured-img":"","footer-sml-layout":"","theme-transparent-header-meta":"","adv-header-id-meta":"","stick-header-meta":"","header-above-stick-meta":"","header-main-stick-meta":"","header-below-stick-meta":"","astra-migrate-meta-layouts":"default","ast-page-background-enabled":"default","ast-page-background-meta":{"desktop":{"background-color":"var(--ast-global-color-5)","background-image":"","background-repeat":"repeat","background-position":"center center","background-size":"auto","background-attachment":"scroll","background-type":"","background-media":"","overlay-type":"","overlay-color":"","overlay-opacity":"","overlay-gradient":""},"tablet":{"background-color":"","background-image":"","background-repeat":"repeat","background-position":"center center","background-size":"auto","background-attachment":"scroll","background-type":"","background-media":"","overlay-type":"","overlay-color":"","overlay-opacity":"","overlay-gradient":""},"mobile":{"background-color":"","background-image":"","background-repeat":"repeat","background-position":"center center","background-size":"auto","background-attachment":"scroll","background-type":"","background-media":"","overlay-type":"","overlay-color":"","overlay-opacity":"","overlay-gradient":""}},"ast-content-background-meta":{"desktop":{"background-color":"var(--ast-global-color-4)","background-image":"","background-repeat":"repeat","background-position":"center center","background-size":"auto","background-attachment":"scroll","background-type":"","background-media":"","overlay-type":"","overlay-color":"","overlay-opacity":"","overlay-gradient":""},"tablet":{"background-color":"var(--ast-global-color-4)","background-image":"","background-repeat":"repeat","background-position":"center center","background-size":"auto","background-attachment":"scroll","background-type":"","background-media":"","overlay-type":"","overlay-color":"","overlay-opacity":"","overlay-gradient":""},"mobile":{"background-color":"var(--ast-global-color-4)","background-image":"","background-repeat":"repeat","background-position":"center center","background-size":"auto","background-attachment":"scroll","background-type":"","background-media":"","overlay-type":"","overlay-color":"","overlay-opacity":"","overlay-gradient":""}}},"product_brand":[],"product_cat":[28],"product_tag":[],"class_list":{"0":"post-1789","1":"product","2":"type-product","3":"status-publish","4":"has-post-thumbnail","6":"product_cat-keo-dan-cac-san-pham-hoa-chat","7":"desktop-align-left","8":"tablet-align-left","9":"mobile-align-left","11":"first","12":"instock","13":"shipping-taxable","14":"purchasable","15":"product-type-simple"},"_links":{"self":[{"href":"https:\/\/garant.vn\/index.php?rest_route=\/wp\/v2\/product\/1789","targetHints":{"allow":["GET"]}}],"collection":[{"href":"https:\/\/garant.vn\/index.php?rest_route=\/wp\/v2\/product"}],"about":[{"href":"https:\/\/garant.vn\/index.php?rest_route=\/wp\/v2\/types\/product"}],"replies":[{"embeddable":true,"href":"https:\/\/garant.vn\/index.php?rest_route=%2Fwp%2Fv2%2Fcomments&post=1789"}],"wp:featuredmedia":[{"embeddable":true,"href":"https:\/\/garant.vn\/index.php?rest_route=\/wp\/v2\/media\/1790"}],"wp:attachment":[{"href":"https:\/\/garant.vn\/index.php?rest_route=%2Fwp%2Fv2%2Fmedia&parent=1789"}],"wp:term":[{"taxonomy":"product_brand","embeddable":true,"href":"https:\/\/garant.vn\/index.php?rest_route=%2Fwp%2Fv2%2Fproduct_brand&post=1789"},{"taxonomy":"product_cat","embeddable":true,"href":"https:\/\/garant.vn\/index.php?rest_route=%2Fwp%2Fv2%2Fproduct_cat&post=1789"},{"taxonomy":"product_tag","embeddable":true,"href":"https:\/\/garant.vn\/index.php?rest_route=%2Fwp%2Fv2%2Fproduct_tag&post=1789"}],"curies":[{"name":"wp","href":"https:\/\/api.w.org\/{rel}","templated":true}]}}