{"id":1793,"date":"2025-04-18T07:45:55","date_gmt":"2025-04-18T07:45:55","guid":{"rendered":"https:\/\/garant.vn\/?product=chat-khoa-ren-garant-greenplus-2gp43-dung-tich-50ml"},"modified":"2025-04-18T07:45:55","modified_gmt":"2025-04-18T07:45:55","slug":"chat-khoa-ren-garant-greenplus-2gp43-dung-tich-50ml","status":"publish","type":"product","link":"https:\/\/garant.vn\/?product=chat-khoa-ren-garant-greenplus-2gp43-dung-tich-50ml","title":{"rendered":"Ch\u1ea5t kh\u00f3a ren GARANT GreenPlus 2GP43, Dung t\u00edch: 50ml"},"content":{"rendered":"<div style=\"color: #555;\"><b>Phi\u00ean b\u1ea3n:<\/b><\/div>\n<div style=\"color: #555;\">Vi\u1ec7c s\u1eed d\u1ee5ng ch\u1ea5t kh\u00f3a ren ng\u0103n ch\u1eb7n c\u00e1c \u1ed1c v\u00edt v\u00f4 t\u00ecnh b\u1ecb l\u1ecfng v\u00e0 tu\u1ed9t ra. C\u00e1c ch\u1ea5t kh\u00f3a ren k\u1ef5 kh\u00ed m\u1ed9t th\u00e0nh ph\u1ea7n ph\u00f9 h\u1ee3p v\u1edbi t\u1ea5t c\u1ea3 c\u00e1c lo\u1ea1i v\u00e0 h\u00ecnh d\u1ea1ng ren. C\u00e1c \u1ed1c v\u00edt \u0111\u01b0\u1ee3c ni\u00eam phong. Ng\u0103n ng\u1eeba k\u1eb9t m\u1ed9t c\u00e1ch \u0111\u00e1ng tin c\u1eady.<\/div>\n<div style=\"color: #555;\">Lo\u1ea1i 2GP43 c\u01b0\u1eddng \u0111\u1ed9 trung b\u00ecnh. Ni\u00eam phong v\u00e0 kh\u00f3a nhi\u1ec1u lo\u1ea1i \u1ed1c v\u00edt. Kh\u1ea3 n\u0103ng ch\u1ed1ng rung \u0111\u1ed9ng cao. Kh\u1ea3 n\u0103ng \u0111\u00f3ng r\u1eafn nhanh tr\u00ean s\u1ed1 l\u01b0\u1ee3ng l\u1edbn kim lo\u1ea1i m\u00e0u. T\u0103ng kh\u1ea3 n\u0103ng ch\u1ecbu d\u1ea7u.<\/div>\n<div style=\"color: #555;\"><b>\u1ee8ng d\u1ee5ng:<\/b><\/div>\n<div style=\"color: #555;\">\u0110\u1ed9 b\u1ec1n th\u1ea5p \u2212 C\u00f3 th\u1ec3 th\u00e1o ra b\u1eb1ng c\u00e1c c\u00f4ng c\u1ee5 th\u00f4ng th\u01b0\u1eddng. \u0110\u1ed9 b\u1ec1n trung b\u00ecnh \u2212 V\u1eabn c\u00f3 th\u1ec3 th\u00e1o ra b\u1eb1ng c\u00e1c c\u00f4ng c\u1ee5 th\u00f4ng th\u01b0\u1eddng. \u0110\u1ed9 b\u1ec1n cao \u2212 Ch\u1ec9 c\u00f3 th\u1ec3 th\u00e1o ra b\u1eb1ng c\u00e1c c\u00f4ng c\u1ee5 \u0111\u1eb7c bi\u1ec7t ho\u1eb7c b\u1eb1ng c\u00e1ch l\u00e0m n\u00f3ng (>150\u00b0C).<\/div>\n<div style=\"color: #555;\"><b>L\u01b0u \u00fd:<\/b><\/div>\n<div style=\"color: #555;\">L\u00e0m s\u1ea1ch v\u1eadt li\u1ec7u c\u1ea7n gia c\u00f4ng tr\u01b0\u1edbc b\u1eb1ng ch\u1ea5t t\u1ea9y r\u1eeda kh\u00f4ng c\u00f3 nh\u00e3n nguy hi\u1ec3m S\u1ed1 088004.<\/div>\n<div style=\"color: #555;\"><b>D\u1eef li\u1ec7u k\u1ef9 thu\u1eadt<\/b><\/div>\n<div style=\"color: #555;\">C\u01a1 s\u1edf h\u00f3a h\u1ecdc: Methacrylate<\/div>\n<div style=\"color: #555;\">\u0110\u1ed9 nh\u1edbt \u0111\u1ed9ng: 1.500 mPas &#8211; 4.000 mPas<\/div>\n<div style=\"color: #555;\">T\u1ef7 tr\u1ecdng: 1,08 g\/cm\u00b3<\/div>\n<div style=\"color: #555;\">H\u00ecnh d\u1ea1ng: ch\u1ea5t l\u1ecfng<\/div>\n<div style=\"color: #555;\">\u0110i\u1ec3m ch\u1edbp ch\u00e1y: 100 \u00b0C<\/div>\n<div style=\"color: #555;\">Ph\u1ea1m vi nhi\u1ec7t \u0111\u1ed9 ho\u1ea1t \u0111\u1ed9ng: -55 \u00b0C &#8211; 180 \u00b0C<\/div>\n<div style=\"color: #555;\">Kh\u00f4 khi ch\u1ea1m v\u00e0o sau: 5 ph\u00fat &#8211; 15 ph\u00fat<\/div>\n<div style=\"color: #555;\">\u0110\u1ed9 b\u1ec1n ch\u1ee9c n\u0103ng \u0111\u1ebfn: 3 gi\u1edd &#8211; 6 gi\u1edd<\/div>\n<div style=\"color: #555;\">\u0110\u1eb7c \u0111i\u1ec3m: ph\u00e1t hu\u1ef3nh quang d\u01b0\u1edbi \u00e1nh s\u00e1ng UV; ni\u00eam phong; ch\u1ed1ng rung<\/div>\n<div style=\"color: #555;\">T\u00ednh b\u1ec1n v\u1eefng: GARANT GreenPlus<\/div>\n<div style=\"color: #555;\">Th\u00edch h\u1ee3p cho v\u1eadt li\u1ec7u: Kim lo\u1ea1i<\/div>\n<div style=\"color: #555;\">Th\u00edch h\u1ee3p cho khu v\u1ef1c \u1ee9ng d\u1ee5ng: Ni\u00eam phong ren; s\u1eed d\u1ee5ng cho m\u1ee5c \u0111\u00edch chung; b\u1ec1 m\u1eb7t d\u1ea7u<\/div>\n<div style=\"color: #555;\">cho k\u00edch th\u01b0\u1edbc ren M \u0111\u1ebfn: M36<\/div>\n<div style=\"color: #555;\">C\u1ea5p \u0111\u1ed9 b\u1ec1n: \u0111\u1ed9 b\u1ec1n trung b\u00ecnh<\/div>\n<div style=\"color: #555;\">m\u00f4-men xo\u1eafn ph\u00e1 v\u1ee1 t\u1ed1i thi\u1ec3u: 15 Nm &#8211; 25 Nm<\/div>\n<div style=\"color: #555;\">Th\u00e1o r\u1eddi: b\u1eb1ng c\u00f4ng c\u1ee5 th\u00f4ng th\u01b0\u1eddng<\/div>\n<div style=\"color: #555;\">M\u00e0u s\u1eafc: xanh lam<\/div>\n<div style=\"color: #555;\">Dung t\u00edch: 50 ml<\/div>\n<div style=\"color: #555;\">Nhi\u1ec7t \u0111\u1ed9 b\u1ea3o qu\u1ea3n: 5 \u00b0C &#8211; 23 \u00b0C<\/div>\n<div style=\"color: #555;\">Th\u1eddi gian s\u1eed d\u1ee5ng sau ng\u00e0y s\u1ea3n xu\u1ea5t: 24 th\u00e1ng<\/div>\n<div style=\"color: #555;\">Series: GreenPlus<\/div>\n<div style=\"color: #555;\">Lo\u1ea1i s\u1ea3n ph\u1ea9m: Kh\u00f3a ren<\/div>\n<div style=\"color: #555;\">M\u00e3 s\u1ea3n ph\u1ea9m: 088061 50<\/div>\n<div style=\"color: #555;\">EAN \/ GTIN: 4062406423414<\/div>\n<div style=\"color: #555;\">M\u00e3 nh\u00e0 s\u1ea3n xu\u1ea5t: 088061 50<\/div>\n<div style=\"color: #555;\">Nh\u00e0 s\u1ea3n xu\u1ea5t: Hoffmann Supply Chain GmbH &#038; Co. KG, Poststra\u00dfe 15, 90471 N\u00fcrnberg, Germany, www.hoffmann-group.com<\/div>\n<p><strong>\ud83d\udcc4 Datasheet:<\/strong> <iframe src=\"https:\/\/cdn.hoffmann-group.com\/dsh\/en-GB\/dsh_en-gb_2115140.pdf\" width=\"100%\" height=\"600px\" style=\"border:1px solid #ccc;\"><\/iframe><\/p>\n","protected":false},"excerpt":{"rendered":"<p>Phi\u00ean b\u1ea3n: Vi\u1ec7c s\u1eed d\u1ee5ng ch\u1ea5t kh\u00f3a ren ng\u0103n ch\u1eb7n c\u00e1c \u1ed1c v\u00edt v\u00f4 t\u00ecnh b\u1ecb l\u1ecfng v\u00e0 tu\u1ed9t ra. [&hellip;]<\/p>\n","protected":false},"featured_media":1794,"comment_status":"open","ping_status":"closed","template":"","meta":{"site-sidebar-layout":"default","site-content-layout":"","ast-site-content-layout":"","site-content-style":"default","site-sidebar-style":"default","ast-global-header-display":"","ast-banner-title-visibility":"","ast-main-header-display":"","ast-hfb-above-header-display":"","ast-hfb-below-header-display":"","ast-hfb-mobile-header-display":"","site-post-title":"","ast-breadcrumbs-content":"","ast-featured-img":"","footer-sml-layout":"","theme-transparent-header-meta":"","adv-header-id-meta":"","stick-header-meta":"","header-above-stick-meta":"","header-main-stick-meta":"","header-below-stick-meta":"","astra-migrate-meta-layouts":"default","ast-page-background-enabled":"default","ast-page-background-meta":{"desktop":{"background-color":"var(--ast-global-color-5)","background-image":"","background-repeat":"repeat","background-position":"center center","background-size":"auto","background-attachment":"scroll","background-type":"","background-media":"","overlay-type":"","overlay-color":"","overlay-opacity":"","overlay-gradient":""},"tablet":{"background-color":"","background-image":"","background-repeat":"repeat","background-position":"center center","background-size":"auto","background-attachment":"scroll","background-type":"","background-media":"","overlay-type":"","overlay-color":"","overlay-opacity":"","overlay-gradient":""},"mobile":{"background-color":"","background-image":"","background-repeat":"repeat","background-position":"center center","background-size":"auto","background-attachment":"scroll","background-type":"","background-media":"","overlay-type":"","overlay-color":"","overlay-opacity":"","overlay-gradient":""}},"ast-content-background-meta":{"desktop":{"background-color":"var(--ast-global-color-4)","background-image":"","background-repeat":"repeat","background-position":"center center","background-size":"auto","background-attachment":"scroll","background-type":"","background-media":"","overlay-type":"","overlay-color":"","overlay-opacity":"","overlay-gradient":""},"tablet":{"background-color":"var(--ast-global-color-4)","background-image":"","background-repeat":"repeat","background-position":"center center","background-size":"auto","background-attachment":"scroll","background-type":"","background-media":"","overlay-type":"","overlay-color":"","overlay-opacity":"","overlay-gradient":""},"mobile":{"background-color":"var(--ast-global-color-4)","background-image":"","background-repeat":"repeat","background-position":"center center","background-size":"auto","background-attachment":"scroll","background-type":"","background-media":"","overlay-type":"","overlay-color":"","overlay-opacity":"","overlay-gradient":""}}},"product_brand":[],"product_cat":[28],"product_tag":[],"class_list":{"0":"post-1793","1":"product","2":"type-product","3":"status-publish","4":"has-post-thumbnail","6":"product_cat-keo-dan-cac-san-pham-hoa-chat","7":"desktop-align-left","8":"tablet-align-left","9":"mobile-align-left","11":"first","12":"instock","13":"shipping-taxable","14":"purchasable","15":"product-type-simple"},"_links":{"self":[{"href":"https:\/\/garant.vn\/index.php?rest_route=\/wp\/v2\/product\/1793","targetHints":{"allow":["GET"]}}],"collection":[{"href":"https:\/\/garant.vn\/index.php?rest_route=\/wp\/v2\/product"}],"about":[{"href":"https:\/\/garant.vn\/index.php?rest_route=\/wp\/v2\/types\/product"}],"replies":[{"embeddable":true,"href":"https:\/\/garant.vn\/index.php?rest_route=%2Fwp%2Fv2%2Fcomments&post=1793"}],"wp:featuredmedia":[{"embeddable":true,"href":"https:\/\/garant.vn\/index.php?rest_route=\/wp\/v2\/media\/1794"}],"wp:attachment":[{"href":"https:\/\/garant.vn\/index.php?rest_route=%2Fwp%2Fv2%2Fmedia&parent=1793"}],"wp:term":[{"taxonomy":"product_brand","embeddable":true,"href":"https:\/\/garant.vn\/index.php?rest_route=%2Fwp%2Fv2%2Fproduct_brand&post=1793"},{"taxonomy":"product_cat","embeddable":true,"href":"https:\/\/garant.vn\/index.php?rest_route=%2Fwp%2Fv2%2Fproduct_cat&post=1793"},{"taxonomy":"product_tag","embeddable":true,"href":"https:\/\/garant.vn\/index.php?rest_route=%2Fwp%2Fv2%2Fproduct_tag&post=1793"}],"curies":[{"name":"wp","href":"https:\/\/api.w.org\/{rel}","templated":true}]}}