{"id":1846,"date":"2025-04-18T07:51:48","date_gmt":"2025-04-18T07:51:48","guid":{"rendered":"https:\/\/garant.vn\/?product=dung-dich-khoa-ren-garant-greenplus-dung-tich-50ml"},"modified":"2025-04-18T07:51:48","modified_gmt":"2025-04-18T07:51:48","slug":"dung-dich-khoa-ren-garant-greenplus-dung-tich-50ml","status":"publish","type":"product","link":"https:\/\/garant.vn\/?product=dung-dich-khoa-ren-garant-greenplus-dung-tich-50ml","title":{"rendered":"Dung d\u1ecbch kh\u00f3a ren GARANT GreenPlus, Dung t\u00edch: 50ml"},"content":{"rendered":"<div style=\"color: #555;\"><b>Phi\u00ean b\u1ea3n:<\/b><\/div>\n<div style=\"color: #555;\">Vecni b\u1ea3o v\u1ec7 v\u00e0 nh\u1eadn d\u1ea1ng kh\u00f4ng c\u00f3 nh\u00e3n c\u1ea3nh b\u00e1o nguy hi\u1ec3m. B\u1ea3o v\u1ec7 c\u00e1c th\u00e0nh ph\u1ea7n ch\u1ed1ng l\u1ea1i s\u1ef1 can thi\u1ec7p c\u1ee7a b\u00ean th\u1ee9 ba. B\u1ea3o v\u1ec7 ch\u1ed1ng \u0103n m\u00f2n.<\/div>\n<div style=\"color: #555;\">Th\u00edch h\u1ee3p \u0111\u1ec3 che ph\u1ee7 c\u00e1c b\u1ed9 ph\u1eadn d\u1eabn \u0111i\u1ec7n. \u0110\u1ed9 b\u00e1m d\u00ednh r\u1ea5t t\u1ed1t. \u0110\u1ec3 s\u1eed d\u1ee5ng cho nhi\u1ec1u m\u1ee5c \u0111\u00edch tr\u00ean nhi\u1ec1u lo\u1ea1i v\u1eadt li\u1ec7u. \u0110i\u1ec7n tr\u1edf c\u00e1ch \u0111i\u1ec7n cao.<\/div>\n<div style=\"color: #555;\"><b>D\u1eef li\u1ec7u k\u1ef9 thu\u1eadt:<\/b><\/div>\n<div style=\"color: #555;\">\u0110\u1ed9 nh\u1edbt \u0111\u1ed9ng: 200 mPas<\/div>\n<div style=\"color: #555;\">H\u00ecnh d\u1ea1ng: d\u1ea1ng s\u1ec7t<\/div>\n<div style=\"color: #555;\">Ph\u1ea1m vi nhi\u1ec7t \u0111\u1ed9 ho\u1ea1t \u0111\u1ed9ng: -40 \u00b0C &#8211; 80 \u00b0C<\/div>\n<div style=\"color: #555;\">\u0110\u1ed9 b\u1ec1n ch\u1ee9c n\u0103ng \u0111\u1ebfn: 0.5 gi\u1edd<\/div>\n<div style=\"color: #555;\">T\u00ednh b\u1ec1n v\u1eefng: GARANT GreenPlus<\/div>\n<div style=\"color: #555;\">M\u00e0u s\u1eafc: \u0111\u1ecf<\/div>\n<div style=\"color: #555;\">Dung t\u00edch: 50 ml<\/div>\n<div style=\"color: #555;\">Nhi\u1ec7t \u0111\u1ed9 b\u1ea3o qu\u1ea3n: 5 \u00b0C &#8211; 23 \u00b0C<\/div>\n<div style=\"color: #555;\">Th\u1eddi gian s\u1eed d\u1ee5ng sau ng\u00e0y s\u1ea3n xu\u1ea5t: 12 th\u00e1ng<\/div>\n<div style=\"color: #555;\">Series: GreenPlus<\/div>\n<div style=\"color: #555;\">Lo\u1ea1i s\u1ea3n ph\u1ea9m: Kh\u00f3a ren<\/div>\n<div style=\"color: #555;\">M\u00e3 s\u1ea3n ph\u1ea9m: 088072 50<\/div>\n<div style=\"color: #555;\">EAN \/ GTIN: 4062406423636<\/div>\n<div style=\"color: #555;\">M\u00e3 nh\u00e0 s\u1ea3n xu\u1ea5t: 088072 50<\/div>\n<div style=\"color: #555;\">Nh\u00e0 s\u1ea3n xu\u1ea5t: Hoffmann Supply Chain GmbH &#038; Co. KG, Poststra\u00dfe 15, 90471 N\u00fcrnberg, Germany, <a href=\"http:\/\/www.hoffmann-group.com\">www.hoffmann-group.com<\/a><\/div>\n<p><strong>\ud83d\udcc4 Datasheet:<\/strong> <iframe src=\"https:\/\/cdn.hoffmann-group.com\/dsh\/en-GB\/dsh_en-gb_2115294.pdf\" width=\"100%\" height=\"600px\" style=\"border:1px solid #ccc;\"><\/iframe><\/p>\n","protected":false},"excerpt":{"rendered":"<p>Phi\u00ean b\u1ea3n: Vecni b\u1ea3o v\u1ec7 v\u00e0 nh\u1eadn d\u1ea1ng kh\u00f4ng c\u00f3 nh\u00e3n c\u1ea3nh b\u00e1o nguy hi\u1ec3m. B\u1ea3o v\u1ec7 c\u00e1c th\u00e0nh ph\u1ea7n [&hellip;]<\/p>\n","protected":false},"featured_media":1847,"comment_status":"open","ping_status":"closed","template":"","meta":{"site-sidebar-layout":"default","site-content-layout":"","ast-site-content-layout":"","site-content-style":"default","site-sidebar-style":"default","ast-global-header-display":"","ast-banner-title-visibility":"","ast-main-header-display":"","ast-hfb-above-header-display":"","ast-hfb-below-header-display":"","ast-hfb-mobile-header-display":"","site-post-title":"","ast-breadcrumbs-content":"","ast-featured-img":"","footer-sml-layout":"","theme-transparent-header-meta":"","adv-header-id-meta":"","stick-header-meta":"","header-above-stick-meta":"","header-main-stick-meta":"","header-below-stick-meta":"","astra-migrate-meta-layouts":"default","ast-page-background-enabled":"default","ast-page-background-meta":{"desktop":{"background-color":"var(--ast-global-color-5)","background-image":"","background-repeat":"repeat","background-position":"center center","background-size":"auto","background-attachment":"scroll","background-type":"","background-media":"","overlay-type":"","overlay-color":"","overlay-opacity":"","overlay-gradient":""},"tablet":{"background-color":"","background-image":"","background-repeat":"repeat","background-position":"center center","background-size":"auto","background-attachment":"scroll","background-type":"","background-media":"","overlay-type":"","overlay-color":"","overlay-opacity":"","overlay-gradient":""},"mobile":{"background-color":"","background-image":"","background-repeat":"repeat","background-position":"center center","background-size":"auto","background-attachment":"scroll","background-type":"","background-media":"","overlay-type":"","overlay-color":"","overlay-opacity":"","overlay-gradient":""}},"ast-content-background-meta":{"desktop":{"background-color":"var(--ast-global-color-4)","background-image":"","background-repeat":"repeat","background-position":"center center","background-size":"auto","background-attachment":"scroll","background-type":"","background-media":"","overlay-type":"","overlay-color":"","overlay-opacity":"","overlay-gradient":""},"tablet":{"background-color":"var(--ast-global-color-4)","background-image":"","background-repeat":"repeat","background-position":"center center","background-size":"auto","background-attachment":"scroll","background-type":"","background-media":"","overlay-type":"","overlay-color":"","overlay-opacity":"","overlay-gradient":""},"mobile":{"background-color":"var(--ast-global-color-4)","background-image":"","background-repeat":"repeat","background-position":"center center","background-size":"auto","background-attachment":"scroll","background-type":"","background-media":"","overlay-type":"","overlay-color":"","overlay-opacity":"","overlay-gradient":""}}},"product_brand":[],"product_cat":[28],"product_tag":[],"class_list":{"0":"post-1846","1":"product","2":"type-product","3":"status-publish","4":"has-post-thumbnail","6":"product_cat-keo-dan-cac-san-pham-hoa-chat","7":"desktop-align-left","8":"tablet-align-left","9":"mobile-align-left","11":"first","12":"instock","13":"shipping-taxable","14":"purchasable","15":"product-type-simple"},"_links":{"self":[{"href":"https:\/\/garant.vn\/index.php?rest_route=\/wp\/v2\/product\/1846","targetHints":{"allow":["GET"]}}],"collection":[{"href":"https:\/\/garant.vn\/index.php?rest_route=\/wp\/v2\/product"}],"about":[{"href":"https:\/\/garant.vn\/index.php?rest_route=\/wp\/v2\/types\/product"}],"replies":[{"embeddable":true,"href":"https:\/\/garant.vn\/index.php?rest_route=%2Fwp%2Fv2%2Fcomments&post=1846"}],"wp:featuredmedia":[{"embeddable":true,"href":"https:\/\/garant.vn\/index.php?rest_route=\/wp\/v2\/media\/1847"}],"wp:attachment":[{"href":"https:\/\/garant.vn\/index.php?rest_route=%2Fwp%2Fv2%2Fmedia&parent=1846"}],"wp:term":[{"taxonomy":"product_brand","embeddable":true,"href":"https:\/\/garant.vn\/index.php?rest_route=%2Fwp%2Fv2%2Fproduct_brand&post=1846"},{"taxonomy":"product_cat","embeddable":true,"href":"https:\/\/garant.vn\/index.php?rest_route=%2Fwp%2Fv2%2Fproduct_cat&post=1846"},{"taxonomy":"product_tag","embeddable":true,"href":"https:\/\/garant.vn\/index.php?rest_route=%2Fwp%2Fv2%2Fproduct_tag&post=1846"}],"curies":[{"name":"wp","href":"https:\/\/api.w.org\/{rel}","templated":true}]}}