{"id":1854,"date":"2025-04-18T07:53:24","date_gmt":"2025-04-18T07:53:24","guid":{"rendered":"https:\/\/garant.vn\/?product=ao-polo-nu-mau-xanh-dam-kich-co-unisex-xl"},"modified":"2025-04-18T07:53:24","modified_gmt":"2025-04-18T07:53:24","slug":"ao-polo-nu-mau-xanh-dam-kich-co-unisex-xl","status":"publish","type":"product","link":"https:\/\/garant.vn\/?product=ao-polo-nu-mau-xanh-dam-kich-co-unisex-xl","title":{"rendered":"\u00c1o Polo N\u1eef, m\u00e0u xanh \u0111\u1eadm, k\u00edch c\u1ee1 Unisex: XL"},"content":{"rendered":"<div style=\"color: #555;\"><b>Phi\u00ean b\u1ea3n:<\/b> \u00c1o polo ch\u1ea5t l\u01b0\u1ee3ng cao v\u1edbi 50% cotton v\u00e0 50% polyester. \u0110\u1eb7c bi\u1ec7t hi\u1ec7u qu\u1ea3 v\u00e0 ti\u1ec7n d\u1ee5ng nh\u1edd s\u1ef1 k\u1ebft h\u1ee3p v\u1eadt li\u1ec7u d\u1ec5 ch\u0103m s\u00f3c v\u00e0 \u0111\u1ed9 b\u1ec1n cao. \u0110\u00e3 \u0111\u01b0\u1ee3c x\u1eed l\u00fd tr\u01b0\u1edbc khi s\u1eed d\u1ee5ng. \u0110\u01b0\u1ee3c thi\u1ebft k\u1ebf \u0111\u1ec3 gi\u1eb7t c\u00f4ng nghi\u1ec7p. D\u00e1ng \u00e1o n\u1eef, c\u00f3 n\u1eb9p 4 n\u00fat.<\/div>\n<div style=\"padding: 5px; color: #555;\"><b>Th\u00f4ng s\u1ed1 k\u1ef9 thu\u1eadt:<\/b><\/div>\n<div style=\"padding-left: 20px; color: #555;\"><b>D\u00f2ng s\u1ea3n ph\u1ea9m:<\/b> Qu\u1ea7n \u00e1o b\u1ea3o h\u1ed9 lao \u0111\u1ed9ng<\/div>\n<div style=\"padding-left: 20px; color: #555;\"><b>D\u1ecbch v\u1ee5 \u0111\u1eb7c bi\u1ec7t:<\/b> Ho\u00e0n thi\u1ec7n s\u1ea3n ph\u1ea9m d\u1ec7t<\/div>\n<div style=\"padding-left: 20px; color: #555;\"><b>Gi\u1edbi t\u00ednh:<\/b> N\u1eef<\/div>\n<div style=\"padding-left: 20px; color: #555;\"><b>Th\u00e0nh ph\u1ea7n v\u1ea3i:<\/b> 50% cotton; 50% polyester<\/div>\n<div style=\"padding-left: 20px; color: #555;\"><b>Tr\u1ecdng l\u01b0\u1ee3ng v\u1eadt li\u1ec7u \/ m\u1eadt \u0111\u1ed9 v\u1ea3i:<\/b> 200 g\/m2<\/div>\n<div style=\"padding-left: 20px; color: #555;\"><b>Ti\u00eau chu\u1ea9n qu\u1ea7n \u00e1o:<\/b> Oeko-Tex Standard 100<\/div>\n<div style=\"padding-left: 20px; color: #555;\"><b>Gi\u1eb7t:<\/b> Gi\u1eb7t m\u00e0u \u1edf 60 \u00b0C<\/div>\n<div style=\"padding-left: 20px; color: #555;\"><b>M\u00e0u s\u1eafc:<\/b> Xanh \u0111\u1eadm<\/div>\n<div style=\"padding-left: 20px; color: #555;\"><b>V\u1eadt li\u1ec7u:<\/b> Cotton, polyester<\/div>\n<div style=\"padding-left: 20px; color: #555;\"><b>K\u00edch c\u1ee1 Unisex:<\/b> XL<\/div>\n<div style=\"padding-left: 20px; color: #555;\"><b>H\u01b0\u1edbng d\u1eabn c\u1eaft:<\/b> N\u1eef<\/div>\n<div style=\"padding-left: 20px; color: #555;\"><b>C\u00f3 nh\u00e3n c\u1ed5 \u00e1o:<\/b> C\u00f3<\/div>\n<div style=\"padding-left: 20px; color: #555;\"><b>Lo\u1ea1i s\u1ea3n ph\u1ea9m:<\/b> \u00c1o polo<\/div>\n<div style=\"padding-left: 20px; color: #555;\"><b>M\u00e3 s\u1ea3n ph\u1ea9m:<\/b> 090300 XL<\/div>\n<div style=\"padding-left: 20px; color: #555;\"><b>EAN \/ GTIN:<\/b> 4062406780609<\/div>\n<div style=\"padding-left: 20px; color: #555;\"><b>M\u00e3 nh\u00e0 s\u1ea3n xu\u1ea5t:<\/b> GARANT 6411-34\/XL<\/div>\n<div style=\"padding-left: 20px; color: #555;\"><b>Nh\u00e0 s\u1ea3n xu\u1ea5t:<\/b> Hoffmann Supply Chain GmbH &#038; Co. KG, Poststra\u00dfe 15, 90471 N\u00fcrnberg, Germany, www.hoffmann-group.com<\/div>\n<p><strong>\ud83d\udcc4 Datasheet:<\/strong> <iframe src=\"https:\/\/cdn.hoffmann-group.com\/dsh\/en-GB\/dsh_en-gb_2568768.pdf\" width=\"100%\" height=\"600px\" style=\"border:1px solid #ccc;\"><\/iframe><\/p>\n","protected":false},"excerpt":{"rendered":"<p>Phi\u00ean b\u1ea3n: \u00c1o polo ch\u1ea5t l\u01b0\u1ee3ng cao v\u1edbi 50% cotton v\u00e0 50% polyester. \u0110\u1eb7c bi\u1ec7t hi\u1ec7u qu\u1ea3 v\u00e0 ti\u1ec7n d\u1ee5ng [&hellip;]<\/p>\n","protected":false},"featured_media":1855,"comment_status":"open","ping_status":"closed","template":"","meta":{"site-sidebar-layout":"default","site-content-layout":"","ast-site-content-layout":"","site-content-style":"default","site-sidebar-style":"default","ast-global-header-display":"","ast-banner-title-visibility":"","ast-main-header-display":"","ast-hfb-above-header-display":"","ast-hfb-below-header-display":"","ast-hfb-mobile-header-display":"","site-post-title":"","ast-breadcrumbs-content":"","ast-featured-img":"","footer-sml-layout":"","theme-transparent-header-meta":"","adv-header-id-meta":"","stick-header-meta":"","header-above-stick-meta":"","header-main-stick-meta":"","header-below-stick-meta":"","astra-migrate-meta-layouts":"default","ast-page-background-enabled":"default","ast-page-background-meta":{"desktop":{"background-color":"var(--ast-global-color-5)","background-image":"","background-repeat":"repeat","background-position":"center center","background-size":"auto","background-attachment":"scroll","background-type":"","background-media":"","overlay-type":"","overlay-color":"","overlay-opacity":"","overlay-gradient":""},"tablet":{"background-color":"","background-image":"","background-repeat":"repeat","background-position":"center center","background-size":"auto","background-attachment":"scroll","background-type":"","background-media":"","overlay-type":"","overlay-color":"","overlay-opacity":"","overlay-gradient":""},"mobile":{"background-color":"","background-image":"","background-repeat":"repeat","background-position":"center center","background-size":"auto","background-attachment":"scroll","background-type":"","background-media":"","overlay-type":"","overlay-color":"","overlay-opacity":"","overlay-gradient":""}},"ast-content-background-meta":{"desktop":{"background-color":"var(--ast-global-color-4)","background-image":"","background-repeat":"repeat","background-position":"center center","background-size":"auto","background-attachment":"scroll","background-type":"","background-media":"","overlay-type":"","overlay-color":"","overlay-opacity":"","overlay-gradient":""},"tablet":{"background-color":"var(--ast-global-color-4)","background-image":"","background-repeat":"repeat","background-position":"center center","background-size":"auto","background-attachment":"scroll","background-type":"","background-media":"","overlay-type":"","overlay-color":"","overlay-opacity":"","overlay-gradient":""},"mobile":{"background-color":"var(--ast-global-color-4)","background-image":"","background-repeat":"repeat","background-position":"center center","background-size":"auto","background-attachment":"scroll","background-type":"","background-media":"","overlay-type":"","overlay-color":"","overlay-opacity":"","overlay-gradient":""}}},"product_brand":[],"product_cat":[29],"product_tag":[],"class_list":{"0":"post-1854","1":"product","2":"type-product","3":"status-publish","4":"has-post-thumbnail","6":"product_cat-thiet-bi-bao-ho-lao-dong","7":"desktop-align-left","8":"tablet-align-left","9":"mobile-align-left","11":"first","12":"instock","13":"shipping-taxable","14":"purchasable","15":"product-type-simple"},"_links":{"self":[{"href":"https:\/\/garant.vn\/index.php?rest_route=\/wp\/v2\/product\/1854","targetHints":{"allow":["GET"]}}],"collection":[{"href":"https:\/\/garant.vn\/index.php?rest_route=\/wp\/v2\/product"}],"about":[{"href":"https:\/\/garant.vn\/index.php?rest_route=\/wp\/v2\/types\/product"}],"replies":[{"embeddable":true,"href":"https:\/\/garant.vn\/index.php?rest_route=%2Fwp%2Fv2%2Fcomments&post=1854"}],"wp:featuredmedia":[{"embeddable":true,"href":"https:\/\/garant.vn\/index.php?rest_route=\/wp\/v2\/media\/1855"}],"wp:attachment":[{"href":"https:\/\/garant.vn\/index.php?rest_route=%2Fwp%2Fv2%2Fmedia&parent=1854"}],"wp:term":[{"taxonomy":"product_brand","embeddable":true,"href":"https:\/\/garant.vn\/index.php?rest_route=%2Fwp%2Fv2%2Fproduct_brand&post=1854"},{"taxonomy":"product_cat","embeddable":true,"href":"https:\/\/garant.vn\/index.php?rest_route=%2Fwp%2Fv2%2Fproduct_cat&post=1854"},{"taxonomy":"product_tag","embeddable":true,"href":"https:\/\/garant.vn\/index.php?rest_route=%2Fwp%2Fv2%2Fproduct_tag&post=1854"}],"curies":[{"name":"wp","href":"https:\/\/api.w.org\/{rel}","templated":true}]}}