{"id":1913,"date":"2025-04-18T07:59:13","date_gmt":"2025-04-18T07:59:13","guid":{"rendered":"https:\/\/garant.vn\/?product=ao-khoac-co-mu-mau-xanh-dam-co-unisex-l"},"modified":"2025-04-18T07:59:13","modified_gmt":"2025-04-18T07:59:13","slug":"ao-khoac-co-mu-mau-xanh-dam-co-unisex-l","status":"publish","type":"product","link":"https:\/\/garant.vn\/?product=ao-khoac-co-mu-mau-xanh-dam-co-unisex-l","title":{"rendered":"\u00c1o kho\u00e1c c\u00f3 m\u0169, m\u00e0u xanh \u0111\u1eadm, c\u1ee1 Unisex: L"},"content":{"rendered":"<div style=\"color: #555;\"><b>Phi\u00ean b\u1ea3n:<\/b><\/div>\n<div style=\"color: #555;\">\u00c1o kho\u00e1c c\u00f3 m\u0169 \u0111\u01b0\u1ee3c gia c\u00f4ng r\u1ed9ng r\u00e3i v\u1edbi l\u1edbp ngo\u00e0i m\u1ecbn b\u1eb1ng v\u1ea3i Jersey \u0111\u01a1n s\u1ee3i m\u1ecbn v\u1edbi m\u1eb7t trong b\u1eb1ng v\u1ea3i micro-fleece m\u1ec1m m\u1ea1i. Thi\u1ebft k\u1ebf GARANT hi\u1ec7n \u0111\u1ea1i v\u1edbi \u0111\u01b0\u1eddng may flat-lock trang tr\u00ed v\u00e0 c\u00e1c \u1ee9ng d\u1ee5ng m\u00e0u t\u01b0\u01a1ng ph\u1ea3n b\u1eb1ng b\u1ea1c v\u00e0 cam. M\u0169 tr\u00f9m \u0111\u1ea7u c\u00f3 d\u00e2y r\u00fat v\u00e0 c\u1ed5 tay \u00e1o gia c\u1ed1 LYCRA\u00ae \u1edf tay \u00e1o v\u00e0 c\u1ed5 \u00e1o. Kh\u00f3a k\u00e9o trung t\u00e2m YKK\u00ae ch\u1ea5t l\u01b0\u1ee3ng cao. Hai t\u00fai b\u00ean c\u00f3 kh\u00f3a k\u00e9o.<\/div>\n<div style=\"color: #555;\"><b>Th\u00f4ng s\u1ed1 k\u1ef9 thu\u1eadt:<\/b><\/div>\n<div style=\"color: #555;\"><b>D\u00f2ng s\u1ea3n ph\u1ea9m:<\/b> Qu\u1ea7n \u00e1o b\u1ea3o h\u1ed9 lao \u0111\u1ed9ng<\/div>\n<div style=\"color: #555;\"><b>D\u1ecbch v\u1ee5 \u0111\u1eb7c bi\u1ec7t:<\/b> Ho\u00e0n thi\u1ec7n d\u1ec7t may<\/div>\n<div style=\"color: #555;\"><b>Gi\u1edbi t\u00ednh:<\/b> Unisex<\/div>\n<div style=\"color: #555;\"><b>Th\u00e0nh ph\u1ea7n v\u1ea3i:<\/b> 55% polyester; 45% cotton<\/div>\n<div style=\"color: #555;\"><b>Tr\u1ecdng l\u01b0\u1ee3ng v\u1eadt li\u1ec7u \/ m\u1eadt \u0111\u1ed9 v\u1ea3i:<\/b> 340 g\/m2<\/div>\n<div style=\"color: #555;\"><b>Gi\u1eb7t:<\/b> Chu tr\u00ecnh gi\u1eb7t \u0111\u1ed3 m\u1ecfng \u1edf 40 \u00b0C<\/div>\n<div style=\"color: #555;\"><b>M\u00e0u s\u1eafc:<\/b> xanh \u0111\u1eadm<\/div>\n<div style=\"color: #555;\"><b>K\u00edch th\u01b0\u1edbc Unisex:<\/b> L<\/div>\n<div style=\"color: #555;\"><b>Lo\u1ea1i s\u1ea3n ph\u1ea9m:<\/b> \u00c1o kho\u00e1c Microfleece<\/div>\n<div style=\"color: #555;\"><b>M\u00e3 s\u1ea3n ph\u1ea9m:<\/b> 090313 L<\/div>\n<div style=\"color: #555;\"><b>EAN \/ GTIN:<\/b> 4062406780913<\/div>\n<div style=\"color: #555;\"><b>M\u00e3 nh\u00e0 s\u1ea3n xu\u1ea5t:<\/b> GARANT 6451-34\/L<\/div>\n<div style=\"color: #555;\"><b>Nh\u00e0 s\u1ea3n xu\u1ea5t:<\/b> Hoffmann Supply Chain GmbH &#038; Co. KG, Poststra\u00dfe 15, 90471 N\u00fcrnberg, Germany, <a href=\"http:\/\/www.hoffmann-group.com\">www.hoffmann-group.com<\/a><\/div>\n<p><strong>\ud83d\udcc4 Datasheet:<\/strong> <iframe src=\"https:\/\/cdn.hoffmann-group.com\/dsh\/en-GB\/dsh_en-gb_2569458.pdf\" width=\"100%\" height=\"600px\" style=\"border:1px solid #ccc;\"><\/iframe><\/p>\n","protected":false},"excerpt":{"rendered":"<p>Phi\u00ean b\u1ea3n: \u00c1o kho\u00e1c c\u00f3 m\u0169 \u0111\u01b0\u1ee3c gia c\u00f4ng r\u1ed9ng r\u00e3i v\u1edbi l\u1edbp ngo\u00e0i m\u1ecbn b\u1eb1ng v\u1ea3i Jersey \u0111\u01a1n s\u1ee3i [&hellip;]<\/p>\n","protected":false},"featured_media":1914,"comment_status":"open","ping_status":"closed","template":"","meta":{"site-sidebar-layout":"default","site-content-layout":"","ast-site-content-layout":"","site-content-style":"default","site-sidebar-style":"default","ast-global-header-display":"","ast-banner-title-visibility":"","ast-main-header-display":"","ast-hfb-above-header-display":"","ast-hfb-below-header-display":"","ast-hfb-mobile-header-display":"","site-post-title":"","ast-breadcrumbs-content":"","ast-featured-img":"","footer-sml-layout":"","theme-transparent-header-meta":"","adv-header-id-meta":"","stick-header-meta":"","header-above-stick-meta":"","header-main-stick-meta":"","header-below-stick-meta":"","astra-migrate-meta-layouts":"default","ast-page-background-enabled":"default","ast-page-background-meta":{"desktop":{"background-color":"var(--ast-global-color-5)","background-image":"","background-repeat":"repeat","background-position":"center center","background-size":"auto","background-attachment":"scroll","background-type":"","background-media":"","overlay-type":"","overlay-color":"","overlay-opacity":"","overlay-gradient":""},"tablet":{"background-color":"","background-image":"","background-repeat":"repeat","background-position":"center center","background-size":"auto","background-attachment":"scroll","background-type":"","background-media":"","overlay-type":"","overlay-color":"","overlay-opacity":"","overlay-gradient":""},"mobile":{"background-color":"","background-image":"","background-repeat":"repeat","background-position":"center center","background-size":"auto","background-attachment":"scroll","background-type":"","background-media":"","overlay-type":"","overlay-color":"","overlay-opacity":"","overlay-gradient":""}},"ast-content-background-meta":{"desktop":{"background-color":"var(--ast-global-color-4)","background-image":"","background-repeat":"repeat","background-position":"center center","background-size":"auto","background-attachment":"scroll","background-type":"","background-media":"","overlay-type":"","overlay-color":"","overlay-opacity":"","overlay-gradient":""},"tablet":{"background-color":"var(--ast-global-color-4)","background-image":"","background-repeat":"repeat","background-position":"center center","background-size":"auto","background-attachment":"scroll","background-type":"","background-media":"","overlay-type":"","overlay-color":"","overlay-opacity":"","overlay-gradient":""},"mobile":{"background-color":"var(--ast-global-color-4)","background-image":"","background-repeat":"repeat","background-position":"center center","background-size":"auto","background-attachment":"scroll","background-type":"","background-media":"","overlay-type":"","overlay-color":"","overlay-opacity":"","overlay-gradient":""}}},"product_brand":[],"product_cat":[29],"product_tag":[],"class_list":{"0":"post-1913","1":"product","2":"type-product","3":"status-publish","4":"has-post-thumbnail","6":"product_cat-thiet-bi-bao-ho-lao-dong","7":"desktop-align-left","8":"tablet-align-left","9":"mobile-align-left","11":"first","12":"instock","13":"shipping-taxable","14":"purchasable","15":"product-type-simple"},"_links":{"self":[{"href":"https:\/\/garant.vn\/index.php?rest_route=\/wp\/v2\/product\/1913","targetHints":{"allow":["GET"]}}],"collection":[{"href":"https:\/\/garant.vn\/index.php?rest_route=\/wp\/v2\/product"}],"about":[{"href":"https:\/\/garant.vn\/index.php?rest_route=\/wp\/v2\/types\/product"}],"replies":[{"embeddable":true,"href":"https:\/\/garant.vn\/index.php?rest_route=%2Fwp%2Fv2%2Fcomments&post=1913"}],"wp:featuredmedia":[{"embeddable":true,"href":"https:\/\/garant.vn\/index.php?rest_route=\/wp\/v2\/media\/1914"}],"wp:attachment":[{"href":"https:\/\/garant.vn\/index.php?rest_route=%2Fwp%2Fv2%2Fmedia&parent=1913"}],"wp:term":[{"taxonomy":"product_brand","embeddable":true,"href":"https:\/\/garant.vn\/index.php?rest_route=%2Fwp%2Fv2%2Fproduct_brand&post=1913"},{"taxonomy":"product_cat","embeddable":true,"href":"https:\/\/garant.vn\/index.php?rest_route=%2Fwp%2Fv2%2Fproduct_cat&post=1913"},{"taxonomy":"product_tag","embeddable":true,"href":"https:\/\/garant.vn\/index.php?rest_route=%2Fwp%2Fv2%2Fproduct_tag&post=1913"}],"curies":[{"name":"wp","href":"https:\/\/api.w.org\/{rel}","templated":true}]}}