{"id":1968,"date":"2025-04-18T08:05:47","date_gmt":"2025-04-18T08:05:47","guid":{"rendered":"https:\/\/garant.vn\/?product=ao-khoac-active-mau-xanh-dam-kich-co-unisex-m"},"modified":"2025-04-18T08:05:47","modified_gmt":"2025-04-18T08:05:47","slug":"ao-khoac-active-mau-xanh-dam-kich-co-unisex-m","status":"publish","type":"product","link":"https:\/\/garant.vn\/?product=ao-khoac-active-mau-xanh-dam-kich-co-unisex-m","title":{"rendered":"\u00c1o kho\u00e1c Active, m\u00e0u xanh \u0111\u1eadm, k\u00edch c\u1ee1 Unisex: M"},"content":{"rendered":"<div style=\"color: #555;\"><b>Phi\u00ean b\u1ea3n:<\/b><\/div>\n<div style=\"color: #555;\">\u00c1o kho\u00e1c active r\u1ed9ng r\u00e3i \u0111\u01b0\u1ee3c l\u00e0m t\u1eeb v\u1eadt li\u1ec7u ngo\u00e0i \u043b\u0430minat 2.5 l\u1edbp b\u1ec1n b\u1ec9. Tho\u00e1ng kh\u00ed, ch\u1ed1ng th\u1ea5m n\u01b0\u1edbc v\u00e0 ch\u1ed1ng gi\u00f3. B\u1eb1ng h\u1ec7 th\u1ed1ng zip-in, \u00e1o kho\u00e1c c\u00f3 th\u1ec3 k\u1ebft h\u1ee3p v\u1edbi \u00e1o kho\u00e1c loft (S\u1ed1 090608) \u0111\u1ec3 t\u1ea1o ra m\u1ed9t chi\u1ebfc \u00e1o kho\u00e1c k\u1ebft h\u1ee3p 3 trong 1 \u1ea5m c\u00fang. C\u00f2ng tay \u00e1o c\u00f3 th\u1ec3 \u0111i\u1ec1u ch\u1ec9nh v\u1edbi kh\u00f3a d\u00e1n \u0111\u1ea3m b\u1ea3o s\u1ef1 ph\u00f9 h\u1ee3p t\u1ed1i \u01b0u k\u1ebft h\u1ee3p v\u1edbi c\u1ed5 \u00e1o c\u00f3 \u0111i\u1ec1u ch\u1ec9nh d\u00e2y k\u00e9o. C\u00e1c \u0111\u01b0\u1eddng n\u1ed1i \u0111\u01b0\u1ee3c ni\u00eam phong \u0111\u1ec3 c\u00f3 hi\u1ec7u su\u1ea5t ch\u1ed1ng th\u1ea5m n\u01b0\u1edbc t\u1ed1i \u0111a v\u00e0 \u0111\u00e1ng tin c\u1eady. V\u1edbi m\u0169 tr\u00f9m \u0111\u1ea7u c\u00f3 th\u1ec3 th\u00e1o r\u1eddi v\u00e0 l\u01b0ng \u00e1o k\u00e9o d\u00e0i \u0111\u1ec3 t\u0103ng s\u1ef1 tho\u1ea3i m\u00e1i khi m\u1eb7c.<\/div>\n<div style=\"color: #555;\">Kh\u00f3a k\u00e9o ph\u00eda tr\u01b0\u1edbc hai chi\u1ec1u t\u1eeb YKK\u00ae v\u1edbi b\u1ea3o v\u1ec7 c\u1eb1m. T\u00fai b\u00ean h\u00f4ng c\u00f3 kh\u00f3a k\u00e9o ch\u1ed1ng th\u1ea5m n\u01b0\u1edbc. T\u00fai tay \u00e1o c\u00f3 kh\u00f3a k\u00e9o.<\/div>\n<div style=\"color: #555;\"><b>Ph\u00f9 h\u1ee3p v\u1edbi:<\/b><\/div>\n<div style=\"color: #555;\">\u00c1o kho\u00e1c GARANT loft, S\u1ed1 090608.<\/div>\n<div style=\"color: #555;\"><b>Th\u00f4ng s\u1ed1 k\u1ef9 thu\u1eadt<\/b><\/div>\n<div style=\"color: #555;\">D\u00f2ng s\u1ea3n ph\u1ea9m: Qu\u1ea7n \u00e1o b\u1ea3o h\u1ed9 lao \u0111\u1ed9ng<\/div>\n<div style=\"color: #555;\">D\u1ecbch v\u1ee5 \u0111\u1eb7c bi\u1ec7t: Ho\u00e0n thi\u1ec7n h\u00e0ng d\u1ec7t<\/div>\n<div style=\"color: #555;\">Gi\u1edbi t\u00ednh: Unisex<\/div>\n<div style=\"color: #555;\">Th\u00e0nh ph\u1ea7n v\u1ea3i: 100% polyester<\/div>\n<div style=\"color: #555;\">Tr\u1ecdng l\u01b0\u1ee3ng v\u1eadt li\u1ec7u \/ m\u1eadt \u0111\u1ed9 v\u1ea3i: 294 g\/m2<\/div>\n<div style=\"color: #555;\">Gi\u1eb7t: Chu tr\u00ecnh gi\u1eb7t \u0111\u1ed3 m\u1ecfng nh\u1eb9 30 \u00b0C<\/div>\n<div style=\"color: #555;\">M\u00e0u s\u1eafc: xanh \u0111\u1eadm<\/div>\n<div style=\"color: #555;\">K\u00edch c\u1ee1 Unisex: M<\/div>\n<div style=\"color: #555;\">Lo\u1ea1i s\u1ea3n ph\u1ea9m: \u00c1o kho\u00e1c soft shell<\/div>\n<div style=\"color: #555;\">M\u00e3 s\u1ea3n ph\u1ea9m: 090614 M<\/div>\n<div style=\"color: #555;\">EAN \/ GTIN: 4062406781255<\/div>\n<div style=\"color: #555;\">M\u00e3 nh\u00e0 s\u1ea3n xu\u1ea5t: GARANT 6440-34\/M<\/div>\n<div style=\"color: #555;\">Nh\u00e0 s\u1ea3n xu\u1ea5t: Hoffmann Supply Chain GmbH &#038; Co. KG, Poststra\u00dfe 15, 90471 N\u00fcrnberg, Germany, www.hoffmann-group.com<\/div>\n<p><strong>\ud83d\udcc4 Datasheet:<\/strong> <iframe src=\"https:\/\/cdn.hoffmann-group.com\/dsh\/en-GB\/dsh_en-gb_2569629.pdf\" width=\"100%\" height=\"600px\" style=\"border:1px solid #ccc;\"><\/iframe><\/p>\n","protected":false},"excerpt":{"rendered":"<p>Phi\u00ean b\u1ea3n: \u00c1o kho\u00e1c active r\u1ed9ng r\u00e3i \u0111\u01b0\u1ee3c l\u00e0m t\u1eeb v\u1eadt li\u1ec7u ngo\u00e0i \u043b\u0430minat 2.5 l\u1edbp b\u1ec1n b\u1ec9. Tho\u00e1ng kh\u00ed, [&hellip;]<\/p>\n","protected":false},"featured_media":1969,"comment_status":"open","ping_status":"closed","template":"","meta":{"site-sidebar-layout":"default","site-content-layout":"","ast-site-content-layout":"","site-content-style":"default","site-sidebar-style":"default","ast-global-header-display":"","ast-banner-title-visibility":"","ast-main-header-display":"","ast-hfb-above-header-display":"","ast-hfb-below-header-display":"","ast-hfb-mobile-header-display":"","site-post-title":"","ast-breadcrumbs-content":"","ast-featured-img":"","footer-sml-layout":"","theme-transparent-header-meta":"","adv-header-id-meta":"","stick-header-meta":"","header-above-stick-meta":"","header-main-stick-meta":"","header-below-stick-meta":"","astra-migrate-meta-layouts":"default","ast-page-background-enabled":"default","ast-page-background-meta":{"desktop":{"background-color":"var(--ast-global-color-5)","background-image":"","background-repeat":"repeat","background-position":"center center","background-size":"auto","background-attachment":"scroll","background-type":"","background-media":"","overlay-type":"","overlay-color":"","overlay-opacity":"","overlay-gradient":""},"tablet":{"background-color":"","background-image":"","background-repeat":"repeat","background-position":"center center","background-size":"auto","background-attachment":"scroll","background-type":"","background-media":"","overlay-type":"","overlay-color":"","overlay-opacity":"","overlay-gradient":""},"mobile":{"background-color":"","background-image":"","background-repeat":"repeat","background-position":"center center","background-size":"auto","background-attachment":"scroll","background-type":"","background-media":"","overlay-type":"","overlay-color":"","overlay-opacity":"","overlay-gradient":""}},"ast-content-background-meta":{"desktop":{"background-color":"var(--ast-global-color-4)","background-image":"","background-repeat":"repeat","background-position":"center center","background-size":"auto","background-attachment":"scroll","background-type":"","background-media":"","overlay-type":"","overlay-color":"","overlay-opacity":"","overlay-gradient":""},"tablet":{"background-color":"var(--ast-global-color-4)","background-image":"","background-repeat":"repeat","background-position":"center center","background-size":"auto","background-attachment":"scroll","background-type":"","background-media":"","overlay-type":"","overlay-color":"","overlay-opacity":"","overlay-gradient":""},"mobile":{"background-color":"var(--ast-global-color-4)","background-image":"","background-repeat":"repeat","background-position":"center center","background-size":"auto","background-attachment":"scroll","background-type":"","background-media":"","overlay-type":"","overlay-color":"","overlay-opacity":"","overlay-gradient":""}}},"product_brand":[],"product_cat":[29],"product_tag":[],"class_list":{"0":"post-1968","1":"product","2":"type-product","3":"status-publish","4":"has-post-thumbnail","6":"product_cat-thiet-bi-bao-ho-lao-dong","7":"desktop-align-left","8":"tablet-align-left","9":"mobile-align-left","11":"first","12":"instock","13":"shipping-taxable","14":"purchasable","15":"product-type-simple"},"_links":{"self":[{"href":"https:\/\/garant.vn\/index.php?rest_route=\/wp\/v2\/product\/1968","targetHints":{"allow":["GET"]}}],"collection":[{"href":"https:\/\/garant.vn\/index.php?rest_route=\/wp\/v2\/product"}],"about":[{"href":"https:\/\/garant.vn\/index.php?rest_route=\/wp\/v2\/types\/product"}],"replies":[{"embeddable":true,"href":"https:\/\/garant.vn\/index.php?rest_route=%2Fwp%2Fv2%2Fcomments&post=1968"}],"wp:featuredmedia":[{"embeddable":true,"href":"https:\/\/garant.vn\/index.php?rest_route=\/wp\/v2\/media\/1969"}],"wp:attachment":[{"href":"https:\/\/garant.vn\/index.php?rest_route=%2Fwp%2Fv2%2Fmedia&parent=1968"}],"wp:term":[{"taxonomy":"product_brand","embeddable":true,"href":"https:\/\/garant.vn\/index.php?rest_route=%2Fwp%2Fv2%2Fproduct_brand&post=1968"},{"taxonomy":"product_cat","embeddable":true,"href":"https:\/\/garant.vn\/index.php?rest_route=%2Fwp%2Fv2%2Fproduct_cat&post=1968"},{"taxonomy":"product_tag","embeddable":true,"href":"https:\/\/garant.vn\/index.php?rest_route=%2Fwp%2Fv2%2Fproduct_tag&post=1968"}],"curies":[{"name":"wp","href":"https:\/\/api.w.org\/{rel}","templated":true}]}}