{"id":1976,"date":"2025-04-18T08:06:19","date_gmt":"2025-04-18T08:06:19","guid":{"rendered":"https:\/\/garant.vn\/?product=ao-thun-chuc-nang-xanh-dam-kich-co-unisex-s"},"modified":"2025-04-18T08:06:19","modified_gmt":"2025-04-18T08:06:19","slug":"ao-thun-chuc-nang-xanh-dam-kich-co-unisex-s","status":"publish","type":"product","link":"https:\/\/garant.vn\/?product=ao-thun-chuc-nang-xanh-dam-kich-co-unisex-s","title":{"rendered":"\u00c1o Thun Ch\u1ee9c N\u0103ng, Xanh \u0110\u1eadm, K\u00edch C\u1ee1 Unisex: S"},"content":{"rendered":"<div style=\"color: #555;\"><b>Phi\u00ean b\u1ea3n:<\/b> \u00c1o thun ch\u1ee9c n\u0103ng v\u1edbi c\u1ed5 tr\u00f2n, ph\u1ea7n l\u01b0ng \u00e1o d\u00e0i h\u01a1n v\u00e0 bo c\u1ed5. S\u1ee3i ch\u1ee9c n\u0103ng cho \u0111i\u1ec1u ki\u1ec7n kh\u00ed h\u1eadu kh\u1eafc nghi\u1ec7t. \u0110i\u1ec1u ch\u1ec9nh nhi\u1ec7t \u0111\u1ed9 b\u1eb1ng c\u00e1ch nhanh ch\u00f3ng tho\u00e1t h\u01a1i \u1ea9m ra b\u1ec1 m\u1eb7t b\u00ean ngo\u00e0i c\u1ee7a v\u1ea3i. Tho\u00e1ng kh\u00ed, d\u1ec5 ch\u0103m s\u00f3c v\u00e0 nhanh kh\u00f4. Kh\u00f4ng th\u00edch h\u1ee3p \u0111\u1ec3 s\u1ea5y kh\u00f4 b\u1eb1ng m\u00e1y.<\/div>\n<div style=\"padding: 5px; color: #555;\"><b>Th\u00f4ng s\u1ed1 k\u1ef9 thu\u1eadt:<\/b><\/div>\n<div style=\"padding-left: 20px; color: #555;\"><b>D\u00f2ng s\u1ea3n ph\u1ea9m:<\/b> Qu\u1ea7n \u00e1o b\u1ea3o h\u1ed9 lao \u0111\u1ed9ng<\/div>\n<div style=\"padding-left: 20px; color: #555;\"><b>Gi\u1edbi t\u00ednh:<\/b> Unisex<\/div>\n<div style=\"padding-left: 20px; color: #555;\"><b>Th\u00e0nh ph\u1ea7n v\u1ea3i:<\/b> 100% polyester<\/div>\n<div style=\"padding-left: 20px; color: #555;\"><b>Tr\u1ecdng l\u01b0\u1ee3ng v\u1eadt li\u1ec7u \/ m\u1eadt \u0111\u1ed9 v\u1ea3i:<\/b> 130 g\/m2<\/div>\n<div style=\"padding-left: 20px; color: #555;\"><b>Gi\u1eb7t:<\/b> Chu tr\u00ecnh gi\u1eb7t \u0111\u1ed3 m\u1ecfng \u1edf 30 \u00b0C<\/div>\n<div style=\"padding-left: 20px; color: #555;\"><b>M\u00e0u s\u1eafc:<\/b> Xanh \u0111\u1eadm<\/div>\n<div style=\"padding-left: 20px; color: #555;\"><b>K\u00edch th\u01b0\u1edbc Unisex:<\/b> S<\/div>\n<div style=\"padding-left: 20px; color: #555;\"><b>Lo\u1ea1i s\u1ea3n ph\u1ea9m:<\/b> \u00c1o thun<\/div>\n<div style=\"padding-left: 20px; color: #555;\"><b>M\u00e3 s\u1ea3n ph\u1ea9m:<\/b> 090621 S<\/div>\n<div style=\"padding-left: 20px; color: #555;\"><b>EAN \/ GTIN:<\/b> 4062406781309<\/div>\n<div style=\"padding-left: 20px; color: #555;\"><b>M\u00e3 nh\u00e0 s\u1ea3n xu\u1ea5t:<\/b> GARANT 6490-34\/S<\/div>\n<div style=\"padding-left: 20px; color: #555;\"><b>Nh\u00e0 s\u1ea3n xu\u1ea5t:<\/b> Hoffmann Supply Chain GmbH &#038; Co. KG, Poststra\u00dfe 15, 90471 N\u00fcrnberg, Germany, <a href=\"http:\/\/www.hoffmann-group.com\">www.hoffmann-group.com<\/a><\/div>\n<p><strong>\ud83d\udcc4 Datasheet:<\/strong> <iframe src=\"https:\/\/cdn.hoffmann-group.com\/dsh\/en-GB\/dsh_en-gb_2569626.pdf\" width=\"100%\" height=\"600px\" style=\"border:1px solid #ccc;\"><\/iframe><\/p>\n","protected":false},"excerpt":{"rendered":"<p>Phi\u00ean b\u1ea3n: \u00c1o thun ch\u1ee9c n\u0103ng v\u1edbi c\u1ed5 tr\u00f2n, ph\u1ea7n l\u01b0ng \u00e1o d\u00e0i h\u01a1n v\u00e0 bo c\u1ed5. S\u1ee3i ch\u1ee9c n\u0103ng [&hellip;]<\/p>\n","protected":false},"featured_media":1977,"comment_status":"open","ping_status":"closed","template":"","meta":{"site-sidebar-layout":"default","site-content-layout":"","ast-site-content-layout":"","site-content-style":"default","site-sidebar-style":"default","ast-global-header-display":"","ast-banner-title-visibility":"","ast-main-header-display":"","ast-hfb-above-header-display":"","ast-hfb-below-header-display":"","ast-hfb-mobile-header-display":"","site-post-title":"","ast-breadcrumbs-content":"","ast-featured-img":"","footer-sml-layout":"","theme-transparent-header-meta":"","adv-header-id-meta":"","stick-header-meta":"","header-above-stick-meta":"","header-main-stick-meta":"","header-below-stick-meta":"","astra-migrate-meta-layouts":"default","ast-page-background-enabled":"default","ast-page-background-meta":{"desktop":{"background-color":"var(--ast-global-color-5)","background-image":"","background-repeat":"repeat","background-position":"center center","background-size":"auto","background-attachment":"scroll","background-type":"","background-media":"","overlay-type":"","overlay-color":"","overlay-opacity":"","overlay-gradient":""},"tablet":{"background-color":"","background-image":"","background-repeat":"repeat","background-position":"center center","background-size":"auto","background-attachment":"scroll","background-type":"","background-media":"","overlay-type":"","overlay-color":"","overlay-opacity":"","overlay-gradient":""},"mobile":{"background-color":"","background-image":"","background-repeat":"repeat","background-position":"center center","background-size":"auto","background-attachment":"scroll","background-type":"","background-media":"","overlay-type":"","overlay-color":"","overlay-opacity":"","overlay-gradient":""}},"ast-content-background-meta":{"desktop":{"background-color":"var(--ast-global-color-4)","background-image":"","background-repeat":"repeat","background-position":"center center","background-size":"auto","background-attachment":"scroll","background-type":"","background-media":"","overlay-type":"","overlay-color":"","overlay-opacity":"","overlay-gradient":""},"tablet":{"background-color":"var(--ast-global-color-4)","background-image":"","background-repeat":"repeat","background-position":"center center","background-size":"auto","background-attachment":"scroll","background-type":"","background-media":"","overlay-type":"","overlay-color":"","overlay-opacity":"","overlay-gradient":""},"mobile":{"background-color":"var(--ast-global-color-4)","background-image":"","background-repeat":"repeat","background-position":"center center","background-size":"auto","background-attachment":"scroll","background-type":"","background-media":"","overlay-type":"","overlay-color":"","overlay-opacity":"","overlay-gradient":""}}},"product_brand":[],"product_cat":[29],"product_tag":[],"class_list":{"0":"post-1976","1":"product","2":"type-product","3":"status-publish","4":"has-post-thumbnail","6":"product_cat-thiet-bi-bao-ho-lao-dong","7":"desktop-align-left","8":"tablet-align-left","9":"mobile-align-left","11":"first","12":"instock","13":"shipping-taxable","14":"purchasable","15":"product-type-simple"},"_links":{"self":[{"href":"https:\/\/garant.vn\/index.php?rest_route=\/wp\/v2\/product\/1976","targetHints":{"allow":["GET"]}}],"collection":[{"href":"https:\/\/garant.vn\/index.php?rest_route=\/wp\/v2\/product"}],"about":[{"href":"https:\/\/garant.vn\/index.php?rest_route=\/wp\/v2\/types\/product"}],"replies":[{"embeddable":true,"href":"https:\/\/garant.vn\/index.php?rest_route=%2Fwp%2Fv2%2Fcomments&post=1976"}],"wp:featuredmedia":[{"embeddable":true,"href":"https:\/\/garant.vn\/index.php?rest_route=\/wp\/v2\/media\/1977"}],"wp:attachment":[{"href":"https:\/\/garant.vn\/index.php?rest_route=%2Fwp%2Fv2%2Fmedia&parent=1976"}],"wp:term":[{"taxonomy":"product_brand","embeddable":true,"href":"https:\/\/garant.vn\/index.php?rest_route=%2Fwp%2Fv2%2Fproduct_brand&post=1976"},{"taxonomy":"product_cat","embeddable":true,"href":"https:\/\/garant.vn\/index.php?rest_route=%2Fwp%2Fv2%2Fproduct_cat&post=1976"},{"taxonomy":"product_tag","embeddable":true,"href":"https:\/\/garant.vn\/index.php?rest_route=%2Fwp%2Fv2%2Fproduct_tag&post=1976"}],"curies":[{"name":"wp","href":"https:\/\/api.w.org\/{rel}","templated":true}]}}