{"id":1996,"date":"2025-04-18T13:45:15","date_gmt":"2025-04-18T13:45:15","guid":{"rendered":"https:\/\/garant.vn\/?product=ao-khoac-giu-nhiet-xanh-dam-kich-co-unisex-2xl"},"modified":"2025-04-18T13:45:15","modified_gmt":"2025-04-18T13:45:15","slug":"ao-khoac-giu-nhiet-xanh-dam-kich-co-unisex-2xl","status":"publish","type":"product","link":"https:\/\/garant.vn\/?product=ao-khoac-giu-nhiet-xanh-dam-kich-co-unisex-2xl","title":{"rendered":"\u00c1o Kho\u00e1c Gi\u1eef Nhi\u1ec7t, Xanh \u0110\u1eadm, K\u00edch C\u1ee1 Unisex: 2XL"},"content":{"rendered":"<div style=\"color: #333; font-size: 14px;\"><b>Phi\u00ean b\u1ea3n:<\/b><\/div>\n<div style=\"color: #555; font-size: 12px;\">\u00c1o kho\u00e1c gi\u1eef nhi\u1ec7t ch\u1ea5t l\u01b0\u1ee3ng cao v\u00e0 kh\u00f4ng th\u1ea5m n\u01b0\u1edbc v\u1edbi l\u1edbp \u0111\u1ec7m gi\u1eef \u1ea5m. TRIACTIVE\u00ae PRO tho\u00e1ng kh\u00ed (k\u1ebft h\u1ee3p gi\u1eefa ripstop v\u00e0 soft shell) \u0111\u00e3 \u0111\u01b0\u1ee3c ch\u1ee9ng minh l\u00e0 kh\u00f4ng th\u1ea5m n\u01b0\u1edbc v\u1edbi c\u1ed9t \u00e1p l\u1ef1c n\u01b0\u1edbc l\u00ean \u0111\u1ebfn 5000 mm. M\u0169 l\u00f3t c\u00f3 th\u1ec3 th\u00e1o r\u1eddi n\u1ebfu mu\u1ed1n. Kh\u00f3a k\u00e9o ph\u00eda tr\u01b0\u1edbc 2 chi\u1ec1u v\u1edbi n\u1eafp b\u1ea3o v\u1ec7 ch\u1ed1ng gi\u00f3 v\u00e0 b\u1ea3o v\u1ec7 c\u1eb1m. T\u00fai b\u00ean trong cho m\u00e1y nghe nh\u1ea1c MP3. T\u00fai b\u00ean ngo\u00e0i c\u00f3 kh\u00f3a k\u00e9o. Tay \u00e1o c\u00f3 c\u00f2ng \u1ed1ng \u0111\u00e0n h\u1ed3i v\u00e0 v\u00f2ng ng\u00f3n tay c\u00e1i.<\/div>\n<div style=\"color: #333; font-size: 14px; margin-top: 10px;\"><b>Th\u00f4ng s\u1ed1 k\u1ef9 thu\u1eadt:<\/b><\/div>\n<div style=\"color: #555; font-size: 12px;\"><b>D\u00f2ng s\u1ea3n ph\u1ea9m:<\/b> Qu\u1ea7n \u00e1o b\u1ea3o h\u1ed9 lao \u0111\u1ed9ng<\/div>\n<div style=\"color: #555; font-size: 12px;\"><b>Gi\u1edbi t\u00ednh:<\/b> Nam<\/div>\n<div style=\"color: #555; font-size: 12px;\"><b>Th\u00e0nh ph\u1ea7n v\u1ea3i:<\/b> 100 % polyamid<\/div>\n<div style=\"color: #555; font-size: 12px;\"><b>Ti\u00eau chu\u1ea9n qu\u1ea7n \u00e1o:<\/b> Oeko-Tex Standard 100<\/div>\n<div style=\"color: #555; font-size: 12px;\"><b>Gi\u1eb7t:<\/b> Chu tr\u00ecnh gi\u1eb7t \u0111\u1ed3 m\u1ecfng nh\u1eb9 30 \u00b0C<\/div>\n<div style=\"color: #555; font-size: 12px;\"><b>M\u00e0u s\u1eafc:<\/b> Xanh \u0111\u1eadm<\/div>\n<div style=\"color: #555; font-size: 12px;\"><b>K\u00edch c\u1ee1 Unisex:<\/b> 2XL<\/div>\n<div style=\"color: #555; font-size: 12px;\"><b>Lo\u1ea1i s\u1ea3n ph\u1ea9m:<\/b> \u00c1o kho\u00e1c gi\u1eef nhi\u1ec7t<\/div>\n<div style=\"color: #555; font-size: 12px;\"><b>M\u00e3 s\u1ea3n ph\u1ea9m:<\/b> 090634 2XL<\/div>\n<div style=\"color: #555; font-size: 12px;\"><b>EAN \/ GTIN:<\/b> 4062406781408<\/div>\n<div style=\"color: #555; font-size: 12px;\"><b>M\u00e3 nh\u00e0 s\u1ea3n xu\u1ea5t:<\/b> GARANT 6496\/2XL<\/div>\n<div style=\"color: #555; font-size: 12px;\"><b>Nh\u00e0 s\u1ea3n xu\u1ea5t:<\/b> Hoffmann Supply Chain GmbH &#038; Co. KG, Poststra\u00dfe 15, 90471 N\u00fcrnberg, Germany, www.hoffmann-group.com<\/div>\n<p><strong>\ud83d\udcc4 Datasheet:<\/strong> <iframe src=\"https:\/\/cdn.hoffmann-group.com\/dsh\/en-GB\/dsh_en-gb_2569659.pdf\" width=\"100%\" height=\"600px\" style=\"border:1px solid #ccc;\"><\/iframe><\/p>\n","protected":false},"excerpt":{"rendered":"<p>Phi\u00ean b\u1ea3n: \u00c1o kho\u00e1c gi\u1eef nhi\u1ec7t ch\u1ea5t l\u01b0\u1ee3ng cao v\u00e0 kh\u00f4ng th\u1ea5m n\u01b0\u1edbc v\u1edbi l\u1edbp \u0111\u1ec7m gi\u1eef \u1ea5m. TRIACTIVE\u00ae PRO [&hellip;]<\/p>\n","protected":false},"featured_media":1997,"comment_status":"open","ping_status":"closed","template":"","meta":{"site-sidebar-layout":"default","site-content-layout":"","ast-site-content-layout":"","site-content-style":"default","site-sidebar-style":"default","ast-global-header-display":"","ast-banner-title-visibility":"","ast-main-header-display":"","ast-hfb-above-header-display":"","ast-hfb-below-header-display":"","ast-hfb-mobile-header-display":"","site-post-title":"","ast-breadcrumbs-content":"","ast-featured-img":"","footer-sml-layout":"","theme-transparent-header-meta":"","adv-header-id-meta":"","stick-header-meta":"","header-above-stick-meta":"","header-main-stick-meta":"","header-below-stick-meta":"","astra-migrate-meta-layouts":"default","ast-page-background-enabled":"default","ast-page-background-meta":{"desktop":{"background-color":"var(--ast-global-color-5)","background-image":"","background-repeat":"repeat","background-position":"center center","background-size":"auto","background-attachment":"scroll","background-type":"","background-media":"","overlay-type":"","overlay-color":"","overlay-opacity":"","overlay-gradient":""},"tablet":{"background-color":"","background-image":"","background-repeat":"repeat","background-position":"center center","background-size":"auto","background-attachment":"scroll","background-type":"","background-media":"","overlay-type":"","overlay-color":"","overlay-opacity":"","overlay-gradient":""},"mobile":{"background-color":"","background-image":"","background-repeat":"repeat","background-position":"center center","background-size":"auto","background-attachment":"scroll","background-type":"","background-media":"","overlay-type":"","overlay-color":"","overlay-opacity":"","overlay-gradient":""}},"ast-content-background-meta":{"desktop":{"background-color":"var(--ast-global-color-4)","background-image":"","background-repeat":"repeat","background-position":"center center","background-size":"auto","background-attachment":"scroll","background-type":"","background-media":"","overlay-type":"","overlay-color":"","overlay-opacity":"","overlay-gradient":""},"tablet":{"background-color":"var(--ast-global-color-4)","background-image":"","background-repeat":"repeat","background-position":"center center","background-size":"auto","background-attachment":"scroll","background-type":"","background-media":"","overlay-type":"","overlay-color":"","overlay-opacity":"","overlay-gradient":""},"mobile":{"background-color":"var(--ast-global-color-4)","background-image":"","background-repeat":"repeat","background-position":"center center","background-size":"auto","background-attachment":"scroll","background-type":"","background-media":"","overlay-type":"","overlay-color":"","overlay-opacity":"","overlay-gradient":""}}},"product_brand":[],"product_cat":[29],"product_tag":[],"class_list":{"0":"post-1996","1":"product","2":"type-product","3":"status-publish","4":"has-post-thumbnail","6":"product_cat-thiet-bi-bao-ho-lao-dong","7":"desktop-align-left","8":"tablet-align-left","9":"mobile-align-left","11":"first","12":"instock","13":"shipping-taxable","14":"purchasable","15":"product-type-simple"},"_links":{"self":[{"href":"https:\/\/garant.vn\/index.php?rest_route=\/wp\/v2\/product\/1996","targetHints":{"allow":["GET"]}}],"collection":[{"href":"https:\/\/garant.vn\/index.php?rest_route=\/wp\/v2\/product"}],"about":[{"href":"https:\/\/garant.vn\/index.php?rest_route=\/wp\/v2\/types\/product"}],"replies":[{"embeddable":true,"href":"https:\/\/garant.vn\/index.php?rest_route=%2Fwp%2Fv2%2Fcomments&post=1996"}],"wp:featuredmedia":[{"embeddable":true,"href":"https:\/\/garant.vn\/index.php?rest_route=\/wp\/v2\/media\/1997"}],"wp:attachment":[{"href":"https:\/\/garant.vn\/index.php?rest_route=%2Fwp%2Fv2%2Fmedia&parent=1996"}],"wp:term":[{"taxonomy":"product_brand","embeddable":true,"href":"https:\/\/garant.vn\/index.php?rest_route=%2Fwp%2Fv2%2Fproduct_brand&post=1996"},{"taxonomy":"product_cat","embeddable":true,"href":"https:\/\/garant.vn\/index.php?rest_route=%2Fwp%2Fv2%2Fproduct_cat&post=1996"},{"taxonomy":"product_tag","embeddable":true,"href":"https:\/\/garant.vn\/index.php?rest_route=%2Fwp%2Fv2%2Fproduct_tag&post=1996"}],"curies":[{"name":"wp","href":"https:\/\/api.w.org\/{rel}","templated":true}]}}