{"id":2022,"date":"2025-04-18T13:48:56","date_gmt":"2025-04-18T13:48:56","guid":{"rendered":"https:\/\/garant.vn\/?product=ao-khoac-ni-det-kim-anthracite-den-co-unisex-3xl"},"modified":"2025-04-18T13:48:56","modified_gmt":"2025-04-18T13:48:56","slug":"ao-khoac-ni-det-kim-anthracite-den-co-unisex-3xl","status":"publish","type":"product","link":"https:\/\/garant.vn\/?product=ao-khoac-ni-det-kim-anthracite-den-co-unisex-3xl","title":{"rendered":"\u00c1o kho\u00e1c n\u1ec9 d\u1ec7t kim, anthracite \/ \u0111en, c\u1ee1 Unisex: 3XL"},"content":{"rendered":"<div style=\"color: #555;\"><b>Phi\u00ean b\u1ea3n:<\/b><\/div>\n<div style=\"color: #555;\">\u00c1o kho\u00e1c n\u1ec9 d\u1ec7t kim th\u1ec3 thao v\u1edbi c\u00e1c mi\u1ebfng ch\u00e8n soft-shell m\u00e0u t\u01b0\u01a1ng ph\u1ea3n \u1edf hai b\u00ean v\u00e0 vai. Tho\u00e1ng kh\u00ed nh\u1edd ch\u1ea5t li\u1ec7u n\u1ec9 d\u1ec7t kim v\u00e0 co gi\u00e3n nh\u1edd ch\u1ea5t li\u1ec7u soft-shell. \u0110\u01b0\u1eddng chia \u1edf m\u1eb7t tr\u01b0\u1edbc v\u00e0 m\u1eb7t sau \u0111\u1ec3 v\u1eeba v\u1eb7n ho\u00e0n h\u1ea3o. T\u1ea5t c\u1ea3 c\u00e1c kh\u00f3a k\u00e9o \u0111\u1ec1u t\u1eeb YKK\u00ae. Kh\u00f3a k\u00e9o ph\u00eda tr\u01b0\u1edbc 2 chi\u1ec1u ch\u1ea5t l\u01b0\u1ee3ng cao. T\u00fai b\u00ean h\u00f4ng c\u00f3 kh\u00f3a k\u00e9o. Vi\u1ec1n \u00e1o v\u00e0 c\u1ed5 tay \u00e1o co gi\u00e3n. T\u00fai c\u00f3 kh\u00f3a k\u00e9o \u1edf tay \u00e1o tr\u00e1i.<\/div>\n<div style=\"color: #555;\"><b>Th\u00f4ng s\u1ed1 k\u1ef9 thu\u1eadt:<\/b><\/div>\n<div style=\"color: #555;\"><b>D\u00f2ng s\u1ea3n ph\u1ea9m:<\/b> Qu\u1ea7n \u00e1o b\u1ea3o h\u1ed9 lao \u0111\u1ed9ng<\/div>\n<div style=\"color: #555;\"><b>Gi\u1edbi t\u00ednh:<\/b> Unisex<\/div>\n<div style=\"color: #555;\"><b>Th\u00e0nh ph\u1ea7n v\u1ea3i:<\/b> 100% polyester<\/div>\n<div style=\"color: #555;\"><b>Tr\u1ecdng l\u01b0\u1ee3ng v\u1eadt li\u1ec7u \/ m\u1eadt \u0111\u1ed9 v\u1ea3i:<\/b> 280 g\/m2<\/div>\n<div style=\"color: #555;\"><b>Gi\u1eb7t:<\/b> Chu tr\u00ecnh gi\u1eb7t \u0111\u1ed3 m\u1ecfng nh\u1eb9 30 \u00b0C<\/div>\n<div style=\"color: #555;\"><b>M\u00e0u s\u1eafc:<\/b> anthracite \/ \u0111en<\/div>\n<div style=\"color: #555;\"><b>C\u1ee1 Unisex:<\/b> 3XL<\/div>\n<div style=\"color: #555;\"><b>Lo\u1ea1i s\u1ea3n ph\u1ea9m:<\/b> \u00c1o kho\u00e1c d\u1ec7t kim<\/div>\n<div style=\"color: #555;\"><b>M\u00e3 s\u1ea3n ph\u1ea9m:<\/b> 090643 3XL<\/div>\n<div style=\"color: #555;\"><b>EAN \/ GTIN:<\/b> 4062406781538<\/div>\n<div style=\"color: #555;\"><b>M\u00e3 nh\u00e0 s\u1ea3n xu\u1ea5t:<\/b> GARANT 6498-328\/3XL<\/div>\n<div style=\"color: #555;\"><b>Nh\u00e0 s\u1ea3n xu\u1ea5t:<\/b> Hoffmann Supply Chain GmbH &#038; Co. KG, Poststra\u00dfe 15, 90471 N\u00fcrnberg, Germany, <a href=\"http:\/\/www.hoffmann-group.com\">www.hoffmann-group.com<\/a><\/div>\n<p><strong>\ud83d\udcc4 Datasheet:<\/strong> <iframe src=\"https:\/\/cdn.hoffmann-group.com\/dsh\/en-GB\/dsh_en-gb_2569673.pdf\" width=\"100%\" height=\"600px\" style=\"border:1px solid #ccc;\"><\/iframe><\/p>\n","protected":false},"excerpt":{"rendered":"<p>Phi\u00ean b\u1ea3n: \u00c1o kho\u00e1c n\u1ec9 d\u1ec7t kim th\u1ec3 thao v\u1edbi c\u00e1c mi\u1ebfng ch\u00e8n soft-shell m\u00e0u t\u01b0\u01a1ng ph\u1ea3n \u1edf hai b\u00ean [&hellip;]<\/p>\n","protected":false},"featured_media":2023,"comment_status":"open","ping_status":"closed","template":"","meta":{"site-sidebar-layout":"default","site-content-layout":"","ast-site-content-layout":"","site-content-style":"default","site-sidebar-style":"default","ast-global-header-display":"","ast-banner-title-visibility":"","ast-main-header-display":"","ast-hfb-above-header-display":"","ast-hfb-below-header-display":"","ast-hfb-mobile-header-display":"","site-post-title":"","ast-breadcrumbs-content":"","ast-featured-img":"","footer-sml-layout":"","theme-transparent-header-meta":"","adv-header-id-meta":"","stick-header-meta":"","header-above-stick-meta":"","header-main-stick-meta":"","header-below-stick-meta":"","astra-migrate-meta-layouts":"default","ast-page-background-enabled":"default","ast-page-background-meta":{"desktop":{"background-color":"var(--ast-global-color-5)","background-image":"","background-repeat":"repeat","background-position":"center center","background-size":"auto","background-attachment":"scroll","background-type":"","background-media":"","overlay-type":"","overlay-color":"","overlay-opacity":"","overlay-gradient":""},"tablet":{"background-color":"","background-image":"","background-repeat":"repeat","background-position":"center center","background-size":"auto","background-attachment":"scroll","background-type":"","background-media":"","overlay-type":"","overlay-color":"","overlay-opacity":"","overlay-gradient":""},"mobile":{"background-color":"","background-image":"","background-repeat":"repeat","background-position":"center center","background-size":"auto","background-attachment":"scroll","background-type":"","background-media":"","overlay-type":"","overlay-color":"","overlay-opacity":"","overlay-gradient":""}},"ast-content-background-meta":{"desktop":{"background-color":"var(--ast-global-color-4)","background-image":"","background-repeat":"repeat","background-position":"center center","background-size":"auto","background-attachment":"scroll","background-type":"","background-media":"","overlay-type":"","overlay-color":"","overlay-opacity":"","overlay-gradient":""},"tablet":{"background-color":"var(--ast-global-color-4)","background-image":"","background-repeat":"repeat","background-position":"center center","background-size":"auto","background-attachment":"scroll","background-type":"","background-media":"","overlay-type":"","overlay-color":"","overlay-opacity":"","overlay-gradient":""},"mobile":{"background-color":"var(--ast-global-color-4)","background-image":"","background-repeat":"repeat","background-position":"center center","background-size":"auto","background-attachment":"scroll","background-type":"","background-media":"","overlay-type":"","overlay-color":"","overlay-opacity":"","overlay-gradient":""}}},"product_brand":[],"product_cat":[29],"product_tag":[],"class_list":{"0":"post-2022","1":"product","2":"type-product","3":"status-publish","4":"has-post-thumbnail","6":"product_cat-thiet-bi-bao-ho-lao-dong","7":"desktop-align-left","8":"tablet-align-left","9":"mobile-align-left","11":"first","12":"instock","13":"shipping-taxable","14":"purchasable","15":"product-type-simple"},"_links":{"self":[{"href":"https:\/\/garant.vn\/index.php?rest_route=\/wp\/v2\/product\/2022","targetHints":{"allow":["GET"]}}],"collection":[{"href":"https:\/\/garant.vn\/index.php?rest_route=\/wp\/v2\/product"}],"about":[{"href":"https:\/\/garant.vn\/index.php?rest_route=\/wp\/v2\/types\/product"}],"replies":[{"embeddable":true,"href":"https:\/\/garant.vn\/index.php?rest_route=%2Fwp%2Fv2%2Fcomments&post=2022"}],"wp:featuredmedia":[{"embeddable":true,"href":"https:\/\/garant.vn\/index.php?rest_route=\/wp\/v2\/media\/2023"}],"wp:attachment":[{"href":"https:\/\/garant.vn\/index.php?rest_route=%2Fwp%2Fv2%2Fmedia&parent=2022"}],"wp:term":[{"taxonomy":"product_brand","embeddable":true,"href":"https:\/\/garant.vn\/index.php?rest_route=%2Fwp%2Fv2%2Fproduct_brand&post=2022"},{"taxonomy":"product_cat","embeddable":true,"href":"https:\/\/garant.vn\/index.php?rest_route=%2Fwp%2Fv2%2Fproduct_cat&post=2022"},{"taxonomy":"product_tag","embeddable":true,"href":"https:\/\/garant.vn\/index.php?rest_route=%2Fwp%2Fv2%2Fproduct_tag&post=2022"}],"curies":[{"name":"wp","href":"https:\/\/api.w.org\/{rel}","templated":true}]}}