{"id":2032,"date":"2025-04-18T13:49:37","date_gmt":"2025-04-18T13:49:37","guid":{"rendered":"https:\/\/garant.vn\/?product=ao-gilet-hybrid-greenplus-xanh-dam-unisex-co-3xl"},"modified":"2025-04-18T13:49:37","modified_gmt":"2025-04-18T13:49:37","slug":"ao-gilet-hybrid-greenplus-xanh-dam-unisex-co-3xl","status":"publish","type":"product","link":"https:\/\/garant.vn\/?product=ao-gilet-hybrid-greenplus-xanh-dam-unisex-co-3xl","title":{"rendered":"\u00c1o Gilet Hybrid GreenPlus, xanh \u0111\u1eadm, Unisex c\u1ee1: 3XL"},"content":{"rendered":"<div style=\"color: #555;\"><b>Phi\u00ean b\u1ea3n:<\/b> \u00c1o gilet hybrid GARANT GreenPlus nh\u1eb9, ch\u1ed1ng th\u1ea5m n\u01b0\u1edbc v\u00e0 tho\u00e1ng kh\u00ed v\u1edbi t\u1ef7 l\u1ec7 v\u1eadt li\u1ec7u t\u00e1i ch\u1ebf cao. Kh\u00f3a k\u00e9o ph\u00eda tr\u01b0\u1edbc 2 chi\u1ec1u d\u1ec5 ch\u1ea1y v\u1edbi n\u1eafp b\u1ea3o v\u1ec7 gi\u00f3 b\u00ean trong v\u00e0 b\u1ea3o v\u1ec7 c\u1eb1m. S\u1ef1 k\u1ebft h\u1ee3p v\u1eadt li\u1ec7u ch\u1ea5t l\u01b0\u1ee3ng cao bao g\u1ed3m 100% micro-ripstop t\u00e1i ch\u1ebf v\u00e0 l\u1edbp \u0111\u1ec7m l\u00e0m t\u1eeb 100% s\u1ee3i polyester t\u00e1i ch\u1ebf. C\u00e1c mi\u1ebfng ch\u00e8n soft-shell \u1edf hai b\u00ean, c\u1ed5 \u00e1o v\u00e0 vai \u0111\u01b0\u1ee3c l\u00e0m t\u1eeb 96% polyester t\u00e1i ch\u1ebf. 4% elastane \u0111\u1ea3m b\u1ea3o th\u00eam r\u1eb1ng v\u1eadt li\u1ec7u soft-shell c\u00f3 th\u1ec3 co gi\u00e3n. L\u1edbp l\u00f4ng c\u1eebu m\u1ec1m m\u1ea1i \u1edf c\u1ed5 \u00e1o \u0111\u01b0\u1ee3c l\u00e0m t\u1eeb 100% polyester t\u00e1i ch\u1ebf, r\u1ea5t d\u1ec5 ch\u1ecbu khi m\u1eb7c. Kh\u00f3a k\u00e9o YKK\u00ae ch\u1ea5t l\u01b0\u1ee3ng cao. T\u00fai b\u00ean h\u00f4ng v\u00e0 t\u00fai zip b\u00ean trong. Vi\u1ec1n may v\u1edbi \u0111i\u1ec1u ch\u1ec9nh \u0111\u1ed9 r\u1ed9ng b\u1eb1ng d\u00e2y r\u00fat. Ph\u1ea7n l\u01b0ng k\u00e9o d\u00e0i v\u00e0 tr\u00f2n.<\/div>\n<div style=\"padding: 5px; color: #555;\"><b>D\u1eef li\u1ec7u k\u1ef9 thu\u1eadt<\/b><\/div>\n<div style=\"padding-left: 20px; color: #555;\"><b>Series:<\/b> GreenPlus<\/div>\n<div style=\"padding-left: 20px; color: #555;\"><b>Gi\u1edbi t\u00ednh:<\/b> Unisex<\/div>\n<div style=\"padding-left: 20px; color: #555;\"><b>Th\u00e0nh ph\u1ea7n v\u1ea3i:<\/b> 100% polyamid<\/div>\n<div style=\"padding-left: 20px; color: #555;\"><b>Ti\u00eau chu\u1ea9n qu\u1ea7n \u00e1o:<\/b> Oeko-Tex Standard 100<\/div>\n<div style=\"padding-left: 20px; color: #555;\"><b>Gi\u1eb7t:<\/b> 30 \u00b0C \u0111\u1ed3 m\u00e0u<\/div>\n<div style=\"padding-left: 20px; color: #555;\"><b>M\u00e0u s\u1eafc:<\/b> xanh \u0111\u1eadm<\/div>\n<div style=\"padding-left: 20px; color: #555;\"><b>C\u1ee1 Unisex:<\/b> 3XL<\/div>\n<div style=\"padding-left: 20px; color: #555;\"><b>Lo\u1ea1i s\u1ea3n ph\u1ea9m:<\/b> \u00c1o gilet<\/div>\n<div style=\"padding-left: 20px; color: #555;\"><b>M\u00e3 s\u1ea3n ph\u1ea9m:<\/b> 090648 3XL<\/div>\n<div style=\"padding-left: 20px; color: #555;\"><b>EAN \/ GTIN:<\/b> 4067263112198<\/div>\n<div style=\"padding-left: 20px; color: #555;\"><b>M\u00e3 nh\u00e0 s\u1ea3n xu\u1ea5t:<\/b> 090648 3XL<\/div>\n<div style=\"padding-left: 20px; color: #555;\"><b>Nh\u00e0 s\u1ea3n xu\u1ea5t:<\/b> Hoffmann Supply Chain GmbH &#038; Co. KG, Poststra\u00dfe 15, 90471 N\u00fcrnberg, Germany, www.hoffmann-group.com<\/div>\n<p><strong>\ud83d\udcc4 Datasheet:<\/strong> <iframe src=\"https:\/\/cdn.hoffmann-group.com\/dsh\/en-GB\/dsh_en-gb_3291380.pdf\" width=\"100%\" height=\"600px\" style=\"border:1px solid #ccc;\"><\/iframe><\/p>\n","protected":false},"excerpt":{"rendered":"<p>Phi\u00ean b\u1ea3n: \u00c1o gilet hybrid GARANT GreenPlus nh\u1eb9, ch\u1ed1ng th\u1ea5m n\u01b0\u1edbc v\u00e0 tho\u00e1ng kh\u00ed v\u1edbi t\u1ef7 l\u1ec7 v\u1eadt li\u1ec7u t\u00e1i [&hellip;]<\/p>\n","protected":false},"featured_media":2033,"comment_status":"open","ping_status":"closed","template":"","meta":{"site-sidebar-layout":"default","site-content-layout":"","ast-site-content-layout":"","site-content-style":"default","site-sidebar-style":"default","ast-global-header-display":"","ast-banner-title-visibility":"","ast-main-header-display":"","ast-hfb-above-header-display":"","ast-hfb-below-header-display":"","ast-hfb-mobile-header-display":"","site-post-title":"","ast-breadcrumbs-content":"","ast-featured-img":"","footer-sml-layout":"","theme-transparent-header-meta":"","adv-header-id-meta":"","stick-header-meta":"","header-above-stick-meta":"","header-main-stick-meta":"","header-below-stick-meta":"","astra-migrate-meta-layouts":"default","ast-page-background-enabled":"default","ast-page-background-meta":{"desktop":{"background-color":"var(--ast-global-color-5)","background-image":"","background-repeat":"repeat","background-position":"center center","background-size":"auto","background-attachment":"scroll","background-type":"","background-media":"","overlay-type":"","overlay-color":"","overlay-opacity":"","overlay-gradient":""},"tablet":{"background-color":"","background-image":"","background-repeat":"repeat","background-position":"center center","background-size":"auto","background-attachment":"scroll","background-type":"","background-media":"","overlay-type":"","overlay-color":"","overlay-opacity":"","overlay-gradient":""},"mobile":{"background-color":"","background-image":"","background-repeat":"repeat","background-position":"center center","background-size":"auto","background-attachment":"scroll","background-type":"","background-media":"","overlay-type":"","overlay-color":"","overlay-opacity":"","overlay-gradient":""}},"ast-content-background-meta":{"desktop":{"background-color":"var(--ast-global-color-4)","background-image":"","background-repeat":"repeat","background-position":"center center","background-size":"auto","background-attachment":"scroll","background-type":"","background-media":"","overlay-type":"","overlay-color":"","overlay-opacity":"","overlay-gradient":""},"tablet":{"background-color":"var(--ast-global-color-4)","background-image":"","background-repeat":"repeat","background-position":"center center","background-size":"auto","background-attachment":"scroll","background-type":"","background-media":"","overlay-type":"","overlay-color":"","overlay-opacity":"","overlay-gradient":""},"mobile":{"background-color":"var(--ast-global-color-4)","background-image":"","background-repeat":"repeat","background-position":"center center","background-size":"auto","background-attachment":"scroll","background-type":"","background-media":"","overlay-type":"","overlay-color":"","overlay-opacity":"","overlay-gradient":""}}},"product_brand":[],"product_cat":[29],"product_tag":[],"class_list":{"0":"post-2032","1":"product","2":"type-product","3":"status-publish","4":"has-post-thumbnail","6":"product_cat-thiet-bi-bao-ho-lao-dong","7":"desktop-align-left","8":"tablet-align-left","9":"mobile-align-left","11":"first","12":"instock","13":"shipping-taxable","14":"purchasable","15":"product-type-simple"},"_links":{"self":[{"href":"https:\/\/garant.vn\/index.php?rest_route=\/wp\/v2\/product\/2032","targetHints":{"allow":["GET"]}}],"collection":[{"href":"https:\/\/garant.vn\/index.php?rest_route=\/wp\/v2\/product"}],"about":[{"href":"https:\/\/garant.vn\/index.php?rest_route=\/wp\/v2\/types\/product"}],"replies":[{"embeddable":true,"href":"https:\/\/garant.vn\/index.php?rest_route=%2Fwp%2Fv2%2Fcomments&post=2032"}],"wp:featuredmedia":[{"embeddable":true,"href":"https:\/\/garant.vn\/index.php?rest_route=\/wp\/v2\/media\/2033"}],"wp:attachment":[{"href":"https:\/\/garant.vn\/index.php?rest_route=%2Fwp%2Fv2%2Fmedia&parent=2032"}],"wp:term":[{"taxonomy":"product_brand","embeddable":true,"href":"https:\/\/garant.vn\/index.php?rest_route=%2Fwp%2Fv2%2Fproduct_brand&post=2032"},{"taxonomy":"product_cat","embeddable":true,"href":"https:\/\/garant.vn\/index.php?rest_route=%2Fwp%2Fv2%2Fproduct_cat&post=2032"},{"taxonomy":"product_tag","embeddable":true,"href":"https:\/\/garant.vn\/index.php?rest_route=%2Fwp%2Fv2%2Fproduct_tag&post=2032"}],"curies":[{"name":"wp","href":"https:\/\/api.w.org\/{rel}","templated":true}]}}