{"id":2086,"date":"2025-04-18T13:57:39","date_gmt":"2025-04-18T13:57:39","guid":{"rendered":"https:\/\/garant.vn\/?product=quan-au-cong-nghiep-xanh-navy-den-co-de-58"},"modified":"2025-04-18T13:57:39","modified_gmt":"2025-04-18T13:57:39","slug":"quan-au-cong-nghiep-xanh-navy-den-co-de-58","status":"publish","type":"product","link":"https:\/\/garant.vn\/?product=quan-au-cong-nghiep-xanh-navy-den-co-de-58","title":{"rendered":"Qu\u1ea7n \u00c2u C\u00f4ng Nghi\u1ec7p, Xanh Navy \/ \u0110en, C\u1ee1 DE: 58"},"content":{"rendered":"<div style=\"color: #333; font-size: 14px;\"><b>Phi\u00ean b\u1ea3n:<\/b><br \/>B\u1ed9 s\u01b0u t\u1eadp c\u00f4ng nghi\u1ec7p GARANT m\u1edbi v\u1edbi ch\u1ea5t li\u1ec7u v\u1ea3i pha tr\u1ed9n b\u1ec1n b\u1ec9 c\u00f9ng t\u1ef7 l\u1ec7 co gi\u00e3n XLANCE\u00ae gi\u00fap t\u0103ng s\u1ef1 t\u1ef1 do v\u1eadn \u0111\u1ed9ng. Tho\u1ea3i m\u00e1i khi m\u1eb7c nh\u1edd c\u00e1c mi\u1ebfng ch\u00e8n co gi\u00e3n 4 chi\u1ec1u \u1edf nh\u1eefng v\u1ecb tr\u00ed c\u1ea7n \u0111\u1ed9 co gi\u00e3n cao. \u0110\u1eb7c bi\u1ec7t b\u1ec1n b\u1ec9 nh\u1edd s\u1ef1 k\u1ebft h\u1ee3p c\u1ee7a v\u1eadt li\u1ec7u ch\u1ea5t l\u01b0\u1ee3ng cao &#8220;s\u1ea3n xu\u1ea5t t\u1ea1i Ch\u00e2u \u00c2u&#8221; v\u00e0 s\u1eed d\u1ee5ng \u0111\u01b0\u1eddng may ba. Gia c\u1ed1 Cordura\u00ae ch\u1ed1ng m\u00e0i m\u00f2n \u1edf \u0111\u1ea7u g\u1ed1i. Tr\u00e1nh tr\u1ea7y x\u01b0\u1edbc c\u00e1c b\u1ed9 ph\u1eadn do s\u1eed d\u1ee5ng kh\u00f3a k\u00e9o YKK\u00ae \u1ea9n. Th\u00edch h\u1ee3p cho gi\u1eb7t c\u00f4ng nghi\u1ec7p. B\u1ec1n m\u00e0u, gi\u1eef d\u00e1ng. L\u00fd t\u01b0\u1edfng \u0111\u1ec3 s\u1eed d\u1ee5ng t\u1ea1i c\u00e1c tr\u1ea1m l\u00e0m vi\u1ec7c c\u00f4ng nghi\u1ec7p.<\/div>\n<div style=\"margin-top: 10px; color: #333; font-size: 14px;\">Qu\u1ea7n \u00e2u v\u1edbi l\u01b0ng thun co gi\u00e3n gi\u00fap tho\u1ea3i m\u00e1i h\u01a1n khi m\u1eb7c. L\u01b0ng qu\u1ea7n cao h\u01a1n \u1edf ph\u00eda sau, l\u00e0m b\u1eb1ng ch\u1ea5t li\u1ec7u co gi\u00e3n. Hai t\u00fai sau v\u00e0 hai t\u00fai tr\u01b0\u1edbc. Gia c\u1ed1 Cordura\u00ae \u1edf \u0111\u1ea7u g\u1ed1i. T\u00fai \u0111\u1ef1ng b\u00fat v\u00e0 th\u01b0\u1edbc. T\u00fai c\u00f3 kh\u00f3a k\u00e9o v\u00e0 t\u00fai \u0111\u1ef1ng \u0111i\u1ec7n tho\u1ea1i di \u0111\u1ed9ng.<\/div>\n<div style=\"margin-top: 10px; color: #333; font-size: 14px;\"><b>Th\u00f4ng s\u1ed1 k\u1ef9 thu\u1eadt:<\/b><\/p>\n<ul>\n<li><b>D\u00f2ng s\u1ea3n ph\u1ea9m:<\/b> Industry<\/li>\n<li><b>Gi\u1edbi t\u00ednh:<\/b> Nam<\/li>\n<li><b>Th\u00e0nh ph\u1ea7n v\u1ea3i:<\/b> 33% cotton; 3% elastolefin; 64% polyester<\/li>\n<li><b>Tr\u1ecdng l\u01b0\u1ee3ng v\u1eadt li\u1ec7u \/ m\u1eadt \u0111\u1ed9 v\u1ea3i:<\/b> 265 g\/m2<\/li>\n<li><b>Ti\u00eau chu\u1ea9n qu\u1ea7n \u00e1o:<\/b> Oeko-Tex Standard 100<\/li>\n<li><b>Gi\u1eb7t \u1ee7i:<\/b> 60 \u00b0C cho \u0111\u1ed3 m\u00e0u; Th\u00edch h\u1ee3p cho gi\u1eb7t c\u00f4ng nghi\u1ec7p<\/li>\n<li><b>M\u00e0u s\u1eafc:<\/b> xanh navy \/ \u0111en<\/li>\n<li><b>C\u1ee1 qu\u1ea7n \u00e1o DE:<\/b> 58<\/li>\n<li><b>Lo\u1ea1i s\u1ea3n ph\u1ea9m:<\/b> Qu\u1ea7n \u00e2u<\/li>\n<li><b>M\u00e3 s\u1ea3n ph\u1ea9m:<\/b> 091011 58<\/li>\n<li><b>EAN \/ GTIN:<\/b> 4062406942908<\/li>\n<li><b>M\u00e3 nh\u00e0 s\u1ea3n xu\u1ea5t:<\/b> 4131-58<\/li>\n<li><b>Nh\u00e0 s\u1ea3n xu\u1ea5t:<\/b> Hoffmann Supply Chain GmbH &#038; Co. KG, Poststra\u00dfe 15, 90471 N\u00fcrnberg, Germany, www.hoffmann-group.com<\/li>\n<\/ul>\n<\/div>\n<p><strong>\ud83d\udcc4 Datasheet:<\/strong> <iframe src=\"https:\/\/cdn.hoffmann-group.com\/dsh\/en-GB\/dsh_en-gb_2601624.pdf\" width=\"100%\" height=\"600px\" style=\"border:1px solid #ccc;\"><\/iframe><\/p>\n","protected":false},"excerpt":{"rendered":"<p>Phi\u00ean b\u1ea3n:B\u1ed9 s\u01b0u t\u1eadp c\u00f4ng nghi\u1ec7p GARANT m\u1edbi v\u1edbi ch\u1ea5t li\u1ec7u v\u1ea3i pha tr\u1ed9n b\u1ec1n b\u1ec9 c\u00f9ng t\u1ef7 l\u1ec7 co [&hellip;]<\/p>\n","protected":false},"featured_media":2087,"comment_status":"open","ping_status":"closed","template":"","meta":{"site-sidebar-layout":"default","site-content-layout":"","ast-site-content-layout":"","site-content-style":"default","site-sidebar-style":"default","ast-global-header-display":"","ast-banner-title-visibility":"","ast-main-header-display":"","ast-hfb-above-header-display":"","ast-hfb-below-header-display":"","ast-hfb-mobile-header-display":"","site-post-title":"","ast-breadcrumbs-content":"","ast-featured-img":"","footer-sml-layout":"","theme-transparent-header-meta":"","adv-header-id-meta":"","stick-header-meta":"","header-above-stick-meta":"","header-main-stick-meta":"","header-below-stick-meta":"","astra-migrate-meta-layouts":"default","ast-page-background-enabled":"default","ast-page-background-meta":{"desktop":{"background-color":"var(--ast-global-color-5)","background-image":"","background-repeat":"repeat","background-position":"center center","background-size":"auto","background-attachment":"scroll","background-type":"","background-media":"","overlay-type":"","overlay-color":"","overlay-opacity":"","overlay-gradient":""},"tablet":{"background-color":"","background-image":"","background-repeat":"repeat","background-position":"center center","background-size":"auto","background-attachment":"scroll","background-type":"","background-media":"","overlay-type":"","overlay-color":"","overlay-opacity":"","overlay-gradient":""},"mobile":{"background-color":"","background-image":"","background-repeat":"repeat","background-position":"center center","background-size":"auto","background-attachment":"scroll","background-type":"","background-media":"","overlay-type":"","overlay-color":"","overlay-opacity":"","overlay-gradient":""}},"ast-content-background-meta":{"desktop":{"background-color":"var(--ast-global-color-4)","background-image":"","background-repeat":"repeat","background-position":"center center","background-size":"auto","background-attachment":"scroll","background-type":"","background-media":"","overlay-type":"","overlay-color":"","overlay-opacity":"","overlay-gradient":""},"tablet":{"background-color":"var(--ast-global-color-4)","background-image":"","background-repeat":"repeat","background-position":"center center","background-size":"auto","background-attachment":"scroll","background-type":"","background-media":"","overlay-type":"","overlay-color":"","overlay-opacity":"","overlay-gradient":""},"mobile":{"background-color":"var(--ast-global-color-4)","background-image":"","background-repeat":"repeat","background-position":"center center","background-size":"auto","background-attachment":"scroll","background-type":"","background-media":"","overlay-type":"","overlay-color":"","overlay-opacity":"","overlay-gradient":""}}},"product_brand":[],"product_cat":[29],"product_tag":[],"class_list":{"0":"post-2086","1":"product","2":"type-product","3":"status-publish","4":"has-post-thumbnail","6":"product_cat-thiet-bi-bao-ho-lao-dong","7":"desktop-align-left","8":"tablet-align-left","9":"mobile-align-left","11":"first","12":"instock","13":"shipping-taxable","14":"purchasable","15":"product-type-simple"},"_links":{"self":[{"href":"https:\/\/garant.vn\/index.php?rest_route=\/wp\/v2\/product\/2086","targetHints":{"allow":["GET"]}}],"collection":[{"href":"https:\/\/garant.vn\/index.php?rest_route=\/wp\/v2\/product"}],"about":[{"href":"https:\/\/garant.vn\/index.php?rest_route=\/wp\/v2\/types\/product"}],"replies":[{"embeddable":true,"href":"https:\/\/garant.vn\/index.php?rest_route=%2Fwp%2Fv2%2Fcomments&post=2086"}],"wp:featuredmedia":[{"embeddable":true,"href":"https:\/\/garant.vn\/index.php?rest_route=\/wp\/v2\/media\/2087"}],"wp:attachment":[{"href":"https:\/\/garant.vn\/index.php?rest_route=%2Fwp%2Fv2%2Fmedia&parent=2086"}],"wp:term":[{"taxonomy":"product_brand","embeddable":true,"href":"https:\/\/garant.vn\/index.php?rest_route=%2Fwp%2Fv2%2Fproduct_brand&post=2086"},{"taxonomy":"product_cat","embeddable":true,"href":"https:\/\/garant.vn\/index.php?rest_route=%2Fwp%2Fv2%2Fproduct_cat&post=2086"},{"taxonomy":"product_tag","embeddable":true,"href":"https:\/\/garant.vn\/index.php?rest_route=%2Fwp%2Fv2%2Fproduct_tag&post=2086"}],"curies":[{"name":"wp","href":"https:\/\/api.w.org\/{rel}","templated":true}]}}