{"id":2228,"date":"2025-04-18T14:10:00","date_gmt":"2025-04-18T14:10:00","guid":{"rendered":"https:\/\/garant.vn\/?product=quan-short-cong-so-xanh-navy-den-co-de-56"},"modified":"2025-04-18T14:10:00","modified_gmt":"2025-04-18T14:10:00","slug":"quan-short-cong-so-xanh-navy-den-co-de-56","status":"publish","type":"product","link":"https:\/\/garant.vn\/?product=quan-short-cong-so-xanh-navy-den-co-de-56","title":{"rendered":"Qu\u1ea7n Short C\u00f4ng S\u1edf, Xanh Navy \/ \u0110en, C\u1ee1 DE: 56"},"content":{"rendered":"<div style=\"color: #333; font-size: 14px;\">Qu\u1ea7n short c\u00f4ng s\u1edf nh\u1eb9 v\u1edbi l\u01b0ng thun co gi\u00e3n t\u1ea1o c\u1ea3m gi\u00e1c tho\u1ea3i m\u00e1i khi m\u1eb7c. L\u01b0ng qu\u1ea7n sau cao h\u01a1n l\u00e0m b\u1eb1ng ch\u1ea5t li\u1ec7u co gi\u00e3n. Hai t\u00fai sau. T\u00fai \u0111\u1ef1ng b\u00fat v\u00e0 th\u01b0\u1edbc. T\u00fai c\u00f3 kh\u00f3a k\u00e9o v\u00e0 t\u00fai \u0111\u1ef1ng \u0111i\u1ec7n tho\u1ea1i di \u0111\u1ed9ng. B\u1ed9 s\u01b0u t\u1eadp GARANT Service \u0111\u01b0\u1ee3c l\u00e0m b\u1eb1ng v\u1ea3i pha tr\u1ed9n co gi\u00e3n v\u1edbi ch\u1ea5t li\u1ec7u co gi\u00e3n XLANCE\u00ae cho \u0111\u1ed9 linh ho\u1ea1t cao. \u0110\u01b0\u1eddng c\u1eaft hi\u1ec7n \u0111\u1ea1i v\u00e0 thi\u1ebft k\u1ebf th\u1ec3 thao. C\u1ea3m gi\u00e1c m\u1eb7c d\u1ec5 ch\u1ecbu l\u00e2u d\u00e0i nh\u1edd c\u00e1c mi\u1ebfng ch\u00e8n co gi\u00e3n 4 chi\u1ec1u b\u1eb1ng ch\u1ea5t li\u1ec7u COOLMAX\u00ae \u1edf nh\u1eefng n\u01a1i ch\u1ecbu nhi\u1ec1u t\u00e1c \u0111\u1ed9ng k\u00e9o gi\u00e3n v\u00e0 \u0111\u1ed5 m\u1ed3 h\u00f4i. C\u1ea3m gi\u00e1c d\u1ec5 ch\u1ecbu khi m\u1eb7c c\u1ea3 ng\u00e0y d\u00e0i. \u0110\u1eb7c bi\u1ec7t nh\u1eb9 nh\u1edd s\u1ef1 k\u1ebft h\u1ee3p c\u1ee7a c\u00e1c v\u1eadt li\u1ec7u ch\u1ea5t l\u01b0\u1ee3ng cao &#8220;s\u1ea3n xu\u1ea5t t\u1ea1i Ch\u00e2u \u00c2u&#8221;. \u0110\u1ed9 b\u1ec1n cao nh\u1edd kh\u00f3a k\u00e9o YKK\u00ae k\u00edn. B\u1ec1n m\u00e0u, gi\u1eef d\u00e1ng. Th\u00edch h\u1ee3p cho t\u1ea5t c\u1ea3 c\u00e1c \u1ee9ng d\u1ee5ng c\u00f3 y\u00eau c\u1ea7u v\u1eadn \u0111\u1ed9ng cao, v\u00ed d\u1ee5: cho c\u00f4ng vi\u1ec7c b\u1ea3o tr\u00ec.<\/div>\n<div style=\"color: #333; font-size: 14px; margin-top: 10px;\"><b>Th\u00f4ng s\u1ed1 k\u1ef9 thu\u1eadt:<\/b><\/div>\n<div style=\"color: #333; font-size: 14px;\"><b>D\u00f2ng s\u1ea3n ph\u1ea9m:<\/b> Service<\/div>\n<div style=\"color: #333; font-size: 14px;\"><b>Gi\u1edbi t\u00ednh:<\/b> Nam<\/div>\n<div style=\"color: #333; font-size: 14px;\"><b>Th\u00e0nh ph\u1ea7n v\u1ea3i:<\/b> 32% cotton; 4% elastolefin; 64% polyester<\/div>\n<div style=\"color: #333; font-size: 14px;\"><b>Tr\u1ecdng l\u01b0\u1ee3ng v\u1eadt li\u1ec7u \/ M\u1eadt \u0111\u1ed9 v\u1ea3i:<\/b> 220 g\/m2<\/div>\n<div style=\"color: #333; font-size: 14px;\"><b>Ti\u00eau chu\u1ea9n qu\u1ea7n \u00e1o:<\/b> Oeko-Tex Standard 100<\/div>\n<div style=\"color: #333; font-size: 14px;\"><b>Gi\u1eb7t \u1ee7i:<\/b> 60 \u00b0C \u0111\u1ed3 m\u00e0u; Th\u00edch h\u1ee3p cho gi\u1eb7t c\u00f4ng nghi\u1ec7p<\/div>\n<div style=\"color: #333; font-size: 14px;\"><b>M\u00e0u s\u1eafc:<\/b> Xanh navy \/ \u0110en<\/div>\n<div style=\"color: #333; font-size: 14px;\"><b>C\u1ee1 qu\u1ea7n \u00e1o DE:<\/b> 56<\/div>\n<div style=\"color: #333; font-size: 14px;\"><b>Lo\u1ea1i s\u1ea3n ph\u1ea9m:<\/b> Qu\u1ea7n Short<\/div>\n<div style=\"color: #333; font-size: 14px;\"><b>M\u00e3 s\u1ea3n ph\u1ea9m:<\/b> 091053 56<\/div>\n<div style=\"color: #333; font-size: 14px;\"><b>EAN \/ GTIN:<\/b> 4067263516880<\/div>\n<div style=\"color: #333; font-size: 14px;\"><b>M\u00e3 nh\u00e0 s\u1ea3n xu\u1ea5t:<\/b> 4211-56<\/div>\n<div style=\"color: #333; font-size: 14px;\"><b>Nh\u00e0 s\u1ea3n xu\u1ea5t:<\/b> Hoffmann Supply Chain GmbH &#038; Co. KG, Poststra\u00dfe 15, 90471 N\u00fcrnberg, Germany, www.hoffmann-group.com<\/div>\n<p><strong>\ud83d\udcc4 Datasheet:<\/strong> <iframe src=\"https:\/\/cdn.hoffmann-group.com\/dsh\/en-GB\/dsh_en-gb_2940546.pdf\" width=\"100%\" height=\"600px\" style=\"border:1px solid #ccc;\"><\/iframe><\/p>\n","protected":false},"excerpt":{"rendered":"<p>Qu\u1ea7n short c\u00f4ng s\u1edf nh\u1eb9 v\u1edbi l\u01b0ng thun co gi\u00e3n t\u1ea1o c\u1ea3m gi\u00e1c tho\u1ea3i m\u00e1i khi m\u1eb7c. L\u01b0ng qu\u1ea7n sau [&hellip;]<\/p>\n","protected":false},"featured_media":2229,"comment_status":"open","ping_status":"closed","template":"","meta":{"site-sidebar-layout":"default","site-content-layout":"","ast-site-content-layout":"","site-content-style":"default","site-sidebar-style":"default","ast-global-header-display":"","ast-banner-title-visibility":"","ast-main-header-display":"","ast-hfb-above-header-display":"","ast-hfb-below-header-display":"","ast-hfb-mobile-header-display":"","site-post-title":"","ast-breadcrumbs-content":"","ast-featured-img":"","footer-sml-layout":"","theme-transparent-header-meta":"","adv-header-id-meta":"","stick-header-meta":"","header-above-stick-meta":"","header-main-stick-meta":"","header-below-stick-meta":"","astra-migrate-meta-layouts":"default","ast-page-background-enabled":"default","ast-page-background-meta":{"desktop":{"background-color":"var(--ast-global-color-5)","background-image":"","background-repeat":"repeat","background-position":"center center","background-size":"auto","background-attachment":"scroll","background-type":"","background-media":"","overlay-type":"","overlay-color":"","overlay-opacity":"","overlay-gradient":""},"tablet":{"background-color":"","background-image":"","background-repeat":"repeat","background-position":"center center","background-size":"auto","background-attachment":"scroll","background-type":"","background-media":"","overlay-type":"","overlay-color":"","overlay-opacity":"","overlay-gradient":""},"mobile":{"background-color":"","background-image":"","background-repeat":"repeat","background-position":"center center","background-size":"auto","background-attachment":"scroll","background-type":"","background-media":"","overlay-type":"","overlay-color":"","overlay-opacity":"","overlay-gradient":""}},"ast-content-background-meta":{"desktop":{"background-color":"var(--ast-global-color-4)","background-image":"","background-repeat":"repeat","background-position":"center center","background-size":"auto","background-attachment":"scroll","background-type":"","background-media":"","overlay-type":"","overlay-color":"","overlay-opacity":"","overlay-gradient":""},"tablet":{"background-color":"var(--ast-global-color-4)","background-image":"","background-repeat":"repeat","background-position":"center center","background-size":"auto","background-attachment":"scroll","background-type":"","background-media":"","overlay-type":"","overlay-color":"","overlay-opacity":"","overlay-gradient":""},"mobile":{"background-color":"var(--ast-global-color-4)","background-image":"","background-repeat":"repeat","background-position":"center center","background-size":"auto","background-attachment":"scroll","background-type":"","background-media":"","overlay-type":"","overlay-color":"","overlay-opacity":"","overlay-gradient":""}}},"product_brand":[],"product_cat":[29],"product_tag":[],"class_list":{"0":"post-2228","1":"product","2":"type-product","3":"status-publish","4":"has-post-thumbnail","6":"product_cat-thiet-bi-bao-ho-lao-dong","7":"desktop-align-left","8":"tablet-align-left","9":"mobile-align-left","11":"first","12":"instock","13":"shipping-taxable","14":"purchasable","15":"product-type-simple"},"_links":{"self":[{"href":"https:\/\/garant.vn\/index.php?rest_route=\/wp\/v2\/product\/2228","targetHints":{"allow":["GET"]}}],"collection":[{"href":"https:\/\/garant.vn\/index.php?rest_route=\/wp\/v2\/product"}],"about":[{"href":"https:\/\/garant.vn\/index.php?rest_route=\/wp\/v2\/types\/product"}],"replies":[{"embeddable":true,"href":"https:\/\/garant.vn\/index.php?rest_route=%2Fwp%2Fv2%2Fcomments&post=2228"}],"wp:featuredmedia":[{"embeddable":true,"href":"https:\/\/garant.vn\/index.php?rest_route=\/wp\/v2\/media\/2229"}],"wp:attachment":[{"href":"https:\/\/garant.vn\/index.php?rest_route=%2Fwp%2Fv2%2Fmedia&parent=2228"}],"wp:term":[{"taxonomy":"product_brand","embeddable":true,"href":"https:\/\/garant.vn\/index.php?rest_route=%2Fwp%2Fv2%2Fproduct_brand&post=2228"},{"taxonomy":"product_cat","embeddable":true,"href":"https:\/\/garant.vn\/index.php?rest_route=%2Fwp%2Fv2%2Fproduct_cat&post=2228"},{"taxonomy":"product_tag","embeddable":true,"href":"https:\/\/garant.vn\/index.php?rest_route=%2Fwp%2Fv2%2Fproduct_tag&post=2228"}],"curies":[{"name":"wp","href":"https:\/\/api.w.org\/{rel}","templated":true}]}}