{"id":8629,"date":"2025-04-23T11:13:11","date_gmt":"2025-04-23T11:13:11","guid":{"rendered":"https:\/\/garant.vn\/?product=cua-lo-carbide-%e2%8c%80-dc-22mm-2"},"modified":"2025-04-23T11:13:11","modified_gmt":"2025-04-23T11:13:11","slug":"cua-lo-carbide-%e2%8c%80-dc-22mm-2","status":"publish","type":"product","link":"https:\/\/garant.vn\/?product=cua-lo-carbide-%e2%8c%80-dc-22mm-2","title":{"rendered":"C\u01b0a l\u1ed7 Carbide, \u2300 DC: 22mm"},"content":{"rendered":"<div style=\"color: #555;\"><b>Phi\u00ean b\u1ea3n:<\/b> C\u1ef1c k\u1ef3 m\u1ea1nh m\u1ebd v\u00e0 c\u00f3 \u0111\u1ed9 \u0111\u1ed3ng t\u00e2m ho\u00e0n h\u1ea3o nh\u1edd th\u00e2n v\u00e0 \u0111\u1ea7u c\u01b0a li\u1ec1n kh\u1ed1i (\u0111\u00e3 t\u00f4i c\u1ee9ng). L\u01b0\u1ee1i c\u1eaft carbide h\u1eb9p v\u1edbi g\u00f3c c\u1eaft d\u01b0\u01a1ng v\u00e0 g\u00f3c tho\u00e1t l\u1edbn mang l\u1ea1i hi\u1ec7u su\u1ea5t c\u1eaft t\u1ed1t \u1edf \u00e1p su\u1ea5t c\u1eaft th\u1ea5p. M\u0169i khoan t\u00e2m c\u00f3 th\u1ec3 thay th\u1ebf, chu\u00f4i c\u00f3 3 m\u1eb7t k\u1eb9p. Chi\u1ec1u r\u1ed9ng c\u1eaft 2 mm cho t\u1ea5t c\u1ea3 c\u00e1c k\u00edch c\u1ee1. Dung sai \u2300: + 0.10 \/ \u2212 0.05 mm. K\u00edch th\u01b0\u1edbc L: c\u1ee1 \u2264 55 = 35 mm \/ c\u1ee1 60 = 60 mm.<\/div>\n<div style=\"padding: 5px; color: #555;\"><b>\u1ee8ng d\u1ee5ng:<\/b> D\u00f9ng cho m\u00e1y c\u1ed1 \u0111\u1ecbnh. Th\u00edch h\u1ee3p cho nh\u1ef1a gia c\u01b0\u1eddng b\u1eb1ng s\u1ee3i (GRP v\u00e0 CRP). D\u00f9ng cho v\u1eadt li\u1ec7u ph\u1eb3ng d\u00e0y \u0111\u1ebfn 4 mm v\u00e0 \u1ed1ng c\u00f3 \u0111\u1ed9 d\u00e0y th\u00e0nh \u0111\u1ebfn 4 mm.<\/div>\n<div style=\"padding: 5px; color: #555;\"><b>D\u1eef li\u1ec7u k\u1ef9 thu\u1eadt:<\/b><\/div>\n<div style=\"padding-left: 20px; color: #555;\"><b>\u2300 danh ngh\u0129a DC:<\/b> 22 mm<\/div>\n<div style=\"padding-left: 20px; color: #555;\"><b>Phi\u00ean b\u1ea3n:<\/b> Cao<\/div>\n<div style=\"padding-left: 20px; color: #555;\"><b>V\u1eadt li\u1ec7u d\u1ee5ng c\u1ee5:<\/b> Carbide<\/div>\n<div style=\"padding-left: 20px; color: #555;\"><b>Ti\u00eau chu\u1ea9n:<\/b> Ti\u00eau chu\u1ea9n c\u1ee7a nh\u00e0 s\u1ea3n xu\u1ea5t<\/div>\n<div style=\"padding-left: 20px; color: #555;\"><b>Chu\u00f4i:<\/b> Chu\u00f4i ba m\u1eb7t ph\u1eb3ng<\/div>\n<div style=\"padding-left: 20px; color: #555;\"><b>\u2300 chu\u00f4i:<\/b> 6 mm<\/div>\n<div style=\"padding-left: 20px; color: #555;\"><b>Dung sai \u2300:<\/b> \u22120.05 \/ 0.1 mm<\/div>\n<div style=\"padding-left: 20px; color: #555;\"><b>Chi\u1ec1u d\u00e0i L:<\/b> 35 mm<\/div>\n<div style=\"padding-left: 20px; color: #555;\"><b>V\u00f2ng m\u00e0u:<\/b> Kh\u00f4ng c\u00f3<\/div>\n<div style=\"padding-left: 20px; color: #555;\"><b>Lo\u1ea1i s\u1ea3n ph\u1ea9m:<\/b> C\u01b0a l\u1ed7<\/div>\n<div style=\"padding-left: 20px; color: #555;\"><b>M\u00e3 s\u1ea3n ph\u1ea9m:<\/b> 118400 22<\/div>\n<div style=\"padding-left: 20px; color: #555;\"><b>EAN \/ GTIN:<\/b> 4045197036766<\/div>\n<div style=\"padding-left: 20px; color: #555;\"><b>M\u00e3 nh\u00e0 s\u1ea3n xu\u1ea5t:<\/b> 118400 22<\/div>\n<div style=\"padding-left: 20px; color: #555;\"><b>Nh\u00e0 s\u1ea3n xu\u1ea5t:<\/b> Hoffmann Supply Chain GmbH &#038; Co. KG, Poststra\u00dfe 15, 90471 N\u00fcrnberg, Germany, www.hoffmann-group.com<\/div>\n<p><strong>\ud83d\udcc4 Datasheet:<\/strong> <iframe src=\"https:\/\/cdn.hoffmann-group.com\/dsh\/en-GB\/dsh_en-gb_8501.pdf\" width=\"100%\" height=\"600px\" style=\"border:1px solid #ccc;\"><\/iframe><\/p>\n","protected":false},"excerpt":{"rendered":"<p>Phi\u00ean b\u1ea3n: C\u1ef1c k\u1ef3 m\u1ea1nh m\u1ebd v\u00e0 c\u00f3 \u0111\u1ed9 \u0111\u1ed3ng t\u00e2m ho\u00e0n h\u1ea3o nh\u1edd th\u00e2n v\u00e0 \u0111\u1ea7u c\u01b0a li\u1ec1n kh\u1ed1i [&hellip;]<\/p>\n","protected":false},"featured_media":8631,"comment_status":"open","ping_status":"closed","template":"","meta":{"site-sidebar-layout":"default","site-content-layout":"","ast-site-content-layout":"","site-content-style":"default","site-sidebar-style":"default","ast-global-header-display":"","ast-banner-title-visibility":"","ast-main-header-display":"","ast-hfb-above-header-display":"","ast-hfb-below-header-display":"","ast-hfb-mobile-header-display":"","site-post-title":"","ast-breadcrumbs-content":"","ast-featured-img":"","footer-sml-layout":"","theme-transparent-header-meta":"","adv-header-id-meta":"","stick-header-meta":"","header-above-stick-meta":"","header-main-stick-meta":"","header-below-stick-meta":"","astra-migrate-meta-layouts":"default","ast-page-background-enabled":"default","ast-page-background-meta":{"desktop":{"background-color":"var(--ast-global-color-5)","background-image":"","background-repeat":"repeat","background-position":"center center","background-size":"auto","background-attachment":"scroll","background-type":"","background-media":"","overlay-type":"","overlay-color":"","overlay-opacity":"","overlay-gradient":""},"tablet":{"background-color":"","background-image":"","background-repeat":"repeat","background-position":"center center","background-size":"auto","background-attachment":"scroll","background-type":"","background-media":"","overlay-type":"","overlay-color":"","overlay-opacity":"","overlay-gradient":""},"mobile":{"background-color":"","background-image":"","background-repeat":"repeat","background-position":"center center","background-size":"auto","background-attachment":"scroll","background-type":"","background-media":"","overlay-type":"","overlay-color":"","overlay-opacity":"","overlay-gradient":""}},"ast-content-background-meta":{"desktop":{"background-color":"var(--ast-global-color-4)","background-image":"","background-repeat":"repeat","background-position":"center center","background-size":"auto","background-attachment":"scroll","background-type":"","background-media":"","overlay-type":"","overlay-color":"","overlay-opacity":"","overlay-gradient":""},"tablet":{"background-color":"var(--ast-global-color-4)","background-image":"","background-repeat":"repeat","background-position":"center center","background-size":"auto","background-attachment":"scroll","background-type":"","background-media":"","overlay-type":"","overlay-color":"","overlay-opacity":"","overlay-gradient":""},"mobile":{"background-color":"var(--ast-global-color-4)","background-image":"","background-repeat":"repeat","background-position":"center center","background-size":"auto","background-attachment":"scroll","background-type":"","background-media":"","overlay-type":"","overlay-color":"","overlay-opacity":"","overlay-gradient":""}}},"product_brand":[],"product_cat":[20],"product_tag":[],"class_list":{"0":"post-8629","1":"product","2":"type-product","3":"status-publish","4":"has-post-thumbnail","6":"product_cat-dung-cu-gia-cong","7":"desktop-align-left","8":"tablet-align-left","9":"mobile-align-left","11":"first","12":"instock","13":"shipping-taxable","14":"purchasable","15":"product-type-simple"},"_links":{"self":[{"href":"https:\/\/garant.vn\/index.php?rest_route=\/wp\/v2\/product\/8629","targetHints":{"allow":["GET"]}}],"collection":[{"href":"https:\/\/garant.vn\/index.php?rest_route=\/wp\/v2\/product"}],"about":[{"href":"https:\/\/garant.vn\/index.php?rest_route=\/wp\/v2\/types\/product"}],"replies":[{"embeddable":true,"href":"https:\/\/garant.vn\/index.php?rest_route=%2Fwp%2Fv2%2Fcomments&post=8629"}],"wp:featuredmedia":[{"embeddable":true,"href":"https:\/\/garant.vn\/index.php?rest_route=\/wp\/v2\/media\/8631"}],"wp:attachment":[{"href":"https:\/\/garant.vn\/index.php?rest_route=%2Fwp%2Fv2%2Fmedia&parent=8629"}],"wp:term":[{"taxonomy":"product_brand","embeddable":true,"href":"https:\/\/garant.vn\/index.php?rest_route=%2Fwp%2Fv2%2Fproduct_brand&post=8629"},{"taxonomy":"product_cat","embeddable":true,"href":"https:\/\/garant.vn\/index.php?rest_route=%2Fwp%2Fv2%2Fproduct_cat&post=8629"},{"taxonomy":"product_tag","embeddable":true,"href":"https:\/\/garant.vn\/index.php?rest_route=%2Fwp%2Fv2%2Fproduct_tag&post=8629"}],"curies":[{"name":"wp","href":"https:\/\/api.w.org\/{rel}","templated":true}]}}